{"id":6480,"date":"2024-02-16T17:32:58","date_gmt":"2024-02-16T20:32:58","guid":{"rendered":"https:\/\/mixshoppjc.com\/index.php\/product\/produto-3891\/"},"modified":"2024-03-14T09:44:13","modified_gmt":"2024-03-14T12:44:13","slug":"produto-3891","status":"publish","type":"product","link":"https:\/\/mixshoppjc.com\/?product=produto-3891","title":{"rendered":"Smartphone Xiaomi Redmi Note 13 Pro 5G Global 512GB 12GB RAM..."},"content":{"rendered":"<div class=\"product-d-buttons\">\n<div class=\"wrap swiper-pagination-clickable is-bullets\"><span class=\"button is-gray is-square swiper-pagination-bullet is-enabled\"><span class=\"button is-gray is-square swiper-pagination-bullet is-enabled\">Especifica\u00e7\u00f5es<br \/>\n<\/span><\/span><\/p>\n<table id=\"product-attribute-specs-table\" class=\"data table additional-attributes\">\n<tbody>\n<tr>\n<th class=\"label\" scope=\"row\">Marca<\/th>\n<td class=\"data\" data-th=\"Marca\">Xiaomi<\/td>\n<\/tr>\n<tr>\n<th class=\"label\" scope=\"row\">Assist\u00eancia T\u00e9cnica<\/th>\n<td class=\"data\" data-th=\" Assist\u00eancia T\u00e9cnica\">3 Meses de Assist\u00eancia T\u00e9cnica<\/td>\n<\/tr>\n<tr>\n<th class=\"label\" scope=\"row\">Tamanho da tela<\/th>\n<td class=\"data\" data-th=\"Tamanho da tela\">6.67&#8243;<\/td>\n<\/tr>\n<tr>\n<th class=\"label\" scope=\"row\">Bandas 3G<\/th>\n<td class=\"data\" data-th=\"Bandas 3G\">1900, 2100, 850, 900<\/td>\n<\/tr>\n<tr>\n<th class=\"label\" scope=\"row\">Conectividade Sem Fio<\/th>\n<td class=\"data\" data-th=\"Conectividade Sem Fio\">BeiDou, Bluetooth 5.2, GALILEO , GLONASS, GPS, Wi-Fi 802.11 a\/b\/g\/n\/ac<\/td>\n<\/tr>\n<tr>\n<th class=\"label\" scope=\"row\">Bateria<\/th>\n<td class=\"data\" data-th=\"Bateria\">Li-Ion 5000 mAh<\/td>\n<\/tr>\n<tr>\n<th class=\"label\" scope=\"row\">Slot Micro SD<\/th>\n<td class=\"data\" data-th=\"Slot Micro SD\">Hasta 2TB<\/td>\n<\/tr>\n<tr>\n<th class=\"label\" scope=\"row\">Bandas 2G<\/th>\n<td class=\"data\" data-th=\"Bandas 2G\">850 &#8211; 900 &#8211; 1800 &#8211; 1900<\/td>\n<\/tr>\n<tr>\n<th class=\"label\" scope=\"row\">Leitores de acesso<\/th>\n<td class=\"data\" data-th=\"Leitores de acesso\">Impress\u00e3o Digital<\/td>\n<\/tr>\n<tr>\n<th class=\"label\" scope=\"row\">Tecnologia de tela<\/th>\n<td class=\"data\" data-th=\"Tecnologia de tela\">AMOLED<\/td>\n<\/tr>\n<tr>\n<th class=\"label\" scope=\"row\">C\u00e2mera Traseira<\/th>\n<td class=\"data\" data-th=\" C\u00e2mera Traseira\">Triple 200Mp &#8211; 8Mp &#8211; 2Mp<\/td>\n<\/tr>\n<tr>\n<th class=\"label\" scope=\"row\">Sistema Operativo<\/th>\n<td class=\"data\" data-th=\"Sistema Operativo\">Android 13, MIUI 14<\/td>\n<\/tr>\n<tr>\n<th class=\"label\" scope=\"row\">Resolu\u00e7\u00e3o de v\u00eddeo<\/th>\n<td class=\"data\" data-th=\"Resolu\u00e7\u00e3o de v\u00eddeo\">1080p FHD<\/td>\n<\/tr>\n<tr>\n<th class=\"label\" scope=\"row\">Velocidade<\/th>\n<td class=\"data\" data-th=\"Velocidade\">2.2 GHz<\/td>\n<\/tr>\n<tr>\n<th class=\"label\" scope=\"row\">Flash LED<\/th>\n<td class=\"data\" data-th=\"Flash LED\">S\u00ed<\/td>\n<\/tr>\n<tr>\n<th class=\"label\" scope=\"row\">C\u00e2mera frontal<\/th>\n<td class=\"data\" data-th=\"C\u00e2mera frontal\">16Mp<\/td>\n<\/tr>\n<tr>\n<th class=\"label\" scope=\"row\">Bandas 4G Latinas<\/th>\n<td class=\"data\" data-th=\"Bandas 4G Latinas\">B13 (700 Mhz), B17 (700 Mhz), B2 (1900 Mhz), B28 (700 Mhz), B3 (1800 Mhz), B38 (2600 Mhz), B4 (1700-2100 Mhz), B7 (2600 Mhz), B1(2100), B5 (850), B8 (900), B12 (700), B20 (800), B40 (2.300), B41 (2.500)<\/td>\n<\/tr>\n<tr>\n<th class=\"label\" scope=\"row\">Procesador Gr\u00e1fico<\/th>\n<td class=\"data\" data-th=\"Procesador Gr\u00e1fico\">Mali-G57 MC2<\/td>\n<\/tr>\n<tr>\n<th class=\"label\" scope=\"row\">Resist\u00eancia \u00e0 \u00e1gua<\/th>\n<td class=\"data\" data-th=\" Resist\u00eancia \u00e0 \u00e1gua\">IP54 Certificado<\/td>\n<\/tr>\n<tr>\n<th class=\"label\" scope=\"row\">Interfaz<\/th>\n<td class=\"data\" data-th=\"Interfaz\">USB Type-C 2.0, OTG<\/td>\n<\/tr>\n<tr>\n<th class=\"label\" scope=\"row\">Resolu\u00e7\u00e3o<\/th>\n<td class=\"data\" data-th=\"Resolu\u00e7\u00e3o\">1080 x 2400p<\/td>\n<\/tr>\n<tr>\n<th class=\"label\" scope=\"row\">Chipset<\/th>\n<td class=\"data\" data-th=\"Chipset\">Mediatek Helio G99 Ultra<\/td>\n<\/tr>\n<tr>\n<th class=\"label\" scope=\"row\">Intervalo da tela<\/th>\n<td class=\"data\" data-th=\"Intervalo da tela\">Maior ou similar a 5.5<\/td>\n<\/tr>\n<tr>\n<th class=\"label\" scope=\"row\">Processador CPU \/ N\u00facleos<\/th>\n<td class=\"data\" data-th=\" Processador CPU \/ N\u00facleos\">(8) Octa-core<\/td>\n<\/tr>\n<\/tbody>\n<\/table>\n<\/div>\n<\/div>\n","protected":false},"excerpt":{"rendered":"<p>Especifica\u00e7\u00f5es Marca Xiaomi Assist\u00eancia T\u00e9cnica 3 Meses de Assist\u00eancia T\u00e9cnica Tamanho da tela 6.67&#8243; Bandas 3G 1900, 2100, 850, 900 Conectividade Sem Fio BeiDou, Bluetooth 5.2, GALILEO , GLONASS, GPS, Wi-Fi 802.11 a\/b\/g\/n\/ac Bateria Li-Ion 5000 mAh Slot Micro SD Hasta 2TB Bandas 2G 850 &#8211; 900 &#8211; 1800 &#8211; 1900 Leitores de acesso Impress\u00e3o [&hellip;]<\/p>\n","protected":false},"featured_media":6488,"comment_status":"open","ping_status":"closed","template":"","meta":{"om_disable_all_campaigns":false,"_uf_show_specific_survey":0,"_uf_disable_surveys":false},"pwb-brand":[],"product_cat":[39,53],"product_tag":[54,55],"class_list":{"0":"post-6480","1":"product","2":"type-product","3":"status-publish","4":"has-post-thumbnail","6":"product_cat-celulares-tablets","7":"product_cat-xiaomi-celulares-e-telefones","8":"product_tag-smartphone","9":"product_tag-xiaomi","11":"first","12":"instock","13":"taxable","14":"shipping-taxable","15":"purchasable","16":"product-type-simple"},"aioseo_notices":[],"jetpack_sharing_enabled":true,"brands":[],"_links":{"self":[{"href":"https:\/\/mixshoppjc.com\/index.php?rest_route=\/wp\/v2\/product\/6480","targetHints":{"allow":["GET"]}}],"collection":[{"href":"https:\/\/mixshoppjc.com\/index.php?rest_route=\/wp\/v2\/product"}],"about":[{"href":"https:\/\/mixshoppjc.com\/index.php?rest_route=\/wp\/v2\/types\/product"}],"replies":[{"embeddable":true,"href":"https:\/\/mixshoppjc.com\/index.php?rest_route=%2Fwp%2Fv2%2Fcomments&post=6480"}],"wp:featuredmedia":[{"embeddable":true,"href":"https:\/\/mixshoppjc.com\/index.php?rest_route=\/wp\/v2\/media\/6488"}],"wp:attachment":[{"href":"https:\/\/mixshoppjc.com\/index.php?rest_route=%2Fwp%2Fv2%2Fmedia&parent=6480"}],"wp:term":[{"taxonomy":"pwb-brand","embeddable":true,"href":"https:\/\/mixshoppjc.com\/index.php?rest_route=%2Fwp%2Fv2%2Fpwb-brand&post=6480"},{"taxonomy":"product_cat","embeddable":true,"href":"https:\/\/mixshoppjc.com\/index.php?rest_route=%2Fwp%2Fv2%2Fproduct_cat&post=6480"},{"taxonomy":"product_tag","embeddable":true,"href":"https:\/\/mixshoppjc.com\/index.php?rest_route=%2Fwp%2Fv2%2Fproduct_tag&post=6480"}],"curies":[{"name":"wp","href":"https:\/\/api.w.org\/{rel}","templated":true}]}}