{"id":6476,"date":"2024-02-16T17:32:50","date_gmt":"2024-02-16T20:32:50","guid":{"rendered":"https:\/\/mixshoppjc.com\/index.php\/product\/produto-3887\/"},"modified":"2024-02-23T13:33:43","modified_gmt":"2024-02-23T16:33:43","slug":"produto-3887","status":"publish","type":"product","link":"https:\/\/mixshoppjc.com\/?product=produto-3887","title":{"rendered":"Smartwatch Mibro GS Pro XPAW013 &#8211; Preto"},"content":{"rendered":"<h4>Especifica\u00e7\u00f5es<\/h4>\n<div class=\"bor contenedor especificaciones\">\n<div class=\"item d-flex flex-column flex-lg-row\">\n<div class=\"esp d-flex align-items-center bor\">MARCA\u00a0 \u00a0Mibro<\/div>\n<\/div>\n<div class=\"item d-flex flex-column flex-lg-row\">\n<div class=\"esp d-flex align-items-center bor\">MODELO Gs Pro XPAW013<\/div>\n<\/div>\n<div class=\"item d-flex flex-column flex-lg-row\">\n<div class=\"esp d-flex align-items-center bor\">COR Preto<\/div>\n<\/div>\n<div class=\"item d-flex flex-column flex-lg-row\">\n<div class=\"esp d-flex align-items-center bor\">VISOR Touch Screen de 1.43&#8243; AMOLED<\/div>\n<\/div>\n<div class=\"item d-flex flex-column flex-lg-row\">\n<div class=\"esp d-flex align-items-center bor\">COMPATIBILIDADE Smartphones com iOS 10.0 e Android 5.0 ou vers\u00f5es superiores desses sistemas operacionais<\/div>\n<\/div>\n<div class=\"item d-flex flex-column flex-lg-row\">\n<div class=\"esp d-flex align-items-center bor\">FUN\u00c7\u00d5ES Hora e data &#8211; Ped\u00f4metro &#8211; Mede a frequ\u00eancia card\u00edaca atrav\u00e9s do pulso &#8211; Faz contagem das calorias queimadas e da dist\u00e2ncia percorrida &#8211; Monitora a qualidade do sono, a intensidade das atividades &#8211; Alarme &#8211; Temporizador &#8211; Cron\u00f4metro &#8211; Alerta de inatividade &#8211; Previs\u00e3o do tempo<\/div>\n<\/div>\n<div class=\"item d-flex flex-column flex-lg-row\">\n<div class=\"esp d-flex align-items-center bor\">CARACTER\u00cdSTICAS<\/div>\n<div class=\"valor bor\">Monitora at\u00e9 105 modalidades esportivas &#8211; Recebe notifica\u00e7\u00f5es inteligentes de chamadas, mensagens, e mails e de outros aplicativos &#8211; Com o VO2 M\u00e1x \u00e9 poss\u00edvel monitorar e visualizar o n\u00edvel de oxig\u00eanio consumido durante os exerc\u00edcios mais intensos e, assim, determinar a capacidade cardiorrespirat\u00f3ria e de resist\u00eancia do usu\u00e1rio &#8211; Controla a reprodu\u00e7\u00e3o de m\u00fasica do dispositivo m\u00f3vel conectado ao rel\u00f3gio &#8211; Suporta comandos de voz &#8211; Compat\u00edvel com aplicativo Mibro fit<\/div>\n<\/div>\n<div class=\"item d-flex flex-column flex-lg-row\">\n<div class=\"esp d-flex align-items-center bor\">CONECTIVIDADE WIRELESS<\/div>\n<div class=\"valor bor\">Bluetooth 5.3<\/div>\n<\/div>\n<div class=\"item d-flex flex-column flex-lg-row\">\n<div class=\"esp d-flex align-items-center bor\">LOCALIZA\u00c7\u00c3O<\/div>\n<div class=\"valor bor\">GPS &#8211; BDS &#8211; GLONASS &#8211; Galileo &#8211; QZSS<\/div>\n<\/div>\n<div class=\"item d-flex flex-column flex-lg-row\">\n<div class=\"esp d-flex align-items-center bor\">SENSOR<\/div>\n<div class=\"valor bor\">Girosc\u00f3pio &#8211; Alt\u00edmetro &#8211; Bar\u00f4metro &#8211; Sensor de Movimento de 9 eixos &#8211; Sensor de Luz Ambiente &#8211; Sensor Geomagn\u00e9tico<\/div>\n<\/div>\n<div class=\"item d-flex flex-column flex-lg-row\">\n<div class=\"esp d-flex align-items-center bor\">RESISTENTE A \u00c1GUA<\/div>\n<div class=\"valor bor\">5 ATM<\/div>\n<\/div>\n<div class=\"item d-flex flex-column flex-lg-row\">\n<div class=\"esp d-flex align-items-center bor\">MICROFONE<\/div>\n<div class=\"valor bor\">Integrado<\/div>\n<\/div>\n<div class=\"item d-flex flex-column flex-lg-row\">\n<div class=\"esp d-flex align-items-center bor\">ALTO-FALANTE<\/div>\n<div class=\"valor bor\">Integrado<\/div>\n<\/div>\n<div class=\"item d-flex flex-column flex-lg-row\">\n<div class=\"esp d-flex align-items-center bor\">BATERIA<\/div>\n<div class=\"valor bor\">460 mAh<\/div>\n<\/div>\n<div class=\"item d-flex flex-column flex-lg-row\">\n<div class=\"esp d-flex align-items-center bor\">DURA\u00c7\u00c3O DA BATERIA<\/div>\n<div class=\"valor bor\">Aproximadamente 20 dias para uso normal e at\u00e9 60 dias em modo b\u00e1sico<\/div>\n<\/div>\n<div class=\"item d-flex flex-column flex-lg-row\">\n<div class=\"esp d-flex align-items-center bor\">MATERIAL<\/div>\n<div class=\"valor bor\">Caixa: A\u00e7o inoxid\u00e1vel<\/div>\n<\/div>\n<div class=\"item d-flex flex-column flex-lg-row\">\n<div class=\"esp d-flex align-items-center bor\">PULSEIRA<\/div>\n<div class=\"valor bor\">Ajust\u00e1vel at\u00e9 246 mm<\/div>\n<\/div>\n<div class=\"item d-flex flex-column flex-lg-row\">\n<div class=\"esp d-flex align-items-center bor\">PESO BRUTO (g)<\/div>\n<div class=\"valor bor\">184<\/div>\n<\/div>\n<div class=\"item d-flex flex-column flex-lg-row\">\n<div class=\"esp d-flex align-items-center bor\">DIMENS\u00d5ES DA EMBALAGEM (cm)<\/div>\n<div class=\"valor bor\">10.7 x 6 x 10.7<\/div>\n<\/div>\n<div class=\"item d-flex flex-column flex-lg-row\">\n<div class=\"esp d-flex align-items-center bor\">INCLUI<\/div>\n<div class=\"valor bor\">Pulseira &#8211; Cabo USB para recarga &#8211; Manual<\/div>\n<\/div>\n<\/div>\n","protected":false},"excerpt":{"rendered":"<p>Especifica\u00e7\u00f5es MARCA\u00a0 \u00a0Mibro MODELO Gs Pro XPAW013 COR Preto VISOR Touch Screen de 1.43&#8243; AMOLED COMPATIBILIDADE Smartphones com iOS 10.0 e Android 5.0 ou vers\u00f5es superiores desses sistemas operacionais FUN\u00c7\u00d5ES Hora e data &#8211; Ped\u00f4metro &#8211; Mede a frequ\u00eancia card\u00edaca atrav\u00e9s do pulso &#8211; Faz contagem das calorias queimadas e da dist\u00e2ncia percorrida &#8211; Monitora [&hellip;]<\/p>\n","protected":false},"featured_media":6505,"comment_status":"open","ping_status":"closed","template":"","meta":{"om_disable_all_campaigns":false,"_uf_show_specific_survey":0,"_uf_disable_surveys":false},"pwb-brand":[],"product_cat":[47],"product_tag":[],"class_list":{"0":"post-6476","1":"product","2":"type-product","3":"status-publish","4":"has-post-thumbnail","6":"product_cat-relogio","8":"first","9":"instock","10":"taxable","11":"shipping-taxable","12":"purchasable","13":"product-type-simple"},"aioseo_notices":[],"jetpack_sharing_enabled":true,"brands":[],"_links":{"self":[{"href":"https:\/\/mixshoppjc.com\/index.php?rest_route=\/wp\/v2\/product\/6476","targetHints":{"allow":["GET"]}}],"collection":[{"href":"https:\/\/mixshoppjc.com\/index.php?rest_route=\/wp\/v2\/product"}],"about":[{"href":"https:\/\/mixshoppjc.com\/index.php?rest_route=\/wp\/v2\/types\/product"}],"replies":[{"embeddable":true,"href":"https:\/\/mixshoppjc.com\/index.php?rest_route=%2Fwp%2Fv2%2Fcomments&post=6476"}],"wp:featuredmedia":[{"embeddable":true,"href":"https:\/\/mixshoppjc.com\/index.php?rest_route=\/wp\/v2\/media\/6505"}],"wp:attachment":[{"href":"https:\/\/mixshoppjc.com\/index.php?rest_route=%2Fwp%2Fv2%2Fmedia&parent=6476"}],"wp:term":[{"taxonomy":"pwb-brand","embeddable":true,"href":"https:\/\/mixshoppjc.com\/index.php?rest_route=%2Fwp%2Fv2%2Fpwb-brand&post=6476"},{"taxonomy":"product_cat","embeddable":true,"href":"https:\/\/mixshoppjc.com\/index.php?rest_route=%2Fwp%2Fv2%2Fproduct_cat&post=6476"},{"taxonomy":"product_tag","embeddable":true,"href":"https:\/\/mixshoppjc.com\/index.php?rest_route=%2Fwp%2Fv2%2Fproduct_tag&post=6476"}],"curies":[{"name":"wp","href":"https:\/\/api.w.org\/{rel}","templated":true}]}}