{"id":6474,"date":"2024-02-16T17:32:47","date_gmt":"2024-02-16T20:32:47","guid":{"rendered":"https:\/\/mixshoppjc.com\/index.php\/product\/produto-3885\/"},"modified":"2024-02-23T13:34:19","modified_gmt":"2024-02-23T16:34:19","slug":"produto-3885","status":"publish","type":"product","link":"https:\/\/mixshoppjc.com\/?product=produto-3885","title":{"rendered":"Repetidor de Sinal Wi-Fi Xiaomi Mi Range Extender Pro R03 de..."},"content":{"rendered":"<h4>Especifica\u00e7\u00f5es<\/h4>\n<div class=\"bor contenedor especificaciones\">\n<div class=\"item d-flex flex-column flex-lg-row\">\n<div class=\"esp d-flex align-items-center bor\">MARCA Xiaomi<\/div>\n<\/div>\n<div class=\"item d-flex flex-column flex-lg-row\">\n<div class=\"esp d-flex align-items-center bor\">MODELO Mi Wi-Fi Range Extender Pro R03<\/div>\n<\/div>\n<div class=\"item d-flex flex-column flex-lg-row\">\n<div class=\"esp d-flex align-items-center bor\">COR Preto<\/div>\n<\/div>\n<div class=\"item d-flex flex-column flex-lg-row\">\n<div class=\"esp d-flex align-items-center bor\">PADR\u00d5ES E PROTOCOLOS\u00a0 IEEE 802.11 \/b\/g\/n 2.4GHz<\/div>\n<\/div>\n<div class=\"item d-flex flex-column flex-lg-row\">\n<div class=\"esp d-flex align-items-center bor\">VELOCIDADE\u00a0 300 Mbps em 2.4GHz<\/div>\n<\/div>\n<div class=\"item d-flex flex-column flex-lg-row\">\n<div class=\"esp d-flex align-items-center bor\">FUN\u00c7\u00d5ES Amplia a cobertura do sinal Wi-Fi<\/div>\n<\/div>\n<div class=\"item d-flex flex-column flex-lg-row\">\n<div class=\"esp d-flex align-items-center bor\">CARACTER\u00cdSTICAS Possui 2 antenas externas &#8211; Compat\u00edvel com aplicativo Mi Home<\/div>\n<\/div>\n<div class=\"item d-flex flex-column flex-lg-row\">\n<div class=\"esp d-flex align-items-center bor\">SEGURAN\u00c7A WIRELESS Criptografia WPA-PSK\/WPA2-PSK<\/div>\n<\/div>\n<div class=\"item d-flex flex-column flex-lg-row\">\n<div class=\"esp d-flex align-items-center bor\">VOLTAGEM 100 &#8211; 240 V ~ 50\/60 Hz<\/div>\n<\/div>\n<div class=\"item d-flex flex-column flex-lg-row\">\n<div class=\"esp d-flex align-items-center bor\">BOT\u00c3O Reset<\/div>\n<\/div>\n<div class=\"item d-flex flex-column flex-lg-row\">\n<div class=\"esp d-flex align-items-center bor\">LED Integrado, indica o estado de funcionamento<\/div>\n<\/div>\n<div class=\"item d-flex flex-column flex-lg-row\">\n<div class=\"esp d-flex align-items-center bor\">PESO BRUTO (g) 151<\/div>\n<\/div>\n<div class=\"item d-flex flex-column flex-lg-row\">\n<div class=\"esp d-flex align-items-center bor\">DIMENS\u00d5ES DA EMBALAGEM (cm) 9.7 x 7.5 x 8.9<\/div>\n<\/div>\n<div class=\"item d-flex flex-column flex-lg-row\">\n<div class=\"esp d-flex align-items-center bor\">INCLUI Manual<\/div>\n<\/div>\n<\/div>\n","protected":false},"excerpt":{"rendered":"<p>Especifica\u00e7\u00f5es MARCA Xiaomi MODELO Mi Wi-Fi Range Extender Pro R03 COR Preto PADR\u00d5ES E PROTOCOLOS\u00a0 IEEE 802.11 \/b\/g\/n 2.4GHz VELOCIDADE\u00a0 300 Mbps em 2.4GHz FUN\u00c7\u00d5ES Amplia a cobertura do sinal Wi-Fi CARACTER\u00cdSTICAS Possui 2 antenas externas &#8211; Compat\u00edvel com aplicativo Mi Home SEGURAN\u00c7A WIRELESS Criptografia WPA-PSK\/WPA2-PSK VOLTAGEM 100 &#8211; 240 V ~ 50\/60 Hz BOT\u00c3O [&hellip;]<\/p>\n","protected":false},"featured_media":6512,"comment_status":"open","ping_status":"closed","template":"","meta":{"om_disable_all_campaigns":false,"_uf_show_specific_survey":0,"_uf_disable_surveys":false},"pwb-brand":[],"product_cat":[50,44],"product_tag":[],"class_list":{"0":"post-6474","1":"product","2":"type-product","3":"status-publish","4":"has-post-thumbnail","6":"product_cat-adaptadores","7":"product_cat-informatica","9":"first","10":"instock","11":"taxable","12":"shipping-taxable","13":"purchasable","14":"product-type-simple"},"aioseo_notices":[],"jetpack_sharing_enabled":true,"brands":[],"_links":{"self":[{"href":"https:\/\/mixshoppjc.com\/index.php?rest_route=\/wp\/v2\/product\/6474","targetHints":{"allow":["GET"]}}],"collection":[{"href":"https:\/\/mixshoppjc.com\/index.php?rest_route=\/wp\/v2\/product"}],"about":[{"href":"https:\/\/mixshoppjc.com\/index.php?rest_route=\/wp\/v2\/types\/product"}],"replies":[{"embeddable":true,"href":"https:\/\/mixshoppjc.com\/index.php?rest_route=%2Fwp%2Fv2%2Fcomments&post=6474"}],"wp:featuredmedia":[{"embeddable":true,"href":"https:\/\/mixshoppjc.com\/index.php?rest_route=\/wp\/v2\/media\/6512"}],"wp:attachment":[{"href":"https:\/\/mixshoppjc.com\/index.php?rest_route=%2Fwp%2Fv2%2Fmedia&parent=6474"}],"wp:term":[{"taxonomy":"pwb-brand","embeddable":true,"href":"https:\/\/mixshoppjc.com\/index.php?rest_route=%2Fwp%2Fv2%2Fpwb-brand&post=6474"},{"taxonomy":"product_cat","embeddable":true,"href":"https:\/\/mixshoppjc.com\/index.php?rest_route=%2Fwp%2Fv2%2Fproduct_cat&post=6474"},{"taxonomy":"product_tag","embeddable":true,"href":"https:\/\/mixshoppjc.com\/index.php?rest_route=%2Fwp%2Fv2%2Fproduct_tag&post=6474"}],"curies":[{"name":"wp","href":"https:\/\/api.w.org\/{rel}","templated":true}]}}