{"id":6471,"date":"2024-02-16T17:32:42","date_gmt":"2024-02-16T20:32:42","guid":{"rendered":"https:\/\/mixshoppjc.com\/index.php\/product\/produto-3882\/"},"modified":"2024-02-27T15:54:10","modified_gmt":"2024-02-27T18:54:10","slug":"produto-3882","status":"publish","type":"product","link":"https:\/\/mixshoppjc.com\/?product=produto-3882","title":{"rendered":"Walkie-Talkie Motorola T110 22 Canais \/ 25 km &#8211; Preto ..."},"content":{"rendered":"<h4>Especifica\u00e7\u00f5es<\/h4>\n<div class=\"bor contenedor especificaciones\">\n<div class=\"item d-flex flex-column flex-lg-row\"><\/div>\n<div class=\"item d-flex flex-column flex-lg-row\"><\/div>\n<div class=\"item d-flex flex-column flex-lg-row\">\n<div class=\"valor bor\">\n<table id=\"product-attribute-specs-table\" class=\"data table additional-attributes\">\n<tbody>\n<tr>\n<th class=\"label\" scope=\"row\">Marca<\/th>\n<td class=\"data\" data-th=\"Marca\">Motorola<\/td>\n<\/tr>\n<tr>\n<th class=\"label\" scope=\"row\">Assist\u00eancia T\u00e9cnica<\/th>\n<td class=\"data\" data-th=\" Assist\u00eancia T\u00e9cnica\">3 Meses de Assist\u00eancia T\u00e9cnica<\/td>\n<\/tr>\n<tr>\n<th class=\"label\" scope=\"row\">Cor<\/th>\n<td class=\"data\" data-th=\"Cor\">Vermelho \/ Preto<\/td>\n<\/tr>\n<\/tbody>\n<\/table>\n<p>O r\u00e1dio Motorola T-110 possui um design compacto que oferece conectividade m\u00e1xima com 26 canais e alcance de at\u00e9 25 quil\u00f4metros, sendo perfeito para manter contato quando voc\u00ea est\u00e1 em casa ou longe de casa. \u00c9 compat\u00edvel com qualquer r\u00e1dio, permite comunicar com outros r\u00e1dios FRS\/GMRS independentemente da marca se estiver no mesmo canal. Possui alertas de bateria fraca com luz intermitente, para opera\u00e7\u00e3o requer 3 baterias AAA, que n\u00e3o est\u00e3o inclu\u00eddas.<\/p><\/div>\n<\/div>\n<\/div>\n","protected":false},"excerpt":{"rendered":"<p>Especifica\u00e7\u00f5es Marca Motorola Assist\u00eancia T\u00e9cnica 3 Meses de Assist\u00eancia T\u00e9cnica Cor Vermelho \/ Preto O r\u00e1dio Motorola T-110 possui um design compacto que oferece conectividade m\u00e1xima com 26 canais e alcance de at\u00e9 25 quil\u00f4metros, sendo perfeito para manter contato quando voc\u00ea est\u00e1 em casa ou longe de casa. \u00c9 compat\u00edvel com qualquer r\u00e1dio, permite [&hellip;]<\/p>\n","protected":false},"featured_media":6521,"comment_status":"open","ping_status":"closed","template":"","meta":{"om_disable_all_campaigns":false,"_uf_show_specific_survey":0,"_uf_disable_surveys":false},"pwb-brand":[149],"product_cat":[148,39,36,40],"product_tag":[151,150],"class_list":{"0":"post-6471","1":"product","2":"type-product","3":"status-publish","4":"has-post-thumbnail","6":"pwb-brand-motorola","7":"product_cat-walkie-talkie","8":"product_cat-celulares-tablets","9":"product_cat-brinquedos-e-outros","10":"product_cat-eletronicos","11":"product_tag-radio-px","12":"product_tag-walkie-talkie","14":"first","15":"instock","16":"taxable","17":"shipping-taxable","18":"purchasable","19":"product-type-simple"},"aioseo_notices":[],"jetpack_sharing_enabled":true,"brands":[{"id":149,"name":"motorola","slug":"motorola"}],"_links":{"self":[{"href":"https:\/\/mixshoppjc.com\/index.php?rest_route=\/wp\/v2\/product\/6471","targetHints":{"allow":["GET"]}}],"collection":[{"href":"https:\/\/mixshoppjc.com\/index.php?rest_route=\/wp\/v2\/product"}],"about":[{"href":"https:\/\/mixshoppjc.com\/index.php?rest_route=\/wp\/v2\/types\/product"}],"replies":[{"embeddable":true,"href":"https:\/\/mixshoppjc.com\/index.php?rest_route=%2Fwp%2Fv2%2Fcomments&post=6471"}],"wp:featuredmedia":[{"embeddable":true,"href":"https:\/\/mixshoppjc.com\/index.php?rest_route=\/wp\/v2\/media\/6521"}],"wp:attachment":[{"href":"https:\/\/mixshoppjc.com\/index.php?rest_route=%2Fwp%2Fv2%2Fmedia&parent=6471"}],"wp:term":[{"taxonomy":"pwb-brand","embeddable":true,"href":"https:\/\/mixshoppjc.com\/index.php?rest_route=%2Fwp%2Fv2%2Fpwb-brand&post=6471"},{"taxonomy":"product_cat","embeddable":true,"href":"https:\/\/mixshoppjc.com\/index.php?rest_route=%2Fwp%2Fv2%2Fproduct_cat&post=6471"},{"taxonomy":"product_tag","embeddable":true,"href":"https:\/\/mixshoppjc.com\/index.php?rest_route=%2Fwp%2Fv2%2Fproduct_tag&post=6471"}],"curies":[{"name":"wp","href":"https:\/\/api.w.org\/{rel}","templated":true}]}}