{"id":6470,"date":"2024-02-16T17:32:40","date_gmt":"2024-02-16T20:32:40","guid":{"rendered":"https:\/\/mixshoppjc.com\/index.php\/product\/produto-3881\/"},"modified":"2024-02-23T13:35:00","modified_gmt":"2024-02-23T16:35:00","slug":"produto-3881","status":"publish","type":"product","link":"https:\/\/mixshoppjc.com\/?product=produto-3881","title":{"rendered":"Walkie-Talkie Motorola TALKABOUT T470 35 Milhas \/ 56 km Bivo..."},"content":{"rendered":"<h4>Especifica\u00e7\u00f5es<\/h4>\n<div class=\"bor contenedor especificaciones\">\n<div class=\"item d-flex flex-column flex-lg-row\">\n<div class=\"esp d-flex align-items-center bor\">MARCA<\/div>\n<div class=\"valor bor\">Motorola<\/div>\n<\/div>\n<div class=\"item d-flex flex-column flex-lg-row\">\n<div class=\"esp d-flex align-items-center bor\">MODELO<\/div>\n<div class=\"valor bor\">TALKABOUT T470<\/div>\n<\/div>\n<div class=\"item d-flex flex-column flex-lg-row\">\n<div class=\"esp d-flex align-items-center bor\">COR<\/div>\n<div class=\"valor bor\">Preto\/Amarelo<\/div>\n<\/div>\n<div class=\"item d-flex flex-column flex-lg-row\">\n<div class=\"esp d-flex align-items-center bor\">CANAIS<\/div>\n<div class=\"valor bor\">22 canais, com 121 c\u00f3digos de privacidade<\/div>\n<\/div>\n<div class=\"item d-flex flex-column flex-lg-row\">\n<div class=\"esp d-flex align-items-center bor\">DIST\u00c2NCIA DE TRANSMISS\u00c3O<\/div>\n<div class=\"valor bor\">Aproximadamente 56 km em \u00e1reas livres de interfer\u00eancias<\/div>\n<\/div>\n<div class=\"item d-flex flex-column flex-lg-row\">\n<div class=\"esp d-flex align-items-center bor\">COMPATIBILIDADE<\/div>\n<div class=\"valor bor\">R\u00e1dios de duas vias FRS\/GMRS<\/div>\n<\/div>\n<div class=\"item d-flex flex-column flex-lg-row\">\n<div class=\"esp d-flex align-items-center bor\">FUN\u00c7\u00d5ES<\/div>\n<div class=\"valor bor\">Bloqueio de teclas, para evitar o funcionamento acidental &#8211; VOX para uso em modo M\u00e3os Livres, com ou sem acess\u00f3rios<\/div>\n<\/div>\n<div class=\"item d-flex flex-column flex-lg-row\">\n<div class=\"esp d-flex align-items-center bor\">CARACTER\u00cdSTICAS<\/div>\n<div class=\"valor bor\">Conta com receptor de r\u00e1dio NOAA para receber informa\u00e7\u00f5es acerca de tempestades, entre outros alertas meteorol\u00f3gicos &#8211; Com VibraAlert notifica as transmiss\u00f5es recebidas atrav\u00e9s de alertas com vibra\u00e7\u00f5es &#8211; Lanterna LED integrada<\/div>\n<\/div>\n<div class=\"item d-flex flex-column flex-lg-row\">\n<div class=\"esp d-flex align-items-center bor\">RENDIMENTO<\/div>\n<div class=\"valor bor\">Certifica\u00e7\u00e3o IPX4<\/div>\n<\/div>\n<div class=\"item d-flex flex-column flex-lg-row\">\n<div class=\"esp d-flex align-items-center bor\">DISPLAY<\/div>\n<div class=\"valor bor\">LCD retroiluminado por LED<\/div>\n<\/div>\n<div class=\"item d-flex flex-column flex-lg-row\">\n<div class=\"esp d-flex align-items-center bor\">INTERFACE<\/div>\n<div class=\"valor bor\">Micro USB &#8211; Conector Mini Jack 3.5 mm<\/div>\n<\/div>\n<div class=\"item d-flex flex-column flex-lg-row\">\n<div class=\"esp d-flex align-items-center bor\">BATERIA<\/div>\n<div class=\"valor bor\">800 mAh ou 3 pilhas AA<\/div>\n<\/div>\n<div class=\"item d-flex flex-column flex-lg-row\">\n<div class=\"esp d-flex align-items-center bor\">VOLTAGEM<\/div>\n<div class=\"valor bor\">110 &#8211; 220 V ~ 50\/60 Hz<\/div>\n<\/div>\n<div class=\"item d-flex flex-column flex-lg-row\">\n<div class=\"esp d-flex align-items-center bor\">PESO BRUTO (g)<\/div>\n<div class=\"valor bor\">634<\/div>\n<\/div>\n<div class=\"item d-flex flex-column flex-lg-row\">\n<div class=\"esp d-flex align-items-center bor\">DIMENS\u00d5ES DA EMBALAGEM (cm)<\/div>\n<div class=\"valor bor\">16.2 x 7.1 x 24.7<\/div>\n<\/div>\n<div class=\"item d-flex flex-column flex-lg-row\">\n<div class=\"esp d-flex align-items-center bor\">INCLUI<\/div>\n<div class=\"valor bor\">2 r\u00e1dios &#8211; 2 clips de cinto &#8211; 2 baterias &#8211; Carregador com Cabo Y (dois conectores micro USB) &#8211; Manual<\/div>\n<\/div>\n<\/div>\n","protected":false},"excerpt":{"rendered":"<p>Especifica\u00e7\u00f5es MARCA Motorola MODELO TALKABOUT T470 COR Preto\/Amarelo CANAIS 22 canais, com 121 c\u00f3digos de privacidade DIST\u00c2NCIA DE TRANSMISS\u00c3O Aproximadamente 56 km em \u00e1reas livres de interfer\u00eancias COMPATIBILIDADE R\u00e1dios de duas vias FRS\/GMRS FUN\u00c7\u00d5ES Bloqueio de teclas, para evitar o funcionamento acidental &#8211; VOX para uso em modo M\u00e3os Livres, com ou sem acess\u00f3rios CARACTER\u00cdSTICAS [&hellip;]<\/p>\n","protected":false},"featured_media":6524,"comment_status":"open","ping_status":"closed","template":"","meta":{"om_disable_all_campaigns":false,"_uf_show_specific_survey":0,"_uf_disable_surveys":false},"pwb-brand":[],"product_cat":[39,36],"product_tag":[62],"class_list":{"0":"post-6470","1":"product","2":"type-product","3":"status-publish","4":"has-post-thumbnail","6":"product_cat-celulares-tablets","7":"product_cat-brinquedos-e-outros","8":"product_tag-motorola","10":"first","11":"instock","12":"taxable","13":"shipping-taxable","14":"purchasable","15":"product-type-simple"},"aioseo_notices":[],"jetpack_sharing_enabled":true,"brands":[],"_links":{"self":[{"href":"https:\/\/mixshoppjc.com\/index.php?rest_route=\/wp\/v2\/product\/6470","targetHints":{"allow":["GET"]}}],"collection":[{"href":"https:\/\/mixshoppjc.com\/index.php?rest_route=\/wp\/v2\/product"}],"about":[{"href":"https:\/\/mixshoppjc.com\/index.php?rest_route=\/wp\/v2\/types\/product"}],"replies":[{"embeddable":true,"href":"https:\/\/mixshoppjc.com\/index.php?rest_route=%2Fwp%2Fv2%2Fcomments&post=6470"}],"wp:featuredmedia":[{"embeddable":true,"href":"https:\/\/mixshoppjc.com\/index.php?rest_route=\/wp\/v2\/media\/6524"}],"wp:attachment":[{"href":"https:\/\/mixshoppjc.com\/index.php?rest_route=%2Fwp%2Fv2%2Fmedia&parent=6470"}],"wp:term":[{"taxonomy":"pwb-brand","embeddable":true,"href":"https:\/\/mixshoppjc.com\/index.php?rest_route=%2Fwp%2Fv2%2Fpwb-brand&post=6470"},{"taxonomy":"product_cat","embeddable":true,"href":"https:\/\/mixshoppjc.com\/index.php?rest_route=%2Fwp%2Fv2%2Fproduct_cat&post=6470"},{"taxonomy":"product_tag","embeddable":true,"href":"https:\/\/mixshoppjc.com\/index.php?rest_route=%2Fwp%2Fv2%2Fproduct_tag&post=6470"}],"curies":[{"name":"wp","href":"https:\/\/api.w.org\/{rel}","templated":true}]}}