{"id":6469,"date":"2024-02-16T17:32:39","date_gmt":"2024-02-16T20:32:39","guid":{"rendered":"https:\/\/mixshoppjc.com\/index.php\/product\/produto-3880\/"},"modified":"2024-03-08T13:17:28","modified_gmt":"2024-03-08T16:17:28","slug":"produto-3880","status":"publish","type":"product","link":"https:\/\/mixshoppjc.com\/?product=produto-3880","title":{"rendered":"Smartphone Samsung Galaxy S24 Ultra SM-S928B\/DS Dual 512 GB ..."},"content":{"rendered":"<h4>Especifica\u00e7\u00f5es<\/h4>\n<table id=\"product-attribute-specs-table\" class=\"data table additional-attributes\">\n<tbody>\n<tr>\n<th class=\"label\" scope=\"row\">Marca<\/th>\n<td class=\"data\" data-th=\"Marca\">Samsung<\/td>\n<\/tr>\n<tr>\n<th class=\"label\" scope=\"row\">Cor<\/th>\n<td class=\"data\" data-th=\"Cor\">Black Titanium<\/td>\n<\/tr>\n<tr>\n<th class=\"label\" scope=\"row\">Assist\u00eancia T\u00e9cnica<\/th>\n<td class=\"data\" data-th=\" Assist\u00eancia T\u00e9cnica\">1 Ano de Assist\u00eancia T\u00e9cnica<\/td>\n<\/tr>\n<tr>\n<th class=\"label\" scope=\"row\">Memoria RAM<\/th>\n<td class=\"data\" data-th=\"Memoria RAM\">12 GB<\/td>\n<\/tr>\n<tr>\n<th class=\"label\" scope=\"row\">Tipo de SIM<\/th>\n<td class=\"data\" data-th=\"Tipo de SIM\">Nano SIM<\/td>\n<\/tr>\n<tr>\n<th class=\"label\" scope=\"row\">Bandas 3G<\/th>\n<td class=\"data\" data-th=\"Bandas 3G\">1700, 1900, 2100, 850, 900<\/td>\n<\/tr>\n<tr>\n<th class=\"label\" scope=\"row\">Conectividade Sem Fio<\/th>\n<td class=\"data\" data-th=\"Conectividade Sem Fio\">BeiDou, GALILEO , GLONASS, GPS, Bluetooth 5.3, Wi-Fi 802.11 a\/b\/g\/n\/ac\/6e\/7<\/td>\n<\/tr>\n<tr>\n<th class=\"label\" scope=\"row\">Bateria<\/th>\n<td class=\"data\" data-th=\"Bateria\">Li-Ion 5000 mAh<\/td>\n<\/tr>\n<tr>\n<th class=\"label\" scope=\"row\">Slot Micro SD<\/th>\n<td class=\"data\" data-th=\"Slot Micro SD\">N\u00e3o possui<\/td>\n<\/tr>\n<tr>\n<th class=\"label\" scope=\"row\">Bandas 2G<\/th>\n<td class=\"data\" data-th=\"Bandas 2G\">850 &#8211; 900 &#8211; 1800 &#8211; 1900<\/td>\n<\/tr>\n<tr>\n<th class=\"label\" scope=\"row\">Memoria Interna<\/th>\n<td class=\"data\" data-th=\"Memoria Interna\">512 GB<\/td>\n<\/tr>\n<tr>\n<th class=\"label\" scope=\"row\">Leitores de acesso<\/th>\n<td class=\"data\" data-th=\"Leitores de acesso\">Impress\u00e3o Digital<\/td>\n<\/tr>\n<tr>\n<th class=\"label\" scope=\"row\">Tecnologia de tela<\/th>\n<td class=\"data\" data-th=\"Tecnologia de tela\">Dynamic LTPO AMOLED 2X<\/td>\n<\/tr>\n<tr>\n<th class=\"label\" scope=\"row\">C\u00e2mera Traseira<\/th>\n<td class=\"data\" data-th=\" C\u00e2mera Traseira\">Cu\u00e1druple 200Mp + 50Mp + 10Mp + 12Mp<\/td>\n<\/tr>\n<tr>\n<th class=\"label\" scope=\"row\">Sistema Operativo<\/th>\n<td class=\"data\" data-th=\"Sistema Operativo\">Android 14, One UI 6.1<\/td>\n<\/tr>\n<tr>\n<th class=\"label\" scope=\"row\">Resolu\u00e7\u00e3o de v\u00eddeo<\/th>\n<td class=\"data\" data-th=\"Resolu\u00e7\u00e3o de v\u00eddeo\">1080p FHD<\/td>\n<\/tr>\n<tr>\n<th class=\"label\" scope=\"row\">Velocidade<\/th>\n<td class=\"data\" data-th=\"Velocidade\">3.39 GHz<\/td>\n<\/tr>\n<tr>\n<th class=\"label\" scope=\"row\">Prote\u00e7\u00e3o<\/th>\n<td class=\"data\" data-th=\"Prote\u00e7\u00e3o\">Gorilla Glass<\/td>\n<\/tr>\n<tr>\n<th class=\"label\" scope=\"row\">Flash LED<\/th>\n<td class=\"data\" data-th=\"Flash LED\">S\u00ed<\/td>\n<\/tr>\n<tr>\n<th class=\"label\" scope=\"row\">C\u00e2mera frontal<\/th>\n<td class=\"data\" data-th=\"C\u00e2mera frontal\">12Mp<\/td>\n<\/tr>\n<tr>\n<th class=\"label\" scope=\"row\">Bandas 4G Latinas<\/th>\n<td class=\"data\" data-th=\"Bandas 4G Latinas\">B13 (700 Mhz), B17 (700 Mhz), B2 (1900 Mhz), B28 (700 Mhz), B3 (1800 Mhz), B38 (2600 Mhz), B4 (1700-2100 Mhz), B7 (2600 Mhz), B1(2100), B5 (850), B8 (900), B12 (700), B20 (800), B66 (AWS-3), B40 (2.300), B41 (2.500)<\/td>\n<\/tr>\n<tr>\n<th class=\"label\" scope=\"row\">Procesador Gr\u00e1fico<\/th>\n<td class=\"data\" data-th=\"Procesador Gr\u00e1fico\">Adreno 750<\/td>\n<\/tr>\n<tr>\n<th class=\"label\" scope=\"row\">Resist\u00eancia \u00e0 \u00e1gua<\/th>\n<td class=\"data\" data-th=\" Resist\u00eancia \u00e0 \u00e1gua\">IP68 Certificado<\/td>\n<\/tr>\n<tr>\n<th class=\"label\" scope=\"row\">Dual SIM<\/th>\n<td class=\"data\" data-th=\"Dual SIM\">Sim<\/td>\n<\/tr>\n<tr>\n<th class=\"label\" scope=\"row\">Interfaz<\/th>\n<td class=\"data\" data-th=\"Interfaz\">USB Type-C 3.2, OTG<\/td>\n<\/tr>\n<tr>\n<th class=\"label\" scope=\"row\">Resolu\u00e7\u00e3o<\/th>\n<td class=\"data\" data-th=\"Resolu\u00e7\u00e3o\">1440 x 3120p<\/td>\n<\/tr>\n<tr>\n<th class=\"label\" scope=\"row\">Chipset<\/th>\n<td class=\"data\" data-th=\"Chipset\">Qualcomm SM8650-AC Snapdragon 8 Gen 3<\/td>\n<\/tr>\n<tr>\n<th class=\"label\" scope=\"row\">Bandas 5G<\/th>\n<td class=\"data\" data-th=\"Bandas 5G\">n1, n3, n5, n7, n8, n20, n28, n38, n40, n41, n77, n78<\/td>\n<\/tr>\n<tr>\n<th class=\"label\" scope=\"row\">Intervalo da tela<\/th>\n<td class=\"data\" data-th=\"Intervalo da tela\">Maior ou similar a 5.5<\/td>\n<\/tr>\n<tr>\n<th class=\"label\" scope=\"row\">Processador CPU \/ N\u00facleos<\/th>\n<td class=\"data\" data-th=\" Processador CPU \/ N\u00facleos\">(8) Octa-core<\/td>\n<\/tr>\n<\/tbody>\n<\/table>\n","protected":false},"excerpt":{"rendered":"<p>Especifica\u00e7\u00f5es Marca Samsung Cor Black Titanium Assist\u00eancia T\u00e9cnica 1 Ano de Assist\u00eancia T\u00e9cnica Memoria RAM 12 GB Tipo de SIM Nano SIM Bandas 3G 1700, 1900, 2100, 850, 900 Conectividade Sem Fio BeiDou, GALILEO , GLONASS, GPS, Bluetooth 5.3, Wi-Fi 802.11 a\/b\/g\/n\/ac\/6e\/7 Bateria Li-Ion 5000 mAh Slot Micro SD N\u00e3o possui Bandas 2G 850 &#8211; [&hellip;]<\/p>\n","protected":false},"featured_media":6529,"comment_status":"open","ping_status":"closed","template":"","meta":{"om_disable_all_campaigns":false,"_uf_show_specific_survey":0,"_uf_disable_surveys":false},"pwb-brand":[92],"product_cat":[187,39,63],"product_tag":[56],"class_list":{"0":"post-6469","1":"product","2":"type-product","3":"status-publish","4":"has-post-thumbnail","6":"pwb-brand-samsung","7":"product_cat-novidades","8":"product_cat-celulares-tablets","9":"product_cat-samsung","10":"product_tag-samsung","12":"first","13":"instock","14":"featured","15":"taxable","16":"shipping-taxable","17":"purchasable","18":"product-type-simple"},"aioseo_notices":[],"jetpack_sharing_enabled":true,"brands":[{"id":92,"name":"Samsung","slug":"samsung"}],"_links":{"self":[{"href":"https:\/\/mixshoppjc.com\/index.php?rest_route=\/wp\/v2\/product\/6469","targetHints":{"allow":["GET"]}}],"collection":[{"href":"https:\/\/mixshoppjc.com\/index.php?rest_route=\/wp\/v2\/product"}],"about":[{"href":"https:\/\/mixshoppjc.com\/index.php?rest_route=\/wp\/v2\/types\/product"}],"replies":[{"embeddable":true,"href":"https:\/\/mixshoppjc.com\/index.php?rest_route=%2Fwp%2Fv2%2Fcomments&post=6469"}],"wp:featuredmedia":[{"embeddable":true,"href":"https:\/\/mixshoppjc.com\/index.php?rest_route=\/wp\/v2\/media\/6529"}],"wp:attachment":[{"href":"https:\/\/mixshoppjc.com\/index.php?rest_route=%2Fwp%2Fv2%2Fmedia&parent=6469"}],"wp:term":[{"taxonomy":"pwb-brand","embeddable":true,"href":"https:\/\/mixshoppjc.com\/index.php?rest_route=%2Fwp%2Fv2%2Fpwb-brand&post=6469"},{"taxonomy":"product_cat","embeddable":true,"href":"https:\/\/mixshoppjc.com\/index.php?rest_route=%2Fwp%2Fv2%2Fproduct_cat&post=6469"},{"taxonomy":"product_tag","embeddable":true,"href":"https:\/\/mixshoppjc.com\/index.php?rest_route=%2Fwp%2Fv2%2Fproduct_tag&post=6469"}],"curies":[{"name":"wp","href":"https:\/\/api.w.org\/{rel}","templated":true}]}}