{"id":6468,"date":"2024-02-16T17:32:37","date_gmt":"2024-02-16T20:32:37","guid":{"rendered":"https:\/\/mixshoppjc.com\/index.php\/product\/produto-3879\/"},"modified":"2024-02-23T13:35:11","modified_gmt":"2024-02-23T16:35:11","slug":"produto-3879","status":"publish","type":"product","link":"https:\/\/mixshoppjc.com\/?product=produto-3879","title":{"rendered":"Localizador Samsung Galaxy SmartTag2"},"content":{"rendered":"<div id=\"tab-label-additional\" class=\"data item title opened\" tabindex=\"0\" data-role=\"collapsible\" data-collapsible=\"true\">\n<h4>Especifica\u00e7\u00f5es<\/h4>\n<div class=\"samsungbr-app-pdp-2-x-productNameContainer\">\n<h1 class=\"samsungbr-app-pdp-2-x-productTitle\">unidades) 2x Preto\/2x Branco<\/h1>\n<div id=\"share-container\" class=\"samsungbr-app-pdp-2-x-shareContainer\"><\/div>\n<\/div>\n<h4><strong class=\"samsungbr-app-pdp-2-x-productReferenceId\">EI-T5600KWEGBR<\/strong><\/h4>\n<div class=\"samsungbr-app-pdp-2-x-wrapperFlags\"><\/div>\n<ul class=\"samsungbr-app-pdp-2-x-productDescription\">\n<li>\n<h2>Design moderno, compacto e f\u00e1cil para fixar em v\u00e1rios tipos de objetos<\/h2>\n<\/li>\n<li>\n<h3>Localiza\u00e7\u00e3o por aviso sonoro dentro do raio de busca Bluetooth<\/h3>\n<\/li>\n<li>\n<h3>Busca mais facilitada com Realidade aumentada e Visualiza\u00e7\u00e3o de B\u00fassola*<\/h3>\n<\/li>\n<li>\n<h3>Localiza\u00e7\u00e3o fora do alcance atrav\u00e9s da rede SmartThings Find (300 milh\u00f5es de usu\u00e1rios)<\/h3>\n<\/li>\n<li>\n<h3>Modo Perdido, exiba as informa\u00e7\u00f5es de contato, via NFC<\/h3>\n<\/li>\n<li>\n<h3>Permite a busca do smartphone Samsung<\/h3>\n<\/li>\n<li>\n<h3>Comunica\u00e7\u00e3o segura com criptografia de ponta-a-ponta<\/h3>\n<\/li>\n<li>\n<h3>Compartilhe com os membros Samsung da sua familia ou amigos<\/h3>\n<\/li>\n<li>\n<h3>Bateria de longa dura\u00e7\u00e3o (500 dias)<\/h3>\n<\/li>\n<li>\n<h3>Prote\u00e7\u00e3o IP67 contra poeira e imers\u00e3o em at\u00e9 1 metro de profundidade por 30 minutos<\/h3>\n<\/li>\n<\/ul>\n<\/div>\n<div id=\"additional\" class=\"data item content\" data-role=\"content\">\n<div class=\"additional-attributes-wrapper table-wrapper\">\n<table id=\"product-attribute-specs-table\" class=\"data table additional-attributes\">\n<tbody>\n<tr>\n<th class=\"label\" scope=\"row\">Marca<\/th>\n<td class=\"data\" data-th=\"Marca\">Samsung<\/td>\n<\/tr>\n<tr>\n<th class=\"label\" scope=\"row\">Assist\u00eancia T\u00e9cnica<\/th>\n<td class=\"data\" data-th=\" Assist\u00eancia T\u00e9cnica\">3 Meses de Assist\u00eancia T\u00e9cnica<\/td>\n<\/tr>\n<\/tbody>\n<\/table>\n<\/div>\n<\/div>\n","protected":false},"excerpt":{"rendered":"<p>Especifica\u00e7\u00f5es unidades) 2x Preto\/2x Branco EI-T5600KWEGBR Design moderno, compacto e f\u00e1cil para fixar em v\u00e1rios tipos de objetos Localiza\u00e7\u00e3o por aviso sonoro dentro do raio de busca Bluetooth Busca mais facilitada com Realidade aumentada e Visualiza\u00e7\u00e3o de B\u00fassola* Localiza\u00e7\u00e3o fora do alcance atrav\u00e9s da rede SmartThings Find (300 milh\u00f5es de usu\u00e1rios) Modo Perdido, exiba as [&hellip;]<\/p>\n","protected":false},"featured_media":6532,"comment_status":"open","ping_status":"closed","template":"","meta":{"om_disable_all_campaigns":false,"_uf_show_specific_survey":0,"_uf_disable_surveys":false},"pwb-brand":[],"product_cat":[33,50],"product_tag":[56],"class_list":{"0":"post-6468","1":"product","2":"type-product","3":"status-publish","4":"has-post-thumbnail","6":"product_cat-acessorios-e-perifericos","7":"product_cat-adaptadores","8":"product_tag-samsung","10":"first","11":"instock","12":"taxable","13":"shipping-taxable","14":"purchasable","15":"product-type-simple"},"aioseo_notices":[],"jetpack_sharing_enabled":true,"brands":[],"_links":{"self":[{"href":"https:\/\/mixshoppjc.com\/index.php?rest_route=\/wp\/v2\/product\/6468","targetHints":{"allow":["GET"]}}],"collection":[{"href":"https:\/\/mixshoppjc.com\/index.php?rest_route=\/wp\/v2\/product"}],"about":[{"href":"https:\/\/mixshoppjc.com\/index.php?rest_route=\/wp\/v2\/types\/product"}],"replies":[{"embeddable":true,"href":"https:\/\/mixshoppjc.com\/index.php?rest_route=%2Fwp%2Fv2%2Fcomments&post=6468"}],"wp:featuredmedia":[{"embeddable":true,"href":"https:\/\/mixshoppjc.com\/index.php?rest_route=\/wp\/v2\/media\/6532"}],"wp:attachment":[{"href":"https:\/\/mixshoppjc.com\/index.php?rest_route=%2Fwp%2Fv2%2Fmedia&parent=6468"}],"wp:term":[{"taxonomy":"pwb-brand","embeddable":true,"href":"https:\/\/mixshoppjc.com\/index.php?rest_route=%2Fwp%2Fv2%2Fpwb-brand&post=6468"},{"taxonomy":"product_cat","embeddable":true,"href":"https:\/\/mixshoppjc.com\/index.php?rest_route=%2Fwp%2Fv2%2Fproduct_cat&post=6468"},{"taxonomy":"product_tag","embeddable":true,"href":"https:\/\/mixshoppjc.com\/index.php?rest_route=%2Fwp%2Fv2%2Fproduct_tag&post=6468"}],"curies":[{"name":"wp","href":"https:\/\/api.w.org\/{rel}","templated":true}]}}