{"id":6459,"date":"2024-02-16T17:32:23","date_gmt":"2024-02-16T20:32:23","guid":{"rendered":"https:\/\/mixshoppjc.com\/index.php\/product\/produto-3870\/"},"modified":"2024-02-24T13:03:19","modified_gmt":"2024-02-24T16:03:19","slug":"produto-3870","status":"publish","type":"product","link":"https:\/\/mixshoppjc.com\/?product=produto-3870","title":{"rendered":"Barbeador Panasonic ER-389 K 110v"},"content":{"rendered":"<table id=\"product-attribute-specs-table\" class=\"data table additional-attributes\">\n<tbody>\n<tr>\n<th class=\"label\" scope=\"row\">Marca<\/th>\n<td class=\"data\" data-th=\"Marca\">Panasonic<\/td>\n<\/tr>\n<tr>\n<th class=\"label\" scope=\"row\">UPC<\/th>\n<td class=\"data\" data-th=\"UPC\">885170083387<\/td>\n<\/tr>\n<tr>\n<th class=\"label\" scope=\"row\">Part Number<\/th>\n<td class=\"data\" data-th=\"Part Number\">ER389K<\/td>\n<\/tr>\n<tr>\n<th class=\"label\" scope=\"row\">Assist\u00eancia T\u00e9cnica<\/th>\n<td class=\"data\" data-th=\" Assist\u00eancia T\u00e9cnica\">3 Meses de Assist\u00eancia T\u00e9cnica<\/td>\n<\/tr>\n<\/tbody>\n<\/table>\n","protected":false},"excerpt":{"rendered":"<p>Marca Panasonic UPC 885170083387 Part Number ER389K Assist\u00eancia T\u00e9cnica 3 Meses de Assist\u00eancia T\u00e9cnica<\/p>\n","protected":false},"featured_media":6604,"comment_status":"open","ping_status":"closed","template":"","meta":{"om_disable_all_campaigns":false,"_uf_show_specific_survey":0,"_uf_disable_surveys":false},"pwb-brand":[],"product_cat":[35,64],"product_tag":[],"class_list":{"0":"post-6459","1":"product","2":"type-product","3":"status-publish","4":"has-post-thumbnail","6":"product_cat-beleza-e-saude","7":"product_cat-barbeador","9":"first","10":"instock","11":"taxable","12":"shipping-taxable","13":"purchasable","14":"product-type-simple"},"aioseo_notices":[],"jetpack_sharing_enabled":true,"brands":[],"_links":{"self":[{"href":"https:\/\/mixshoppjc.com\/index.php?rest_route=\/wp\/v2\/product\/6459","targetHints":{"allow":["GET"]}}],"collection":[{"href":"https:\/\/mixshoppjc.com\/index.php?rest_route=\/wp\/v2\/product"}],"about":[{"href":"https:\/\/mixshoppjc.com\/index.php?rest_route=\/wp\/v2\/types\/product"}],"replies":[{"embeddable":true,"href":"https:\/\/mixshoppjc.com\/index.php?rest_route=%2Fwp%2Fv2%2Fcomments&post=6459"}],"wp:featuredmedia":[{"embeddable":true,"href":"https:\/\/mixshoppjc.com\/index.php?rest_route=\/wp\/v2\/media\/6604"}],"wp:attachment":[{"href":"https:\/\/mixshoppjc.com\/index.php?rest_route=%2Fwp%2Fv2%2Fmedia&parent=6459"}],"wp:term":[{"taxonomy":"pwb-brand","embeddable":true,"href":"https:\/\/mixshoppjc.com\/index.php?rest_route=%2Fwp%2Fv2%2Fpwb-brand&post=6459"},{"taxonomy":"product_cat","embeddable":true,"href":"https:\/\/mixshoppjc.com\/index.php?rest_route=%2Fwp%2Fv2%2Fproduct_cat&post=6459"},{"taxonomy":"product_tag","embeddable":true,"href":"https:\/\/mixshoppjc.com\/index.php?rest_route=%2Fwp%2Fv2%2Fproduct_tag&post=6459"}],"curies":[{"name":"wp","href":"https:\/\/api.w.org\/{rel}","templated":true}]}}