{"id":6455,"date":"2024-02-16T17:32:17","date_gmt":"2024-02-16T20:32:17","guid":{"rendered":"https:\/\/mixshoppjc.com\/index.php\/product\/produto-3866\/"},"modified":"2024-02-24T13:25:13","modified_gmt":"2024-02-24T16:25:13","slug":"produto-3866","status":"publish","type":"product","link":"https:\/\/mixshoppjc.com\/?product=produto-3866","title":{"rendered":"Smartwatch Xiaomi Smart Band 8 &#8211; Graphite Black"},"content":{"rendered":"<table id=\"product-attribute-specs-table\" class=\"data table additional-attributes\">\n<tbody>\n<tr>\n<th class=\"label\" scope=\"row\">Marca<\/th>\n<td class=\"data\" data-th=\"Marca\">Xiaomi<\/td>\n<\/tr>\n<tr>\n<th class=\"label\" scope=\"row\">EAN-13<\/th>\n<td class=\"data\" data-th=\"EAN-13\">6941812722916<\/td>\n<\/tr>\n<tr>\n<th class=\"label\" scope=\"row\">Assist\u00eancia T\u00e9cnica<\/th>\n<td class=\"data\" data-th=\" Assist\u00eancia T\u00e9cnica\">3 Meses de Assist\u00eancia T\u00e9cnica<\/td>\n<\/tr>\n<tr>\n<th class=\"label\" scope=\"row\">Cor<\/th>\n<td class=\"data\" data-th=\"Cor\">Graphite Black<\/td>\n<\/tr>\n<tr>\n<th class=\"label\" scope=\"row\">Sensores<\/th>\n<td class=\"data\" data-th=\"Sensores\">Monitor de frequ\u00eancia card\u00edaca (HR), Bar\u00f3metro, Girosc\u00f3pio, Acelerometro, Sensor de luz ambiente, Sensor Geomagnetico, Medici\u00f3n SpO2, Sensor de oxigeno sangu\u00edneo<\/td>\n<\/tr>\n<tr>\n<th class=\"label\" scope=\"row\">Conectividade<\/th>\n<td class=\"data\" data-th=\"Conectividade\">Bluetooth 5.1<\/td>\n<\/tr>\n<tr>\n<th class=\"label\" scope=\"row\">Tecnologia de tela<\/th>\n<td class=\"data\" data-th=\"Tecnologia de tela\">AMOLED<\/td>\n<\/tr>\n<tr>\n<th class=\"label\" scope=\"row\">Tama\u00f1o de la Pantalla<\/th>\n<td class=\"data\" data-th=\"Tama\u00f1o de la Pantalla\">1.62\u201d<\/td>\n<\/tr>\n<tr>\n<th class=\"label\" scope=\"row\">Resolu\u00e7\u00e3o<\/th>\n<td class=\"data\" data-th=\"Resolu\u00e7\u00e3o\">192 x 490p<\/td>\n<\/tr>\n<tr>\n<th class=\"label\" scope=\"row\">Resist\u00eancia \u00e0 \u00e1gua<\/th>\n<td class=\"data\" data-th=\" Resist\u00eancia \u00e0 \u00e1gua\">5 ATM ( 50 metros )<\/td>\n<\/tr>\n<tr>\n<th class=\"label\" scope=\"row\">Duracion Bateria<\/th>\n<td class=\"data\" data-th=\"Duracion Bateria\">Hasta 15 Dias<\/td>\n<\/tr>\n<tr>\n<th class=\"label\" scope=\"row\">Material da pulseira<\/th>\n<td class=\"data\" data-th=\"Material da pulseira\">Silicone<\/td>\n<\/tr>\n<tr>\n<th class=\"label\" scope=\"row\">Sistema operativo compatible<\/th>\n<td class=\"data\" data-th=\"Sistema operativo compatible\">Android- iOS<\/td>\n<\/tr>\n<tr>\n<th class=\"label\" scope=\"row\">Tamanho<\/th>\n<td class=\"data\" data-th=\"Tamanho\">Ajust\u00e1vel<\/td>\n<\/tr>\n<tr>\n<th class=\"label\" scope=\"row\">Serie<\/th>\n<td class=\"data\" data-th=\"Serie\">N\/A<\/td>\n<\/tr>\n<\/tbody>\n<\/table>\n","protected":false},"excerpt":{"rendered":"<p>Marca Xiaomi EAN-13 6941812722916 Assist\u00eancia T\u00e9cnica 3 Meses de Assist\u00eancia T\u00e9cnica Cor Graphite Black Sensores Monitor de frequ\u00eancia card\u00edaca (HR), Bar\u00f3metro, Girosc\u00f3pio, Acelerometro, Sensor de luz ambiente, Sensor Geomagnetico, Medici\u00f3n SpO2, Sensor de oxigeno sangu\u00edneo Conectividade Bluetooth 5.1 Tecnologia de tela AMOLED Tama\u00f1o de la Pantalla 1.62\u201d Resolu\u00e7\u00e3o 192 x 490p Resist\u00eancia \u00e0 \u00e1gua 5 [&hellip;]<\/p>\n","protected":false},"featured_media":6618,"comment_status":"open","ping_status":"closed","template":"","meta":{"om_disable_all_campaigns":false,"_uf_show_specific_survey":0,"_uf_disable_surveys":false},"pwb-brand":[],"product_cat":[47,71],"product_tag":[55],"class_list":{"0":"post-6455","1":"product","2":"type-product","3":"status-publish","4":"has-post-thumbnail","6":"product_cat-relogio","7":"product_cat-pulseiras","8":"product_tag-xiaomi","10":"first","11":"instock","12":"taxable","13":"shipping-taxable","14":"purchasable","15":"product-type-simple"},"aioseo_notices":[],"jetpack_sharing_enabled":true,"brands":[],"_links":{"self":[{"href":"https:\/\/mixshoppjc.com\/index.php?rest_route=\/wp\/v2\/product\/6455","targetHints":{"allow":["GET"]}}],"collection":[{"href":"https:\/\/mixshoppjc.com\/index.php?rest_route=\/wp\/v2\/product"}],"about":[{"href":"https:\/\/mixshoppjc.com\/index.php?rest_route=\/wp\/v2\/types\/product"}],"replies":[{"embeddable":true,"href":"https:\/\/mixshoppjc.com\/index.php?rest_route=%2Fwp%2Fv2%2Fcomments&post=6455"}],"wp:featuredmedia":[{"embeddable":true,"href":"https:\/\/mixshoppjc.com\/index.php?rest_route=\/wp\/v2\/media\/6618"}],"wp:attachment":[{"href":"https:\/\/mixshoppjc.com\/index.php?rest_route=%2Fwp%2Fv2%2Fmedia&parent=6455"}],"wp:term":[{"taxonomy":"pwb-brand","embeddable":true,"href":"https:\/\/mixshoppjc.com\/index.php?rest_route=%2Fwp%2Fv2%2Fpwb-brand&post=6455"},{"taxonomy":"product_cat","embeddable":true,"href":"https:\/\/mixshoppjc.com\/index.php?rest_route=%2Fwp%2Fv2%2Fproduct_cat&post=6455"},{"taxonomy":"product_tag","embeddable":true,"href":"https:\/\/mixshoppjc.com\/index.php?rest_route=%2Fwp%2Fv2%2Fproduct_tag&post=6455"}],"curies":[{"name":"wp","href":"https:\/\/api.w.org\/{rel}","templated":true}]}}