{"id":6449,"date":"2024-02-16T17:32:06","date_gmt":"2024-02-16T20:32:06","guid":{"rendered":"https:\/\/mixshoppjc.com\/index.php\/product\/produto-3860\/"},"modified":"2024-02-24T14:01:51","modified_gmt":"2024-02-24T17:01:51","slug":"produto-3860","status":"publish","type":"product","link":"https:\/\/mixshoppjc.com\/?product=produto-3860","title":{"rendered":"Smartwatch Haylou Watch 2 Pro"},"content":{"rendered":"<table id=\"product-attribute-specs-table\" class=\"data table additional-attributes\">\n<tbody>\n<tr>\n<th class=\"label\" scope=\"row\">Marca<\/th>\n<td class=\"data\" data-th=\"Marca\">Haylou<\/td>\n<\/tr>\n<tr>\n<th class=\"label\" scope=\"row\">Assist\u00eancia T\u00e9cnica<\/th>\n<td class=\"data\" data-th=\" Assist\u00eancia T\u00e9cnica\">3 Meses de Assist\u00eancia T\u00e9cnica<\/td>\n<\/tr>\n<tr>\n<th class=\"label\" scope=\"row\">Cor<\/th>\n<td class=\"data\" data-th=\"Cor\">Azul<\/td>\n<\/tr>\n<tr>\n<th class=\"label\" scope=\"row\">Sensores<\/th>\n<td class=\"data\" data-th=\"Sensores\">Monitor de frequ\u00eancia card\u00edaca (HR), Monitoramento do sono, Medici\u00f3n SpO2<\/td>\n<\/tr>\n<tr>\n<th class=\"label\" scope=\"row\">Conectividade<\/th>\n<td class=\"data\" data-th=\"Conectividade\">Bluetooth 5.3<\/td>\n<\/tr>\n<tr>\n<th class=\"label\" scope=\"row\">Tama\u00f1o de la Pantalla<\/th>\n<td class=\"data\" data-th=\"Tama\u00f1o de la Pantalla\">1.85&#8243;<\/td>\n<\/tr>\n<tr>\n<th class=\"label\" scope=\"row\">Tela de toque<\/th>\n<td class=\"data\" data-th=\"Tela de toque \">Sim<\/td>\n<\/tr>\n<tr>\n<th class=\"label\" scope=\"row\">Resolu\u00e7\u00e3o<\/th>\n<td class=\"data\" data-th=\"Resolu\u00e7\u00e3o\">240 x 284p<\/td>\n<\/tr>\n<tr>\n<th class=\"label\" scope=\"row\">Resist\u00eancia \u00e0 \u00e1gua<\/th>\n<td class=\"data\" data-th=\" Resist\u00eancia \u00e0 \u00e1gua\">IP68 Certificado<\/td>\n<\/tr>\n<tr>\n<th class=\"label\" scope=\"row\">Duracion Bateria<\/th>\n<td class=\"data\" data-th=\"Duracion Bateria\">Hasta 10 d\u00edas<\/td>\n<\/tr>\n<tr>\n<th class=\"label\" scope=\"row\">Material da pulseira<\/th>\n<td class=\"data\" data-th=\"Material da pulseira\">Silicone<\/td>\n<\/tr>\n<tr>\n<th class=\"label\" scope=\"row\">Serie<\/th>\n<td class=\"data\" data-th=\"Serie\">N\/A<\/td>\n<\/tr>\n<\/tbody>\n<\/table>\n","protected":false},"excerpt":{"rendered":"<p>Marca Haylou Assist\u00eancia T\u00e9cnica 3 Meses de Assist\u00eancia T\u00e9cnica Cor Azul Sensores Monitor de frequ\u00eancia card\u00edaca (HR), Monitoramento do sono, Medici\u00f3n SpO2 Conectividade Bluetooth 5.3 Tama\u00f1o de la Pantalla 1.85&#8243; Tela de toque Sim Resolu\u00e7\u00e3o 240 x 284p Resist\u00eancia \u00e0 \u00e1gua IP68 Certificado Duracion Bateria Hasta 10 d\u00edas Material da pulseira Silicone Serie N\/A<\/p>\n","protected":false},"featured_media":6652,"comment_status":"open","ping_status":"closed","template":"","meta":{"om_disable_all_campaigns":false,"_uf_show_specific_survey":0,"_uf_disable_surveys":false},"pwb-brand":[],"product_cat":[47,72],"product_tag":[75],"class_list":{"0":"post-6449","1":"product","2":"type-product","3":"status-publish","4":"has-post-thumbnail","6":"product_cat-relogio","7":"product_cat-smartwatch","8":"product_tag-haylou","10":"first","11":"instock","12":"taxable","13":"shipping-taxable","14":"purchasable","15":"product-type-simple"},"aioseo_notices":[],"jetpack_sharing_enabled":true,"brands":[],"_links":{"self":[{"href":"https:\/\/mixshoppjc.com\/index.php?rest_route=\/wp\/v2\/product\/6449","targetHints":{"allow":["GET"]}}],"collection":[{"href":"https:\/\/mixshoppjc.com\/index.php?rest_route=\/wp\/v2\/product"}],"about":[{"href":"https:\/\/mixshoppjc.com\/index.php?rest_route=\/wp\/v2\/types\/product"}],"replies":[{"embeddable":true,"href":"https:\/\/mixshoppjc.com\/index.php?rest_route=%2Fwp%2Fv2%2Fcomments&post=6449"}],"wp:featuredmedia":[{"embeddable":true,"href":"https:\/\/mixshoppjc.com\/index.php?rest_route=\/wp\/v2\/media\/6652"}],"wp:attachment":[{"href":"https:\/\/mixshoppjc.com\/index.php?rest_route=%2Fwp%2Fv2%2Fmedia&parent=6449"}],"wp:term":[{"taxonomy":"pwb-brand","embeddable":true,"href":"https:\/\/mixshoppjc.com\/index.php?rest_route=%2Fwp%2Fv2%2Fpwb-brand&post=6449"},{"taxonomy":"product_cat","embeddable":true,"href":"https:\/\/mixshoppjc.com\/index.php?rest_route=%2Fwp%2Fv2%2Fproduct_cat&post=6449"},{"taxonomy":"product_tag","embeddable":true,"href":"https:\/\/mixshoppjc.com\/index.php?rest_route=%2Fwp%2Fv2%2Fproduct_tag&post=6449"}],"curies":[{"name":"wp","href":"https:\/\/api.w.org\/{rel}","templated":true}]}}