{"id":6435,"date":"2024-02-16T17:31:43","date_gmt":"2024-02-16T20:31:43","guid":{"rendered":"https:\/\/mixshoppjc.com\/index.php\/product\/produto-3846\/"},"modified":"2024-02-24T15:07:29","modified_gmt":"2024-02-24T18:07:29","slug":"produto-3846","status":"publish","type":"product","link":"https:\/\/mixshoppjc.com\/?product=produto-3846","title":{"rendered":"Teclado Satellite AK-931 USB &#8211; Preto"},"content":{"rendered":"<table id=\"product-attribute-specs-table\" class=\"data table additional-attributes\">\n<tbody>\n<tr>\n<th class=\"label\" scope=\"row\">Marca<\/th>\n<td class=\"data\" data-th=\"Marca\">Satellite<\/td>\n<\/tr>\n<tr>\n<th class=\"label\" scope=\"row\">Assist\u00eancia T\u00e9cnica<\/th>\n<td class=\"data\" data-th=\" Assist\u00eancia T\u00e9cnica\">3 Meses de Assist\u00eancia T\u00e9cnica<\/td>\n<\/tr>\n<tr>\n<th class=\"label\" scope=\"row\">Cor<\/th>\n<td class=\"data\" data-th=\"Cor\">Preto<\/td>\n<\/tr>\n<tr>\n<th class=\"label\" scope=\"row\">Retroiluminaci\u00f3n<\/th>\n<td class=\"data\" data-th=\"Retroiluminaci\u00f3n\">N\u00e3o Possui<\/td>\n<\/tr>\n<tr>\n<th class=\"label\" scope=\"row\">Conectividade<\/th>\n<td class=\"data\" data-th=\"Conectividade\">USB<\/td>\n<\/tr>\n<tr>\n<th class=\"label\" scope=\"row\">Sem fio<\/th>\n<td class=\"data\" data-th=\"Sem fio\">N\u00e3o<\/td>\n<\/tr>\n<tr>\n<th class=\"label\" scope=\"row\">Teclado Num\u00e9rico<\/th>\n<td class=\"data\" data-th=\"Teclado Num\u00e9rico\">Sim<\/td>\n<\/tr>\n<\/tbody>\n<\/table>\n","protected":false},"excerpt":{"rendered":"<p>Marca Satellite Assist\u00eancia T\u00e9cnica 3 Meses de Assist\u00eancia T\u00e9cnica Cor Preto Retroiluminaci\u00f3n N\u00e3o Possui Conectividade USB Sem fio N\u00e3o Teclado Num\u00e9rico Sim<\/p>\n","protected":false},"featured_media":6702,"comment_status":"open","ping_status":"closed","template":"","meta":{"om_disable_all_campaigns":false,"_uf_show_specific_survey":0,"_uf_disable_surveys":false},"pwb-brand":[],"product_cat":[44,79,80,81],"product_tag":[83],"class_list":{"0":"post-6435","1":"product","2":"type-product","3":"status-publish","4":"has-post-thumbnail","6":"product_cat-informatica","7":"product_cat-perifericos","8":"product_cat-teclados","9":"product_cat-teclado-com-fio","10":"product_tag-satellite","12":"first","13":"instock","14":"taxable","15":"shipping-taxable","16":"purchasable","17":"product-type-simple"},"aioseo_notices":[],"jetpack_sharing_enabled":true,"brands":[],"_links":{"self":[{"href":"https:\/\/mixshoppjc.com\/index.php?rest_route=\/wp\/v2\/product\/6435","targetHints":{"allow":["GET"]}}],"collection":[{"href":"https:\/\/mixshoppjc.com\/index.php?rest_route=\/wp\/v2\/product"}],"about":[{"href":"https:\/\/mixshoppjc.com\/index.php?rest_route=\/wp\/v2\/types\/product"}],"replies":[{"embeddable":true,"href":"https:\/\/mixshoppjc.com\/index.php?rest_route=%2Fwp%2Fv2%2Fcomments&post=6435"}],"wp:featuredmedia":[{"embeddable":true,"href":"https:\/\/mixshoppjc.com\/index.php?rest_route=\/wp\/v2\/media\/6702"}],"wp:attachment":[{"href":"https:\/\/mixshoppjc.com\/index.php?rest_route=%2Fwp%2Fv2%2Fmedia&parent=6435"}],"wp:term":[{"taxonomy":"pwb-brand","embeddable":true,"href":"https:\/\/mixshoppjc.com\/index.php?rest_route=%2Fwp%2Fv2%2Fpwb-brand&post=6435"},{"taxonomy":"product_cat","embeddable":true,"href":"https:\/\/mixshoppjc.com\/index.php?rest_route=%2Fwp%2Fv2%2Fproduct_cat&post=6435"},{"taxonomy":"product_tag","embeddable":true,"href":"https:\/\/mixshoppjc.com\/index.php?rest_route=%2Fwp%2Fv2%2Fproduct_tag&post=6435"}],"curies":[{"name":"wp","href":"https:\/\/api.w.org\/{rel}","templated":true}]}}