{"id":6430,"date":"2024-02-16T17:31:35","date_gmt":"2024-02-16T20:31:35","guid":{"rendered":"https:\/\/mixshoppjc.com\/index.php\/product\/produto-3841\/"},"modified":"2024-02-24T15:21:47","modified_gmt":"2024-02-24T18:21:47","slug":"produto-3841","status":"publish","type":"product","link":"https:\/\/mixshoppjc.com\/?product=produto-3841","title":{"rendered":"Mouse Sem Fio Quanta QTMS20 &#8211; Preto"},"content":{"rendered":"<table id=\"product-attribute-specs-table\" class=\"data table additional-attributes\">\n<tbody>\n<tr>\n<th class=\"label\" scope=\"row\">Marca<\/th>\n<td class=\"data\" data-th=\"Marca\">Quanta<\/td>\n<\/tr>\n<tr>\n<th class=\"label\" scope=\"row\">Assist\u00eancia T\u00e9cnica<\/th>\n<td class=\"data\" data-th=\" Assist\u00eancia T\u00e9cnica\">3 Meses de Assist\u00eancia T\u00e9cnica<\/td>\n<\/tr>\n<tr>\n<th class=\"label\" scope=\"row\">Cor<\/th>\n<td class=\"data\" data-th=\"Cor\">Preto<\/td>\n<\/tr>\n<tr>\n<th class=\"label\" scope=\"row\">Retroiluminaci\u00f3n<\/th>\n<td class=\"data\" data-th=\"Retroiluminaci\u00f3n\">N\u00e3o Possui<\/td>\n<\/tr>\n<tr>\n<th class=\"label\" scope=\"row\">Conectividade<\/th>\n<td class=\"data\" data-th=\"Conectividade\">USB<\/td>\n<\/tr>\n<tr>\n<th class=\"label\" scope=\"row\">Sem fio<\/th>\n<td class=\"data\" data-th=\"Sem fio\">Sim<\/td>\n<\/tr>\n<tr>\n<th class=\"label\" scope=\"row\">Tipo de Mouse<\/th>\n<td class=\"data\" data-th=\"Tipo de Mouse\">Mouse \u00d3ptico<\/td>\n<\/tr>\n<tr>\n<th class=\"label\" scope=\"row\">Resolu\u00e7\u00e3o<\/th>\n<td class=\"data\" data-th=\"Resolu\u00e7\u00e3o\">1600 DPI<\/td>\n<\/tr>\n<tr>\n<th class=\"label\" scope=\"row\">N\u00famero de bot\u00f5es<\/th>\n<td class=\"data\" data-th=\"N\u00famero de bot\u00f5es\">3<\/td>\n<\/tr>\n<\/tbody>\n<\/table>\n","protected":false},"excerpt":{"rendered":"<p>Marca Quanta Assist\u00eancia T\u00e9cnica 3 Meses de Assist\u00eancia T\u00e9cnica Cor Preto Retroiluminaci\u00f3n N\u00e3o Possui Conectividade USB Sem fio Sim Tipo de Mouse Mouse \u00d3ptico Resolu\u00e7\u00e3o 1600 DPI N\u00famero de bot\u00f5es 3<\/p>\n","protected":false},"featured_media":6709,"comment_status":"open","ping_status":"closed","template":"","meta":{"om_disable_all_campaigns":false,"_uf_show_specific_survey":0,"_uf_disable_surveys":false},"pwb-brand":[],"product_cat":[44,79,84,86],"product_tag":[87],"class_list":{"0":"post-6430","1":"product","2":"type-product","3":"status-publish","4":"has-post-thumbnail","6":"product_cat-informatica","7":"product_cat-perifericos","8":"product_cat-mouses","9":"product_cat-mouse-sem-fio","10":"product_tag-quanta","12":"first","13":"instock","14":"taxable","15":"shipping-taxable","16":"purchasable","17":"product-type-simple"},"aioseo_notices":[],"jetpack_sharing_enabled":true,"brands":[],"_links":{"self":[{"href":"https:\/\/mixshoppjc.com\/index.php?rest_route=\/wp\/v2\/product\/6430","targetHints":{"allow":["GET"]}}],"collection":[{"href":"https:\/\/mixshoppjc.com\/index.php?rest_route=\/wp\/v2\/product"}],"about":[{"href":"https:\/\/mixshoppjc.com\/index.php?rest_route=\/wp\/v2\/types\/product"}],"replies":[{"embeddable":true,"href":"https:\/\/mixshoppjc.com\/index.php?rest_route=%2Fwp%2Fv2%2Fcomments&post=6430"}],"wp:featuredmedia":[{"embeddable":true,"href":"https:\/\/mixshoppjc.com\/index.php?rest_route=\/wp\/v2\/media\/6709"}],"wp:attachment":[{"href":"https:\/\/mixshoppjc.com\/index.php?rest_route=%2Fwp%2Fv2%2Fmedia&parent=6430"}],"wp:term":[{"taxonomy":"pwb-brand","embeddable":true,"href":"https:\/\/mixshoppjc.com\/index.php?rest_route=%2Fwp%2Fv2%2Fpwb-brand&post=6430"},{"taxonomy":"product_cat","embeddable":true,"href":"https:\/\/mixshoppjc.com\/index.php?rest_route=%2Fwp%2Fv2%2Fproduct_cat&post=6430"},{"taxonomy":"product_tag","embeddable":true,"href":"https:\/\/mixshoppjc.com\/index.php?rest_route=%2Fwp%2Fv2%2Fproduct_tag&post=6430"}],"curies":[{"name":"wp","href":"https:\/\/api.w.org\/{rel}","templated":true}]}}