{"id":6429,"date":"2024-02-16T17:31:34","date_gmt":"2024-02-16T20:31:34","guid":{"rendered":"https:\/\/mixshoppjc.com\/index.php\/product\/produto-3840\/"},"modified":"2024-02-24T16:08:21","modified_gmt":"2024-02-24T19:08:21","slug":"produto-3840","status":"publish","type":"product","link":"https:\/\/mixshoppjc.com\/?product=produto-3840","title":{"rendered":"Projetor Xiaomi Wanbo X1 Same 350 Lumens HD &#8211; Branco"},"content":{"rendered":"<table id=\"product-attribute-specs-table\" class=\"data table additional-attributes\">\n<tbody>\n<tr>\n<th class=\"label\" scope=\"row\">Marca<\/th>\n<td class=\"data\" data-th=\"Marca\">Xiaomi<\/td>\n<\/tr>\n<tr>\n<th class=\"label\" scope=\"row\">Assist\u00eancia T\u00e9cnica<\/th>\n<td class=\"data\" data-th=\" Assist\u00eancia T\u00e9cnica\">3 Meses de Assist\u00eancia T\u00e9cnica<\/td>\n<\/tr>\n<tr>\n<th class=\"label\" scope=\"row\">Cor<\/th>\n<td class=\"data\" data-th=\"Cor\">Branco<\/td>\n<\/tr>\n<\/tbody>\n<\/table>\n<p>O projetor Xiaomi Wanbo X1 Same possui um design compacto e elegante, projeta uma imagem com qualidade HD nativa 1280&#215;720 pixels e brilho de 300 ANSI lumens, com um poderoso sistema de gerenciamento de cores, a reprodu\u00e7\u00e3o da imagem \u00e9 impec\u00e1vel com cores excepcionais e detalhes imensos. A qualidade de som de alta qualidade vem do som detalhado e natural da grande cavidade, da sensa\u00e7\u00e3o confort\u00e1vel de estar cheio de som e da sensa\u00e7\u00e3o de imers\u00e3o com o alto-falante de 3W. Al\u00e9m disso, a fonte de luz LED pode manter uma vida \u00fatil de mais de 20.000 horas. Al\u00e9m disso, possui conectividade Wi-Fi para conex\u00e3o sem fio e acesso aos aplicativos mais populares.<\/p>\n","protected":false},"excerpt":{"rendered":"<p>Marca Xiaomi Assist\u00eancia T\u00e9cnica 3 Meses de Assist\u00eancia T\u00e9cnica Cor Branco O projetor Xiaomi Wanbo X1 Same possui um design compacto e elegante, projeta uma imagem com qualidade HD nativa 1280&#215;720 pixels e brilho de 300 ANSI lumens, com um poderoso sistema de gerenciamento de cores, a reprodu\u00e7\u00e3o da imagem \u00e9 impec\u00e1vel com cores excepcionais [&hellip;]<\/p>\n","protected":false},"featured_media":6712,"comment_status":"open","ping_status":"closed","template":"","meta":{"om_disable_all_campaigns":false,"_uf_show_specific_survey":0,"_uf_disable_surveys":false},"pwb-brand":[],"product_cat":[48,88],"product_tag":[89],"class_list":{"0":"post-6429","1":"product","2":"type-product","3":"status-publish","4":"has-post-thumbnail","6":"product_cat-seguranca-tv-e-video","7":"product_cat-projetor","8":"product_tag-wanbo","10":"first","11":"instock","12":"taxable","13":"shipping-taxable","14":"purchasable","15":"product-type-simple"},"aioseo_notices":[],"jetpack_sharing_enabled":true,"brands":[],"_links":{"self":[{"href":"https:\/\/mixshoppjc.com\/index.php?rest_route=\/wp\/v2\/product\/6429","targetHints":{"allow":["GET"]}}],"collection":[{"href":"https:\/\/mixshoppjc.com\/index.php?rest_route=\/wp\/v2\/product"}],"about":[{"href":"https:\/\/mixshoppjc.com\/index.php?rest_route=\/wp\/v2\/types\/product"}],"replies":[{"embeddable":true,"href":"https:\/\/mixshoppjc.com\/index.php?rest_route=%2Fwp%2Fv2%2Fcomments&post=6429"}],"wp:featuredmedia":[{"embeddable":true,"href":"https:\/\/mixshoppjc.com\/index.php?rest_route=\/wp\/v2\/media\/6712"}],"wp:attachment":[{"href":"https:\/\/mixshoppjc.com\/index.php?rest_route=%2Fwp%2Fv2%2Fmedia&parent=6429"}],"wp:term":[{"taxonomy":"pwb-brand","embeddable":true,"href":"https:\/\/mixshoppjc.com\/index.php?rest_route=%2Fwp%2Fv2%2Fpwb-brand&post=6429"},{"taxonomy":"product_cat","embeddable":true,"href":"https:\/\/mixshoppjc.com\/index.php?rest_route=%2Fwp%2Fv2%2Fproduct_cat&post=6429"},{"taxonomy":"product_tag","embeddable":true,"href":"https:\/\/mixshoppjc.com\/index.php?rest_route=%2Fwp%2Fv2%2Fproduct_tag&post=6429"}],"curies":[{"name":"wp","href":"https:\/\/api.w.org\/{rel}","templated":true}]}}