{"id":6428,"date":"2024-02-16T17:31:32","date_gmt":"2024-02-16T20:31:32","guid":{"rendered":"https:\/\/mixshoppjc.com\/index.php\/product\/produto-3839\/"},"modified":"2024-02-24T16:12:22","modified_gmt":"2024-02-24T19:12:22","slug":"produto-3839","status":"publish","type":"product","link":"https:\/\/mixshoppjc.com\/?product=produto-3839","title":{"rendered":"Fone De Ouvido JBL TUNE 500"},"content":{"rendered":"<table id=\"product-attribute-specs-table\" class=\"data table additional-attributes\">\n<tbody>\n<tr>\n<th class=\"label\" scope=\"row\">Marca<\/th>\n<td class=\"data\" data-th=\"Marca\">JBL<\/td>\n<\/tr>\n<tr>\n<th class=\"label\" scope=\"row\">Tipo<\/th>\n<td class=\"data\" data-th=\"Tipo\">On-ear (sobre a orelha)<\/td>\n<\/tr>\n<tr>\n<th class=\"label\" scope=\"row\">Assist\u00eancia T\u00e9cnica<\/th>\n<td class=\"data\" data-th=\" Assist\u00eancia T\u00e9cnica\">3 Meses de Assist\u00eancia T\u00e9cnica<\/td>\n<\/tr>\n<\/tbody>\n<\/table>\n<p>O JBL TunE 500 \u00e9 um fone de ouvido de cabo dur\u00e1vel de 32 mm e proporciona uma experi\u00eancia livre de complica\u00e7\u00f5es. Eles oferecem um design dobr\u00e1vel para facilitar o transporte quando n\u00e3o est\u00e3o em uso. Controle facilmente sua m\u00fasica, fa\u00e7a chamadas telef\u00f4nicas e acesse seu assistente digital com o toque de um bot\u00e3o. O Tune 500 oferece o som Pure Bass da JBL, que ajuda a fornecer um baixo forte.<\/p>\n","protected":false},"excerpt":{"rendered":"<p>Marca JBL Tipo On-ear (sobre a orelha) Assist\u00eancia T\u00e9cnica 3 Meses de Assist\u00eancia T\u00e9cnica O JBL TunE 500 \u00e9 um fone de ouvido de cabo dur\u00e1vel de 32 mm e proporciona uma experi\u00eancia livre de complica\u00e7\u00f5es. Eles oferecem um design dobr\u00e1vel para facilitar o transporte quando n\u00e3o est\u00e3o em uso. Controle facilmente sua m\u00fasica, fa\u00e7a [&hellip;]<\/p>\n","protected":false},"featured_media":6718,"comment_status":"open","ping_status":"closed","template":"","meta":{"om_disable_all_campaigns":false,"_uf_show_specific_survey":0,"_uf_disable_surveys":false},"pwb-brand":[],"product_cat":[33,65,67],"product_tag":[90],"class_list":{"0":"post-6428","1":"product","2":"type-product","3":"status-publish","4":"has-post-thumbnail","6":"product_cat-acessorios-e-perifericos","7":"product_cat-fone-","8":"product_cat-fone-com-fio","9":"product_tag-jbl","11":"first","12":"instock","13":"taxable","14":"shipping-taxable","15":"purchasable","16":"product-type-simple"},"aioseo_notices":[],"jetpack_sharing_enabled":true,"brands":[],"_links":{"self":[{"href":"https:\/\/mixshoppjc.com\/index.php?rest_route=\/wp\/v2\/product\/6428","targetHints":{"allow":["GET"]}}],"collection":[{"href":"https:\/\/mixshoppjc.com\/index.php?rest_route=\/wp\/v2\/product"}],"about":[{"href":"https:\/\/mixshoppjc.com\/index.php?rest_route=\/wp\/v2\/types\/product"}],"replies":[{"embeddable":true,"href":"https:\/\/mixshoppjc.com\/index.php?rest_route=%2Fwp%2Fv2%2Fcomments&post=6428"}],"wp:featuredmedia":[{"embeddable":true,"href":"https:\/\/mixshoppjc.com\/index.php?rest_route=\/wp\/v2\/media\/6718"}],"wp:attachment":[{"href":"https:\/\/mixshoppjc.com\/index.php?rest_route=%2Fwp%2Fv2%2Fmedia&parent=6428"}],"wp:term":[{"taxonomy":"pwb-brand","embeddable":true,"href":"https:\/\/mixshoppjc.com\/index.php?rest_route=%2Fwp%2Fv2%2Fpwb-brand&post=6428"},{"taxonomy":"product_cat","embeddable":true,"href":"https:\/\/mixshoppjc.com\/index.php?rest_route=%2Fwp%2Fv2%2Fproduct_cat&post=6428"},{"taxonomy":"product_tag","embeddable":true,"href":"https:\/\/mixshoppjc.com\/index.php?rest_route=%2Fwp%2Fv2%2Fproduct_tag&post=6428"}],"curies":[{"name":"wp","href":"https:\/\/api.w.org\/{rel}","templated":true}]}}