{"id":6427,"date":"2024-02-16T17:31:30","date_gmt":"2024-02-16T20:31:30","guid":{"rendered":"https:\/\/mixshoppjc.com\/index.php\/product\/produto-3838\/"},"modified":"2024-02-24T16:16:04","modified_gmt":"2024-02-24T19:16:04","slug":"produto-3838","status":"publish","type":"product","link":"https:\/\/mixshoppjc.com\/?product=produto-3838","title":{"rendered":"Fone De Ouvido JBL C50HI"},"content":{"rendered":"<table id=\"product-attribute-specs-table\" class=\"data table additional-attributes\">\n<tbody>\n<tr>\n<th class=\"label\" scope=\"row\">Marca<\/th>\n<td class=\"data\" data-th=\"Marca\">JBL<\/td>\n<\/tr>\n<tr>\n<th class=\"label\" scope=\"row\">Tipo<\/th>\n<td class=\"data\" data-th=\"Tipo\">In-ear (dentro da orelha)<\/td>\n<\/tr>\n<tr>\n<th class=\"label\" scope=\"row\">Assist\u00eancia T\u00e9cnica<\/th>\n<td class=\"data\" data-th=\" Assist\u00eancia T\u00e9cnica\">3 Meses de Assist\u00eancia T\u00e9cnica<\/td>\n<\/tr>\n<\/tbody>\n<\/table>\n<p>O JBL C50HI \u00e9 um fone de ouvido intra-auricular ultraleve e din\u00e2mico que oferece a lend\u00e1ria resposta de graves e qualidade de som que voc\u00ea espera. Apesar de seu poderoso desempenho de som, eles s\u00e3o leves como uma pena para o conforto o dia todo e incluem uma variedade de almofadas de ouvido em 3 tamanhos. Um microfone em linha com um controle remoto universal permite que voc\u00ea converse e gerencie suas chamadas em dispositivos Android e iOS.<\/p>\n","protected":false},"excerpt":{"rendered":"<p>Marca JBL Tipo In-ear (dentro da orelha) Assist\u00eancia T\u00e9cnica 3 Meses de Assist\u00eancia T\u00e9cnica O JBL C50HI \u00e9 um fone de ouvido intra-auricular ultraleve e din\u00e2mico que oferece a lend\u00e1ria resposta de graves e qualidade de som que voc\u00ea espera. Apesar de seu poderoso desempenho de som, eles s\u00e3o leves como uma pena para o [&hellip;]<\/p>\n","protected":false},"featured_media":6722,"comment_status":"open","ping_status":"closed","template":"","meta":{"om_disable_all_campaigns":false,"_uf_show_specific_survey":0,"_uf_disable_surveys":false},"pwb-brand":[],"product_cat":[33,65,67],"product_tag":[90],"class_list":{"0":"post-6427","1":"product","2":"type-product","3":"status-publish","4":"has-post-thumbnail","6":"product_cat-acessorios-e-perifericos","7":"product_cat-fone-","8":"product_cat-fone-com-fio","9":"product_tag-jbl","11":"first","12":"instock","13":"taxable","14":"shipping-taxable","15":"purchasable","16":"product-type-simple"},"aioseo_notices":[],"jetpack_sharing_enabled":true,"brands":[],"_links":{"self":[{"href":"https:\/\/mixshoppjc.com\/index.php?rest_route=\/wp\/v2\/product\/6427","targetHints":{"allow":["GET"]}}],"collection":[{"href":"https:\/\/mixshoppjc.com\/index.php?rest_route=\/wp\/v2\/product"}],"about":[{"href":"https:\/\/mixshoppjc.com\/index.php?rest_route=\/wp\/v2\/types\/product"}],"replies":[{"embeddable":true,"href":"https:\/\/mixshoppjc.com\/index.php?rest_route=%2Fwp%2Fv2%2Fcomments&post=6427"}],"wp:featuredmedia":[{"embeddable":true,"href":"https:\/\/mixshoppjc.com\/index.php?rest_route=\/wp\/v2\/media\/6722"}],"wp:attachment":[{"href":"https:\/\/mixshoppjc.com\/index.php?rest_route=%2Fwp%2Fv2%2Fmedia&parent=6427"}],"wp:term":[{"taxonomy":"pwb-brand","embeddable":true,"href":"https:\/\/mixshoppjc.com\/index.php?rest_route=%2Fwp%2Fv2%2Fpwb-brand&post=6427"},{"taxonomy":"product_cat","embeddable":true,"href":"https:\/\/mixshoppjc.com\/index.php?rest_route=%2Fwp%2Fv2%2Fproduct_cat&post=6427"},{"taxonomy":"product_tag","embeddable":true,"href":"https:\/\/mixshoppjc.com\/index.php?rest_route=%2Fwp%2Fv2%2Fproduct_tag&post=6427"}],"curies":[{"name":"wp","href":"https:\/\/api.w.org\/{rel}","templated":true}]}}