{"id":6425,"date":"2024-02-16T17:31:27","date_gmt":"2024-02-16T20:31:27","guid":{"rendered":"https:\/\/mixshoppjc.com\/index.php\/product\/produto-3836\/"},"modified":"2024-02-25T12:05:24","modified_gmt":"2024-02-25T15:05:24","slug":"produto-3836","status":"publish","type":"product","link":"https:\/\/mixshoppjc.com\/?product=produto-3836","title":{"rendered":"Cooler Satellite A-CP20 Para Notebook &#8211; Preto"},"content":{"rendered":"<table id=\"product-attribute-specs-table\" class=\"data table additional-attributes\">\n<tbody>\n<tr>\n<th class=\"label\" scope=\"row\">Marca<\/th>\n<td class=\"data\" data-th=\"Marca\">Satellite<\/td>\n<\/tr>\n<tr>\n<th class=\"label\" scope=\"row\">Assist\u00eancia T\u00e9cnica<\/th>\n<td class=\"data\" data-th=\" Assist\u00eancia T\u00e9cnica\">3 Meses de Assist\u00eancia T\u00e9cnica<\/td>\n<\/tr>\n<\/tbody>\n<\/table>\n<p>Cooler Satellite A-CP20 projetado especificamente para notebooks com excelente desempenho de refrigera\u00e7\u00e3o. Possui uma silenciosa ventoinha de 140 mm com velocidade de 1600 RPM, trip\u00e9, 2 conex\u00f5es USB e malha de metal. Al\u00e9m disso, possui at\u00e9 17 polegadas do tamanho de dispositivos suportados.<\/p>\n","protected":false},"excerpt":{"rendered":"<p>Marca Satellite Assist\u00eancia T\u00e9cnica 3 Meses de Assist\u00eancia T\u00e9cnica Cooler Satellite A-CP20 projetado especificamente para notebooks com excelente desempenho de refrigera\u00e7\u00e3o. Possui uma silenciosa ventoinha de 140 mm com velocidade de 1600 RPM, trip\u00e9, 2 conex\u00f5es USB e malha de metal. Al\u00e9m disso, possui at\u00e9 17 polegadas do tamanho de dispositivos suportados.<\/p>\n","protected":false},"featured_media":6787,"comment_status":"open","ping_status":"closed","template":"","meta":{"om_disable_all_campaigns":false,"_uf_show_specific_survey":0,"_uf_disable_surveys":false},"pwb-brand":[96],"product_cat":[33,98,44,79,99],"product_tag":[100,83,101],"class_list":{"0":"post-6425","1":"product","2":"type-product","3":"status-publish","4":"has-post-thumbnail","6":"pwb-brand-satellite","7":"product_cat-acessorios-e-perifericos","8":"product_cat-suportes","9":"product_cat-informatica","10":"product_cat-perifericos","11":"product_cat-cooler","12":"product_tag-cooler","13":"product_tag-satellite","14":"product_tag-suporte","16":"first","17":"instock","18":"taxable","19":"shipping-taxable","20":"purchasable","21":"product-type-simple"},"aioseo_notices":[],"jetpack_sharing_enabled":true,"brands":[{"id":96,"name":"Satellite","slug":"satellite"}],"_links":{"self":[{"href":"https:\/\/mixshoppjc.com\/index.php?rest_route=\/wp\/v2\/product\/6425","targetHints":{"allow":["GET"]}}],"collection":[{"href":"https:\/\/mixshoppjc.com\/index.php?rest_route=\/wp\/v2\/product"}],"about":[{"href":"https:\/\/mixshoppjc.com\/index.php?rest_route=\/wp\/v2\/types\/product"}],"replies":[{"embeddable":true,"href":"https:\/\/mixshoppjc.com\/index.php?rest_route=%2Fwp%2Fv2%2Fcomments&post=6425"}],"wp:featuredmedia":[{"embeddable":true,"href":"https:\/\/mixshoppjc.com\/index.php?rest_route=\/wp\/v2\/media\/6787"}],"wp:attachment":[{"href":"https:\/\/mixshoppjc.com\/index.php?rest_route=%2Fwp%2Fv2%2Fmedia&parent=6425"}],"wp:term":[{"taxonomy":"pwb-brand","embeddable":true,"href":"https:\/\/mixshoppjc.com\/index.php?rest_route=%2Fwp%2Fv2%2Fpwb-brand&post=6425"},{"taxonomy":"product_cat","embeddable":true,"href":"https:\/\/mixshoppjc.com\/index.php?rest_route=%2Fwp%2Fv2%2Fproduct_cat&post=6425"},{"taxonomy":"product_tag","embeddable":true,"href":"https:\/\/mixshoppjc.com\/index.php?rest_route=%2Fwp%2Fv2%2Fproduct_tag&post=6425"}],"curies":[{"name":"wp","href":"https:\/\/api.w.org\/{rel}","templated":true}]}}