{"id":6420,"date":"2024-02-16T17:31:20","date_gmt":"2024-02-16T20:31:20","guid":{"rendered":"https:\/\/mixshoppjc.com\/index.php\/product\/produto-3831\/"},"modified":"2024-02-26T11:47:26","modified_gmt":"2024-02-26T14:47:26","slug":"produto-3831","status":"publish","type":"product","link":"https:\/\/mixshoppjc.com\/?product=produto-3831","title":{"rendered":"Drone Morgan RG108 8K"},"content":{"rendered":"<table id=\"product-attribute-specs-table\" class=\"data table additional-attributes\">\n<tbody>\n<tr>\n<th class=\"label\" scope=\"row\">Marca<\/th>\n<td class=\"data\" data-th=\"Marca\">Morgan<\/td>\n<\/tr>\n<tr>\n<th class=\"label\" scope=\"row\">Cor<\/th>\n<td class=\"data\" data-th=\"Cor\">Preto<\/td>\n<\/tr>\n<tr>\n<th class=\"label\" scope=\"row\">Sistema de Localizaci\u00f3n<\/th>\n<td class=\"data\" data-th=\"Sistema de Localizaci\u00f3n\">GPS<\/td>\n<\/tr>\n<tr>\n<th class=\"label\" scope=\"row\">Video<\/th>\n<td class=\"data\" data-th=\"Video\">UHD 8K (7680 x 4320)<\/td>\n<\/tr>\n<tr>\n<th class=\"label\" scope=\"row\">Assist\u00eancia T\u00e9cnica<\/th>\n<td class=\"data\" data-th=\" Assist\u00eancia T\u00e9cnica\">3 Meses de Assist\u00eancia T\u00e9cnica<\/td>\n<\/tr>\n<\/tbody>\n<\/table>\n<p>Experimente a melhor qualidade de imagem com o drone Morgan RG108 8K. Com resolu\u00e7\u00e3o de alta defini\u00e7\u00e3o, a qualidade da imagem \u00e9 clara e n\u00edtida. Al\u00e9m disso, a c\u00e2mera de controle remoto de 90\u00b0 e a c\u00e2mera dupla permitem que voc\u00ea altere livremente o \u00e2ngulo de vis\u00e3o. A detec\u00e7\u00e3o omnidirecional de 360\u00b0 dos obst\u00e1culos circundantes protege o voo, evitando automaticamente quaisquer obst\u00e1culos. Com a fun\u00e7\u00e3o de acompanhamento inteligente, o drone seguir\u00e1 automaticamente o controle remoto sem a necessidade de controle. Desfrute da m\u00e1xima liberdade e controle com o Morgan RG108 8K Drone.<\/p>\n","protected":false},"excerpt":{"rendered":"<p>Marca Morgan Cor Preto Sistema de Localizaci\u00f3n GPS Video UHD 8K (7680 x 4320) Assist\u00eancia T\u00e9cnica 3 Meses de Assist\u00eancia T\u00e9cnica Experimente a melhor qualidade de imagem com o drone Morgan RG108 8K. Com resolu\u00e7\u00e3o de alta defini\u00e7\u00e3o, a qualidade da imagem \u00e9 clara e n\u00edtida. Al\u00e9m disso, a c\u00e2mera de controle remoto de 90\u00b0 [&hellip;]<\/p>\n","protected":false},"featured_media":6814,"comment_status":"open","ping_status":"closed","template":"","meta":{"om_disable_all_campaigns":false,"_uf_show_specific_survey":0,"_uf_disable_surveys":false},"pwb-brand":[111],"product_cat":[36,110],"product_tag":[113,115,116,114],"class_list":{"0":"post-6420","1":"product","2":"type-product","3":"status-publish","4":"has-post-thumbnail","6":"pwb-brand-morgan","7":"product_cat-brinquedos-e-outros","8":"product_cat-drones","9":"product_tag-drone","10":"product_tag-helicopter","11":"product_tag-multicopter","12":"product_tag-quadcopter","14":"first","15":"instock","16":"taxable","17":"shipping-taxable","18":"purchasable","19":"product-type-simple"},"aioseo_notices":[],"jetpack_sharing_enabled":true,"brands":[{"id":111,"name":"MORGAN","slug":"morgan"}],"_links":{"self":[{"href":"https:\/\/mixshoppjc.com\/index.php?rest_route=\/wp\/v2\/product\/6420","targetHints":{"allow":["GET"]}}],"collection":[{"href":"https:\/\/mixshoppjc.com\/index.php?rest_route=\/wp\/v2\/product"}],"about":[{"href":"https:\/\/mixshoppjc.com\/index.php?rest_route=\/wp\/v2\/types\/product"}],"replies":[{"embeddable":true,"href":"https:\/\/mixshoppjc.com\/index.php?rest_route=%2Fwp%2Fv2%2Fcomments&post=6420"}],"wp:featuredmedia":[{"embeddable":true,"href":"https:\/\/mixshoppjc.com\/index.php?rest_route=\/wp\/v2\/media\/6814"}],"wp:attachment":[{"href":"https:\/\/mixshoppjc.com\/index.php?rest_route=%2Fwp%2Fv2%2Fmedia&parent=6420"}],"wp:term":[{"taxonomy":"pwb-brand","embeddable":true,"href":"https:\/\/mixshoppjc.com\/index.php?rest_route=%2Fwp%2Fv2%2Fpwb-brand&post=6420"},{"taxonomy":"product_cat","embeddable":true,"href":"https:\/\/mixshoppjc.com\/index.php?rest_route=%2Fwp%2Fv2%2Fproduct_cat&post=6420"},{"taxonomy":"product_tag","embeddable":true,"href":"https:\/\/mixshoppjc.com\/index.php?rest_route=%2Fwp%2Fv2%2Fproduct_tag&post=6420"}],"curies":[{"name":"wp","href":"https:\/\/api.w.org\/{rel}","templated":true}]}}