{"id":6408,"date":"2024-02-16T17:30:58","date_gmt":"2024-02-16T20:30:58","guid":{"rendered":"https:\/\/mixshoppjc.com\/index.php\/product\/produto-3819\/"},"modified":"2024-02-26T13:40:35","modified_gmt":"2024-02-26T16:40:35","slug":"produto-3819","status":"publish","type":"product","link":"https:\/\/mixshoppjc.com\/?product=produto-3819","title":{"rendered":"Cabo USB-C Satellite AL-AC2 &#8211; Preto 2 Metros"},"content":{"rendered":"<table id=\"product-attribute-specs-table\" class=\"data table additional-attributes\">\n<tbody>\n<tr>\n<th class=\"label\" scope=\"row\">Marca<\/th>\n<td class=\"data\" data-th=\"Marca\">Satellite<\/td>\n<\/tr>\n<tr>\n<th class=\"label\" scope=\"row\">Tamanho<\/th>\n<td class=\"data\" data-th=\"Tamanho\">2 mts<\/td>\n<\/tr>\n<tr>\n<th class=\"label\" scope=\"row\">Assist\u00eancia T\u00e9cnica<\/th>\n<td class=\"data\" data-th=\" Assist\u00eancia T\u00e9cnica\">3 Meses de Assist\u00eancia T\u00e9cnica<\/td>\n<\/tr>\n<\/tbody>\n<\/table>\n","protected":false},"excerpt":{"rendered":"<p>Marca Satellite Tamanho 2 mts Assist\u00eancia T\u00e9cnica 3 Meses de Assist\u00eancia T\u00e9cnica<\/p>\n","protected":false},"featured_media":6962,"comment_status":"open","ping_status":"closed","template":"","meta":{"om_disable_all_campaigns":false,"_uf_show_specific_survey":0,"_uf_disable_surveys":false},"pwb-brand":[96],"product_cat":[33,57],"product_tag":[121,83,122,123],"class_list":{"0":"post-6408","1":"product","2":"type-product","3":"status-publish","4":"has-post-thumbnail","6":"pwb-brand-satellite","7":"product_cat-acessorios-e-perifericos","8":"product_cat-cabos","9":"product_tag-cabo","10":"product_tag-satellite","11":"product_tag-tipo-c","12":"product_tag-usb","14":"first","15":"instock","16":"taxable","17":"shipping-taxable","18":"purchasable","19":"product-type-simple"},"aioseo_notices":[],"jetpack_sharing_enabled":true,"brands":[{"id":96,"name":"Satellite","slug":"satellite"}],"_links":{"self":[{"href":"https:\/\/mixshoppjc.com\/index.php?rest_route=\/wp\/v2\/product\/6408","targetHints":{"allow":["GET"]}}],"collection":[{"href":"https:\/\/mixshoppjc.com\/index.php?rest_route=\/wp\/v2\/product"}],"about":[{"href":"https:\/\/mixshoppjc.com\/index.php?rest_route=\/wp\/v2\/types\/product"}],"replies":[{"embeddable":true,"href":"https:\/\/mixshoppjc.com\/index.php?rest_route=%2Fwp%2Fv2%2Fcomments&post=6408"}],"wp:featuredmedia":[{"embeddable":true,"href":"https:\/\/mixshoppjc.com\/index.php?rest_route=\/wp\/v2\/media\/6962"}],"wp:attachment":[{"href":"https:\/\/mixshoppjc.com\/index.php?rest_route=%2Fwp%2Fv2%2Fmedia&parent=6408"}],"wp:term":[{"taxonomy":"pwb-brand","embeddable":true,"href":"https:\/\/mixshoppjc.com\/index.php?rest_route=%2Fwp%2Fv2%2Fpwb-brand&post=6408"},{"taxonomy":"product_cat","embeddable":true,"href":"https:\/\/mixshoppjc.com\/index.php?rest_route=%2Fwp%2Fv2%2Fproduct_cat&post=6408"},{"taxonomy":"product_tag","embeddable":true,"href":"https:\/\/mixshoppjc.com\/index.php?rest_route=%2Fwp%2Fv2%2Fproduct_tag&post=6408"}],"curies":[{"name":"wp","href":"https:\/\/api.w.org\/{rel}","templated":true}]}}