{"id":6407,"date":"2024-02-16T17:30:57","date_gmt":"2024-02-16T20:30:57","guid":{"rendered":"https:\/\/mixshoppjc.com\/index.php\/product\/produto-3818\/"},"modified":"2024-02-26T13:51:46","modified_gmt":"2024-02-26T16:51:46","slug":"produto-3818","status":"publish","type":"product","link":"https:\/\/mixshoppjc.com\/?product=produto-3818","title":{"rendered":"Carregador Xiaomi AD652GEU 2 Em 1 USB\/USB-C 65 W &#8211; Bra..."},"content":{"rendered":"<table id=\"product-attribute-specs-table\" class=\"data table additional-attributes\">\n<tbody>\n<tr>\n<th class=\"label\" scope=\"row\">Marca<\/th>\n<td class=\"data\" data-th=\"Marca\">Xiaomi<\/td>\n<\/tr>\n<tr>\n<th class=\"label\" scope=\"row\">Cor<\/th>\n<td class=\"data\" data-th=\"Cor\">Branco<\/td>\n<\/tr>\n<tr>\n<th class=\"label\" scope=\"row\">Assist\u00eancia T\u00e9cnica<\/th>\n<td class=\"data\" data-th=\" Assist\u00eancia T\u00e9cnica\">3 Meses de Assist\u00eancia T\u00e9cnica<\/td>\n<\/tr>\n<\/tbody>\n<\/table>\n<p>O carregador Xiaomi AD652GEU com tecnologia GaN fornece uma pot\u00eancia m\u00e1xima de sa\u00edda de 65W para carregar seu Smartphone ou qualquer outro laptop, dispositivo iOS, console de jogos port\u00e1til ou tablet. Gra\u00e7as ao novo material semicondutor GaN, o carregador Xiaomi AD652GEU \u00e9 48% menor que outros carregadores de parede com a mesma pot\u00eancia de sa\u00edda. O carregador Xiaomi AD652GEU 65W \u00e9 compat\u00edvel com a maioria dos dispositivos eletr\u00f4nicos.<\/p>\n","protected":false},"excerpt":{"rendered":"<p>Marca Xiaomi Cor Branco Assist\u00eancia T\u00e9cnica 3 Meses de Assist\u00eancia T\u00e9cnica O carregador Xiaomi AD652GEU com tecnologia GaN fornece uma pot\u00eancia m\u00e1xima de sa\u00edda de 65W para carregar seu Smartphone ou qualquer outro laptop, dispositivo iOS, console de jogos port\u00e1til ou tablet. Gra\u00e7as ao novo material semicondutor GaN, o carregador Xiaomi AD652GEU \u00e9 48% menor [&hellip;]<\/p>\n","protected":false},"featured_media":6965,"comment_status":"open","ping_status":"closed","template":"","meta":{"om_disable_all_campaigns":false,"_uf_show_specific_survey":0,"_uf_disable_surveys":false},"pwb-brand":[93],"product_cat":[33,50,127],"product_tag":[129,128,122,130,123],"class_list":{"0":"post-6407","1":"product","2":"type-product","3":"status-publish","4":"has-post-thumbnail","6":"pwb-brand-xiaomi","7":"product_cat-acessorios-e-perifericos","8":"product_cat-adaptadores","9":"product_cat-carregadores","10":"product_tag-carregador","11":"product_tag-fonte","12":"product_tag-tipo-c","13":"product_tag-tomada","14":"product_tag-usb","16":"first","17":"instock","18":"taxable","19":"shipping-taxable","20":"purchasable","21":"product-type-simple"},"aioseo_notices":[],"jetpack_sharing_enabled":true,"brands":[{"id":93,"name":"Xiaomi","slug":"xiaomi"}],"_links":{"self":[{"href":"https:\/\/mixshoppjc.com\/index.php?rest_route=\/wp\/v2\/product\/6407","targetHints":{"allow":["GET"]}}],"collection":[{"href":"https:\/\/mixshoppjc.com\/index.php?rest_route=\/wp\/v2\/product"}],"about":[{"href":"https:\/\/mixshoppjc.com\/index.php?rest_route=\/wp\/v2\/types\/product"}],"replies":[{"embeddable":true,"href":"https:\/\/mixshoppjc.com\/index.php?rest_route=%2Fwp%2Fv2%2Fcomments&post=6407"}],"wp:featuredmedia":[{"embeddable":true,"href":"https:\/\/mixshoppjc.com\/index.php?rest_route=\/wp\/v2\/media\/6965"}],"wp:attachment":[{"href":"https:\/\/mixshoppjc.com\/index.php?rest_route=%2Fwp%2Fv2%2Fmedia&parent=6407"}],"wp:term":[{"taxonomy":"pwb-brand","embeddable":true,"href":"https:\/\/mixshoppjc.com\/index.php?rest_route=%2Fwp%2Fv2%2Fpwb-brand&post=6407"},{"taxonomy":"product_cat","embeddable":true,"href":"https:\/\/mixshoppjc.com\/index.php?rest_route=%2Fwp%2Fv2%2Fproduct_cat&post=6407"},{"taxonomy":"product_tag","embeddable":true,"href":"https:\/\/mixshoppjc.com\/index.php?rest_route=%2Fwp%2Fv2%2Fproduct_tag&post=6407"}],"curies":[{"name":"wp","href":"https:\/\/api.w.org\/{rel}","templated":true}]}}