{"id":6405,"date":"2024-02-16T17:30:54","date_gmt":"2024-02-16T20:30:54","guid":{"rendered":"https:\/\/mixshoppjc.com\/index.php\/product\/produto-3816\/"},"modified":"2024-03-01T18:15:26","modified_gmt":"2024-03-01T21:15:26","slug":"produto-3816","status":"publish","type":"product","link":"https:\/\/mixshoppjc.com\/?product=produto-3816","title":{"rendered":"Carregador Xiaomi A07ZMEU USB-A + 2 USB-C 67 W BHR7493EU &#8..."},"content":{"rendered":"<table id=\"product-attribute-specs-table\" class=\"data table additional-attributes\">\n<tbody>\n<tr>\n<th class=\"label\" scope=\"row\">Marca<\/th>\n<td class=\"data\" data-th=\"Marca\">Xiaomi<\/td>\n<\/tr>\n<tr>\n<th class=\"label\" scope=\"row\">Part Number<\/th>\n<td class=\"data\" data-th=\"Part Number\">BHR7493EU<\/td>\n<\/tr>\n<tr>\n<th class=\"label\" scope=\"row\">Tipo<\/th>\n<td class=\"data\" data-th=\"Tipo\">Carregador<\/td>\n<\/tr>\n<tr>\n<th class=\"label\" scope=\"row\">Assist\u00eancia T\u00e9cnica<\/th>\n<td class=\"data\" data-th=\" Assist\u00eancia T\u00e9cnica\">3 Meses de Assist\u00eancia T\u00e9cnica<\/td>\n<\/tr>\n<tr>\n<th class=\"label\" scope=\"row\">Cor<\/th>\n<td class=\"data\" data-th=\"Cor\">Branco<\/td>\n<\/tr>\n<\/tbody>\n<\/table>\n","protected":false},"excerpt":{"rendered":"<p>Marca Xiaomi Part Number BHR7493EU Tipo Carregador Assist\u00eancia T\u00e9cnica 3 Meses de Assist\u00eancia T\u00e9cnica Cor Branco<\/p>\n","protected":false},"featured_media":6975,"comment_status":"open","ping_status":"closed","template":"","meta":{"om_disable_all_campaigns":false,"_uf_show_specific_survey":0,"_uf_disable_surveys":false},"pwb-brand":[93],"product_cat":[33,50,127],"product_tag":[129,128,122,130,123,55],"class_list":{"0":"post-6405","1":"product","2":"type-product","3":"status-publish","4":"has-post-thumbnail","6":"pwb-brand-xiaomi","7":"product_cat-acessorios-e-perifericos","8":"product_cat-adaptadores","9":"product_cat-carregadores","10":"product_tag-carregador","11":"product_tag-fonte","12":"product_tag-tipo-c","13":"product_tag-tomada","14":"product_tag-usb","15":"product_tag-xiaomi","17":"first","18":"instock","19":"taxable","20":"shipping-taxable","21":"product-type-simple"},"aioseo_notices":[],"jetpack_sharing_enabled":true,"brands":[{"id":93,"name":"Xiaomi","slug":"xiaomi"}],"_links":{"self":[{"href":"https:\/\/mixshoppjc.com\/index.php?rest_route=\/wp\/v2\/product\/6405","targetHints":{"allow":["GET"]}}],"collection":[{"href":"https:\/\/mixshoppjc.com\/index.php?rest_route=\/wp\/v2\/product"}],"about":[{"href":"https:\/\/mixshoppjc.com\/index.php?rest_route=\/wp\/v2\/types\/product"}],"replies":[{"embeddable":true,"href":"https:\/\/mixshoppjc.com\/index.php?rest_route=%2Fwp%2Fv2%2Fcomments&post=6405"}],"wp:featuredmedia":[{"embeddable":true,"href":"https:\/\/mixshoppjc.com\/index.php?rest_route=\/wp\/v2\/media\/6975"}],"wp:attachment":[{"href":"https:\/\/mixshoppjc.com\/index.php?rest_route=%2Fwp%2Fv2%2Fmedia&parent=6405"}],"wp:term":[{"taxonomy":"pwb-brand","embeddable":true,"href":"https:\/\/mixshoppjc.com\/index.php?rest_route=%2Fwp%2Fv2%2Fpwb-brand&post=6405"},{"taxonomy":"product_cat","embeddable":true,"href":"https:\/\/mixshoppjc.com\/index.php?rest_route=%2Fwp%2Fv2%2Fproduct_cat&post=6405"},{"taxonomy":"product_tag","embeddable":true,"href":"https:\/\/mixshoppjc.com\/index.php?rest_route=%2Fwp%2Fv2%2Fproduct_tag&post=6405"}],"curies":[{"name":"wp","href":"https:\/\/api.w.org\/{rel}","templated":true}]}}