{"id":6403,"date":"2024-02-16T17:30:51","date_gmt":"2024-02-16T20:30:51","guid":{"rendered":"https:\/\/mixshoppjc.com\/index.php\/product\/produto-3814\/"},"modified":"2024-02-26T14:21:15","modified_gmt":"2024-02-26T17:21:15","slug":"produto-3814","status":"publish","type":"product","link":"https:\/\/mixshoppjc.com\/?product=produto-3814","title":{"rendered":"Fone De Ouvido Xiaomi Redmi Buds 4 Active Bluetooth &#8211; ..."},"content":{"rendered":"<table id=\"product-attribute-specs-table\" class=\"data table additional-attributes\">\n<tbody>\n<tr>\n<th class=\"label\" scope=\"row\">Marca<\/th>\n<td class=\"data\" data-th=\"Marca\">Xiaomi<\/td>\n<\/tr>\n<tr>\n<th class=\"label\" scope=\"row\">EAN-13<\/th>\n<td class=\"data\" data-th=\"EAN-13\">6941812712733<\/td>\n<\/tr>\n<tr>\n<th class=\"label\" scope=\"row\">Assist\u00eancia T\u00e9cnica<\/th>\n<td class=\"data\" data-th=\" Assist\u00eancia T\u00e9cnica\">3 Meses de Assist\u00eancia T\u00e9cnica<\/td>\n<\/tr>\n<tr>\n<th class=\"label\" scope=\"row\">Cor<\/th>\n<td class=\"data\" data-th=\"Cor\">Preto<\/td>\n<\/tr>\n<\/tbody>\n<\/table>\n<p>O fone de ouvido Xiaomi Redmi Buds 4 Active oferecem uma experi\u00eancia auditiva excepcional com um design leve e ergon\u00f4mico. Com sua conectividade Bluetooth 5.3, voc\u00ea desfrutar\u00e1 de uma conex\u00e3o est\u00e1vel e baixa lat\u00eancia para reprodu\u00e7\u00e3o de \u00e1udio suave. Esse fone de ouvido possuem drivers de 12 mm que fornecem qualidade de \u00e1udio superior, com graves poderosos e explosivos que o envolver\u00e3o em sua m\u00fasica favorita. Com uma dura\u00e7\u00e3o de bateria de at\u00e9 28 horas no total, incluindo as cargas adicionais fornecidas pelo estojo, voc\u00ea poder\u00e1 desfrutar de longas sess\u00f5es de audi\u00e7\u00e3o sem interrup\u00e7\u00f5es. Al\u00e9m disso, a porta USB-C facilita o carregamento r\u00e1pido e conveniente. Voc\u00ea tamb\u00e9m pode ativar o modo de baixa lat\u00eancia para uma maior sincroniza\u00e7\u00e3o entre \u00e1udio e v\u00eddeo, ideal para suas sess\u00f5es de jogo. Gra\u00e7as \u00e0 fun\u00e7\u00e3o Google Fast Pair, emparelhar o fone de ouvido Redmi Buds 4 Active com seus dispositivos Android \u00e9 r\u00e1pido e f\u00e1cil. Al\u00e9m disso, voc\u00ea pode verificar facilmente o n\u00edvel de bateria restante tanto no fone de ouvido quanto no estojo de carregamento. O microfone integrado com tecnologia de intelig\u00eancia artificial e algoritmo de cancelamento de ru\u00eddo garante chamadas claras e n\u00edtidas. Sua voz \u00e9 capturada com clareza enquanto os ru\u00eddos externos s\u00e3o filtrados, proporcionando uma experi\u00eancia de chamada Bluetooth livre de interfer\u00eancias. Desfrute de som de alta qualidade, conex\u00e3o est\u00e1vel e recursos convenientes com o fone de ouvido Xiaomi Redmi Buds 4 Active.<\/p>\n","protected":false},"excerpt":{"rendered":"<p>Marca Xiaomi EAN-13 6941812712733 Assist\u00eancia T\u00e9cnica 3 Meses de Assist\u00eancia T\u00e9cnica Cor Preto O fone de ouvido Xiaomi Redmi Buds 4 Active oferecem uma experi\u00eancia auditiva excepcional com um design leve e ergon\u00f4mico. Com sua conectividade Bluetooth 5.3, voc\u00ea desfrutar\u00e1 de uma conex\u00e3o est\u00e1vel e baixa lat\u00eancia para reprodu\u00e7\u00e3o de \u00e1udio suave. Esse fone de [&hellip;]<\/p>\n","protected":false},"featured_media":6984,"comment_status":"open","ping_status":"closed","template":"","meta":{"om_disable_all_campaigns":false,"_uf_show_specific_survey":0,"_uf_disable_surveys":false},"pwb-brand":[93],"product_cat":[33,50,65,66],"product_tag":[135,138,137,136,55],"class_list":{"0":"post-6403","1":"product","2":"type-product","3":"status-publish","4":"has-post-thumbnail","6":"pwb-brand-xiaomi","7":"product_cat-acessorios-e-perifericos","8":"product_cat-adaptadores","9":"product_cat-fone-","10":"product_cat-fone-sem-fio","11":"product_tag-bluetooth","12":"product_tag-fone","13":"product_tag-sem-fio","14":"product_tag-wireles","15":"product_tag-xiaomi","17":"first","18":"instock","19":"taxable","20":"shipping-taxable","21":"purchasable","22":"product-type-simple"},"aioseo_notices":[],"jetpack_sharing_enabled":true,"brands":[{"id":93,"name":"Xiaomi","slug":"xiaomi"}],"_links":{"self":[{"href":"https:\/\/mixshoppjc.com\/index.php?rest_route=\/wp\/v2\/product\/6403","targetHints":{"allow":["GET"]}}],"collection":[{"href":"https:\/\/mixshoppjc.com\/index.php?rest_route=\/wp\/v2\/product"}],"about":[{"href":"https:\/\/mixshoppjc.com\/index.php?rest_route=\/wp\/v2\/types\/product"}],"replies":[{"embeddable":true,"href":"https:\/\/mixshoppjc.com\/index.php?rest_route=%2Fwp%2Fv2%2Fcomments&post=6403"}],"wp:featuredmedia":[{"embeddable":true,"href":"https:\/\/mixshoppjc.com\/index.php?rest_route=\/wp\/v2\/media\/6984"}],"wp:attachment":[{"href":"https:\/\/mixshoppjc.com\/index.php?rest_route=%2Fwp%2Fv2%2Fmedia&parent=6403"}],"wp:term":[{"taxonomy":"pwb-brand","embeddable":true,"href":"https:\/\/mixshoppjc.com\/index.php?rest_route=%2Fwp%2Fv2%2Fpwb-brand&post=6403"},{"taxonomy":"product_cat","embeddable":true,"href":"https:\/\/mixshoppjc.com\/index.php?rest_route=%2Fwp%2Fv2%2Fproduct_cat&post=6403"},{"taxonomy":"product_tag","embeddable":true,"href":"https:\/\/mixshoppjc.com\/index.php?rest_route=%2Fwp%2Fv2%2Fproduct_tag&post=6403"}],"curies":[{"name":"wp","href":"https:\/\/api.w.org\/{rel}","templated":true}]}}