{"id":6402,"date":"2024-02-16T17:30:49","date_gmt":"2024-02-16T20:30:49","guid":{"rendered":"https:\/\/mixshoppjc.com\/index.php\/product\/produto-3813\/"},"modified":"2024-03-09T09:22:09","modified_gmt":"2024-03-09T12:22:09","slug":"produto-3813","status":"publish","type":"product","link":"https:\/\/mixshoppjc.com\/?product=produto-3813","title":{"rendered":"Fone De Ouvido Xiaomi Poco Pods M2237E1 Bluetooth &#8211; Mi..."},"content":{"rendered":"<table id=\"product-attribute-specs-table\" class=\"data table additional-attributes\">\n<tbody>\n<tr>\n<th class=\"label\" scope=\"row\">Marca<\/th>\n<td class=\"data\" data-th=\"Marca\">Poco<\/td>\n<\/tr>\n<tr>\n<th class=\"label\" scope=\"row\">Tipo<\/th>\n<td class=\"data\" data-th=\"Tipo\">Earbuds (Bot\u00e3o)<\/td>\n<\/tr>\n<tr>\n<th class=\"label\" scope=\"row\">Assist\u00eancia T\u00e9cnica<\/th>\n<td class=\"data\" data-th=\" Assist\u00eancia T\u00e9cnica\">3 Meses de Assist\u00eancia T\u00e9cnica<\/td>\n<\/tr>\n<tr>\n<th class=\"label\" scope=\"row\">Cor<\/th>\n<td class=\"data\" data-th=\"Cor\">Midnight Groove<\/td>\n<\/tr>\n<\/tbody>\n<\/table>\n<p>Comemore com os novos fones de ouvido Poco Pods. Carregado com drivers de 12 mm que s\u00e3o capazes de fornecer um som rico e n\u00edtido. Esses fones de ouvido oferecem at\u00e9 30 horas de reprodu\u00e7\u00e3o para que voc\u00ea possa ouvir m\u00fasica o dia todo sem se preocupar em ficar sem bateria. A tecnologia ENC ajuda a bloquear o ru\u00eddo ambiente para que voc\u00ea possa se concentrar na m\u00fasica ou nas chamadas. Esses fones de ouvido t\u00eam classifica\u00e7\u00e3o IPX4, o que significa que s\u00e3o resistentes \u00e0 \u00e1gua e ao suor, para que voc\u00ea possa us\u00e1-los sem se preocupar com danos se for pego pela chuva ou suar na academia. O Bluetooth 5.3 integrado fornece uma conex\u00e3o mais est\u00e1vel e confi\u00e1vel do que as vers\u00f5es anteriores do Bluetooth. Esses fones de ouvido tamb\u00e9m oferecem baixa lat\u00eancia de at\u00e9 60 ms, o que aprimora sua experi\u00eancia de jogo. Conecte-se perfeitamente e sem esfor\u00e7o aos seus dispositivos Android com o recurso Emparelhamento r\u00e1pido do Google. Esses Buds tamb\u00e9m v\u00eam com controles de toque bastante intuitivos com os quais voc\u00ea pode tocar m\u00fasica, atender chamadas e ativar o modo de baixa lat\u00eancia. Prepare-se para mergulhar na qualidade de som suprema do Poco Pods.<\/p>\n","protected":false},"excerpt":{"rendered":"<p>Marca Poco Tipo Earbuds (Bot\u00e3o) Assist\u00eancia T\u00e9cnica 3 Meses de Assist\u00eancia T\u00e9cnica Cor Midnight Groove Comemore com os novos fones de ouvido Poco Pods. Carregado com drivers de 12 mm que s\u00e3o capazes de fornecer um som rico e n\u00edtido. Esses fones de ouvido oferecem at\u00e9 30 horas de reprodu\u00e7\u00e3o para que voc\u00ea possa ouvir [&hellip;]<\/p>\n","protected":false},"featured_media":6989,"comment_status":"open","ping_status":"closed","template":"","meta":{"om_disable_all_campaigns":false,"_uf_show_specific_survey":0,"_uf_disable_surveys":false},"pwb-brand":[93],"product_cat":[187,33,50,65,66],"product_tag":[135,138,119,137,136],"class_list":{"0":"post-6402","1":"product","2":"type-product","3":"status-publish","4":"has-post-thumbnail","6":"pwb-brand-xiaomi","7":"product_cat-novidades","8":"product_cat-acessorios-e-perifericos","9":"product_cat-adaptadores","10":"product_cat-fone-","11":"product_cat-fone-sem-fio","12":"product_tag-bluetooth","13":"product_tag-fone","14":"product_tag-poco","15":"product_tag-sem-fio","16":"product_tag-wireles","18":"first","19":"instock","20":"sale","21":"taxable","22":"shipping-taxable","23":"purchasable","24":"product-type-simple"},"aioseo_notices":[],"jetpack_sharing_enabled":true,"brands":[{"id":93,"name":"Xiaomi","slug":"xiaomi"}],"_links":{"self":[{"href":"https:\/\/mixshoppjc.com\/index.php?rest_route=\/wp\/v2\/product\/6402","targetHints":{"allow":["GET"]}}],"collection":[{"href":"https:\/\/mixshoppjc.com\/index.php?rest_route=\/wp\/v2\/product"}],"about":[{"href":"https:\/\/mixshoppjc.com\/index.php?rest_route=\/wp\/v2\/types\/product"}],"replies":[{"embeddable":true,"href":"https:\/\/mixshoppjc.com\/index.php?rest_route=%2Fwp%2Fv2%2Fcomments&post=6402"}],"wp:featuredmedia":[{"embeddable":true,"href":"https:\/\/mixshoppjc.com\/index.php?rest_route=\/wp\/v2\/media\/6989"}],"wp:attachment":[{"href":"https:\/\/mixshoppjc.com\/index.php?rest_route=%2Fwp%2Fv2%2Fmedia&parent=6402"}],"wp:term":[{"taxonomy":"pwb-brand","embeddable":true,"href":"https:\/\/mixshoppjc.com\/index.php?rest_route=%2Fwp%2Fv2%2Fpwb-brand&post=6402"},{"taxonomy":"product_cat","embeddable":true,"href":"https:\/\/mixshoppjc.com\/index.php?rest_route=%2Fwp%2Fv2%2Fproduct_cat&post=6402"},{"taxonomy":"product_tag","embeddable":true,"href":"https:\/\/mixshoppjc.com\/index.php?rest_route=%2Fwp%2Fv2%2Fproduct_tag&post=6402"}],"curies":[{"name":"wp","href":"https:\/\/api.w.org\/{rel}","templated":true}]}}