{"id":6400,"date":"2024-02-16T17:30:45","date_gmt":"2024-02-16T20:30:45","guid":{"rendered":"https:\/\/mixshoppjc.com\/index.php\/product\/produto-3811\/"},"modified":"2024-02-27T15:27:38","modified_gmt":"2024-02-27T18:27:38","slug":"produto-3811","status":"publish","type":"product","link":"https:\/\/mixshoppjc.com\/?product=produto-3811","title":{"rendered":"Mem\u00f3ria Micro SD SanDisk Ultra 100 MB\/S C10 32GB (SDSQUNR-0..."},"content":{"rendered":"<table id=\"product-attribute-specs-table\" class=\"data table additional-attributes\">\n<tbody>\n<tr>\n<th class=\"label\" scope=\"row\">Marca<\/th>\n<td class=\"data\" data-th=\"Marca\">SanDisk<\/td>\n<\/tr>\n<tr>\n<th class=\"label\" scope=\"row\">Part Number<\/th>\n<td class=\"data\" data-th=\"Part Number\">SDSQUNR-032G-GN3MA<\/td>\n<\/tr>\n<tr>\n<th class=\"label\" scope=\"row\">Cor<\/th>\n<td class=\"data\" data-th=\"Cor\">Branco \/ Cinza<\/td>\n<\/tr>\n<tr>\n<th class=\"label\" scope=\"row\">Tipo<\/th>\n<td class=\"data\" data-th=\"Tipo\">Micro SD<\/td>\n<\/tr>\n<tr>\n<th class=\"label\" scope=\"row\">Capacidade<\/th>\n<td class=\"data\" data-th=\"Capacidade\">32 GB<\/td>\n<\/tr>\n<tr>\n<th class=\"label\" scope=\"row\">Assist\u00eancia T\u00e9cnica<\/th>\n<td class=\"data\" data-th=\" Assist\u00eancia T\u00e9cnica\">3 Meses de Assist\u00eancia T\u00e9cnica<\/td>\n<\/tr>\n<\/tbody>\n<\/table>\n","protected":false},"excerpt":{"rendered":"<p>Marca SanDisk Part Number SDSQUNR-032G-GN3MA Cor Branco \/ Cinza Tipo Micro SD Capacidade 32 GB Assist\u00eancia T\u00e9cnica 3 Meses de Assist\u00eancia T\u00e9cnica<\/p>\n","protected":false},"featured_media":7056,"comment_status":"open","ping_status":"closed","template":"","meta":{"om_disable_all_campaigns":false,"_uf_show_specific_survey":0,"_uf_disable_surveys":false},"pwb-brand":[142],"product_cat":[140,141,39,44],"product_tag":[143,144,145],"class_list":{"0":"post-6400","1":"product","2":"type-product","3":"status-publish","4":"has-post-thumbnail","6":"pwb-brand-sandisk","7":"product_cat-armazenamento","8":"product_cat-memorias","9":"product_cat-celulares-tablets","10":"product_cat-informatica","11":"product_tag-memoria","12":"product_tag-micro-sd","13":"product_tag-sandisk","15":"first","16":"instock","17":"taxable","18":"shipping-taxable","19":"purchasable","20":"product-type-simple"},"aioseo_notices":[],"jetpack_sharing_enabled":true,"brands":[{"id":142,"name":"sandisk","slug":"sandisk"}],"_links":{"self":[{"href":"https:\/\/mixshoppjc.com\/index.php?rest_route=\/wp\/v2\/product\/6400","targetHints":{"allow":["GET"]}}],"collection":[{"href":"https:\/\/mixshoppjc.com\/index.php?rest_route=\/wp\/v2\/product"}],"about":[{"href":"https:\/\/mixshoppjc.com\/index.php?rest_route=\/wp\/v2\/types\/product"}],"replies":[{"embeddable":true,"href":"https:\/\/mixshoppjc.com\/index.php?rest_route=%2Fwp%2Fv2%2Fcomments&post=6400"}],"wp:featuredmedia":[{"embeddable":true,"href":"https:\/\/mixshoppjc.com\/index.php?rest_route=\/wp\/v2\/media\/7056"}],"wp:attachment":[{"href":"https:\/\/mixshoppjc.com\/index.php?rest_route=%2Fwp%2Fv2%2Fmedia&parent=6400"}],"wp:term":[{"taxonomy":"pwb-brand","embeddable":true,"href":"https:\/\/mixshoppjc.com\/index.php?rest_route=%2Fwp%2Fv2%2Fpwb-brand&post=6400"},{"taxonomy":"product_cat","embeddable":true,"href":"https:\/\/mixshoppjc.com\/index.php?rest_route=%2Fwp%2Fv2%2Fproduct_cat&post=6400"},{"taxonomy":"product_tag","embeddable":true,"href":"https:\/\/mixshoppjc.com\/index.php?rest_route=%2Fwp%2Fv2%2Fproduct_tag&post=6400"}],"curies":[{"name":"wp","href":"https:\/\/api.w.org\/{rel}","templated":true}]}}