{"id":6398,"date":"2024-02-16T17:30:42","date_gmt":"2024-02-16T20:30:42","guid":{"rendered":"https:\/\/mixshoppjc.com\/index.php\/product\/produto-3809\/"},"modified":"2024-02-28T15:05:52","modified_gmt":"2024-02-28T18:05:52","slug":"produto-3809","status":"publish","type":"product","link":"https:\/\/mixshoppjc.com\/?product=produto-3809","title":{"rendered":"Tablet Samsung Galaxy Tab S6 Lite SM-P613 &#8211; 4\/128GB &#..."},"content":{"rendered":"<p>Especifica\u00e7\u00f5es<\/p>\n<p>Marca<br \/>Samsung<br \/>Modelo<br \/>Galaxy Tab S6 Lite SM-P613<br \/>Cor<br \/>Gray<br \/>Sistema Operacional<br \/>Android 10 Atualiz\u00e1vel &#8211; One UI 2<br \/>CPU<br \/>Octa-core (Cortex-A73 4&#215;2.3 GHz e Cortex-A53 4&#215;1.7 GHz)<br \/>GPU<br \/>Mali-G72 MP3<br \/>Tamanho da tela<br \/>10.4 polegadas<br \/>Resolu\u00e7\u00e3o da tela<br \/>1200 x 2000 pixels<br \/>Armazenamento<br \/>128GB<br \/>Mem\u00f3ria RAM<br \/>4GB<br \/>C\u00e2mera Traseira<br \/>8 MP<br \/>C\u00e2mera Frontal<br \/>5 MP<br \/>Conex\u00f5es<br \/>Wi-Fi 802.11 a\/b\/g\/n\/ac 2.4G-5GHz &#8211; Bluetooth v5.0<br \/>Portas<br \/>USB 2.0 &#8211; 3.5mm &#8211; Slot para Cart\u00e3o SD &#8211; SIM<br \/>Sensores<br \/>Aceler\u00f4metro &#8211; Sensor girosc\u00f3pio &#8211; Sensor de ader\u00eancia &#8211; Sensor Hall &#8211; Sensor de luz RGB<br \/>Bateria<br \/>7040mAh<br \/>Dimens\u00f5es da Embalagem<br \/>25.00 cm X 16.00 cm X 3.50 cm<br \/>Peso Bruto<br \/>0.696 kg<\/p>\n","protected":false},"excerpt":{"rendered":"<p>Especifica\u00e7\u00f5es MarcaSamsungModeloGalaxy Tab S6 Lite SM-P613CorGraySistema OperacionalAndroid 10 Atualiz\u00e1vel &#8211; One UI 2CPUOcta-core (Cortex-A73 4&#215;2.3 GHz e Cortex-A53 4&#215;1.7 GHz)GPUMali-G72 MP3Tamanho da tela10.4 polegadasResolu\u00e7\u00e3o da tela1200 x 2000 pixelsArmazenamento128GBMem\u00f3ria RAM4GBC\u00e2mera Traseira8 MPC\u00e2mera Frontal5 MPConex\u00f5esWi-Fi 802.11 a\/b\/g\/n\/ac 2.4G-5GHz &#8211; Bluetooth v5.0PortasUSB 2.0 &#8211; 3.5mm &#8211; Slot para Cart\u00e3o SD &#8211; SIMSensoresAceler\u00f4metro &#8211; Sensor girosc\u00f3pio &#8211; Sensor [&hellip;]<\/p>\n","protected":false},"featured_media":7177,"comment_status":"open","ping_status":"closed","template":"","meta":{"om_disable_all_campaigns":false,"_uf_show_specific_survey":0,"_uf_disable_surveys":false},"pwb-brand":[92],"product_cat":[156,39],"product_tag":[175],"class_list":{"0":"post-6398","1":"product","2":"type-product","3":"status-publish","4":"has-post-thumbnail","6":"pwb-brand-samsung","7":"product_cat-tablets","8":"product_cat-celulares-tablets","9":"product_tag-tablet","11":"first","12":"instock","13":"taxable","14":"shipping-taxable","15":"purchasable","16":"product-type-simple"},"aioseo_notices":[],"jetpack_sharing_enabled":true,"brands":[{"id":92,"name":"Samsung","slug":"samsung"}],"_links":{"self":[{"href":"https:\/\/mixshoppjc.com\/index.php?rest_route=\/wp\/v2\/product\/6398","targetHints":{"allow":["GET"]}}],"collection":[{"href":"https:\/\/mixshoppjc.com\/index.php?rest_route=\/wp\/v2\/product"}],"about":[{"href":"https:\/\/mixshoppjc.com\/index.php?rest_route=\/wp\/v2\/types\/product"}],"replies":[{"embeddable":true,"href":"https:\/\/mixshoppjc.com\/index.php?rest_route=%2Fwp%2Fv2%2Fcomments&post=6398"}],"wp:featuredmedia":[{"embeddable":true,"href":"https:\/\/mixshoppjc.com\/index.php?rest_route=\/wp\/v2\/media\/7177"}],"wp:attachment":[{"href":"https:\/\/mixshoppjc.com\/index.php?rest_route=%2Fwp%2Fv2%2Fmedia&parent=6398"}],"wp:term":[{"taxonomy":"pwb-brand","embeddable":true,"href":"https:\/\/mixshoppjc.com\/index.php?rest_route=%2Fwp%2Fv2%2Fpwb-brand&post=6398"},{"taxonomy":"product_cat","embeddable":true,"href":"https:\/\/mixshoppjc.com\/index.php?rest_route=%2Fwp%2Fv2%2Fproduct_cat&post=6398"},{"taxonomy":"product_tag","embeddable":true,"href":"https:\/\/mixshoppjc.com\/index.php?rest_route=%2Fwp%2Fv2%2Fproduct_tag&post=6398"}],"curies":[{"name":"wp","href":"https:\/\/api.w.org\/{rel}","templated":true}]}}