{"id":6397,"date":"2024-02-16T17:30:41","date_gmt":"2024-02-16T20:30:41","guid":{"rendered":"https:\/\/mixshoppjc.com\/index.php\/product\/produto-3808\/"},"modified":"2024-02-29T11:13:56","modified_gmt":"2024-02-29T14:13:56","slug":"produto-3808","status":"publish","type":"product","link":"https:\/\/mixshoppjc.com\/?product=produto-3808","title":{"rendered":"Cabo Ecopower EP-6002 &#8211; USB\/Tipo C &#8211; 1 Metro &#8..."},"content":{"rendered":"<p>Especifica\u00e7\u00f5es<\/p>\n<p>Marca<br \/>Ecopower<br \/>Modelo<br \/>EP-6002<br \/>Cor<br \/>Preto<br \/>Interface<br \/>USB &#8211; USB Tipo C<br \/>Comprimento<br \/>1 metro<br \/>Dimens\u00f5es da Embalagem<br \/>11.50 cm X 8.00 cm X 2.50 cm<br \/>Peso Bruto<br \/>0.032 kg<\/p>\n","protected":false},"excerpt":{"rendered":"<p>Especifica\u00e7\u00f5es MarcaEcopowerModeloEP-6002CorPretoInterfaceUSB &#8211; USB Tipo CComprimento1 metroDimens\u00f5es da Embalagem11.50 cm X 8.00 cm X 2.50 cmPeso Bruto0.032 kg<\/p>\n","protected":false},"featured_media":7187,"comment_status":"open","ping_status":"closed","template":"","meta":{"om_disable_all_campaigns":false,"_uf_show_specific_survey":0,"_uf_disable_surveys":false},"pwb-brand":[153],"product_cat":[33,57],"product_tag":[121,122],"class_list":{"0":"post-6397","1":"product","2":"type-product","3":"status-publish","4":"has-post-thumbnail","6":"pwb-brand-ecopower","7":"product_cat-acessorios-e-perifericos","8":"product_cat-cabos","9":"product_tag-cabo","10":"product_tag-tipo-c","12":"first","13":"instock","14":"taxable","15":"shipping-taxable","16":"purchasable","17":"product-type-simple"},"aioseo_notices":[],"jetpack_sharing_enabled":true,"brands":[{"id":153,"name":"ECOPOWER","slug":"ecopower"}],"_links":{"self":[{"href":"https:\/\/mixshoppjc.com\/index.php?rest_route=\/wp\/v2\/product\/6397","targetHints":{"allow":["GET"]}}],"collection":[{"href":"https:\/\/mixshoppjc.com\/index.php?rest_route=\/wp\/v2\/product"}],"about":[{"href":"https:\/\/mixshoppjc.com\/index.php?rest_route=\/wp\/v2\/types\/product"}],"replies":[{"embeddable":true,"href":"https:\/\/mixshoppjc.com\/index.php?rest_route=%2Fwp%2Fv2%2Fcomments&post=6397"}],"wp:featuredmedia":[{"embeddable":true,"href":"https:\/\/mixshoppjc.com\/index.php?rest_route=\/wp\/v2\/media\/7187"}],"wp:attachment":[{"href":"https:\/\/mixshoppjc.com\/index.php?rest_route=%2Fwp%2Fv2%2Fmedia&parent=6397"}],"wp:term":[{"taxonomy":"pwb-brand","embeddable":true,"href":"https:\/\/mixshoppjc.com\/index.php?rest_route=%2Fwp%2Fv2%2Fpwb-brand&post=6397"},{"taxonomy":"product_cat","embeddable":true,"href":"https:\/\/mixshoppjc.com\/index.php?rest_route=%2Fwp%2Fv2%2Fproduct_cat&post=6397"},{"taxonomy":"product_tag","embeddable":true,"href":"https:\/\/mixshoppjc.com\/index.php?rest_route=%2Fwp%2Fv2%2Fproduct_tag&post=6397"}],"curies":[{"name":"wp","href":"https:\/\/api.w.org\/{rel}","templated":true}]}}