{"id":6395,"date":"2024-02-16T17:30:37","date_gmt":"2024-02-16T20:30:37","guid":{"rendered":"https:\/\/mixshoppjc.com\/index.php\/product\/produto-3806\/"},"modified":"2024-02-29T11:19:36","modified_gmt":"2024-02-29T14:19:36","slug":"produto-3806","status":"publish","type":"product","link":"https:\/\/mixshoppjc.com\/?product=produto-3806","title":{"rendered":"Carregador Ecopower EP-7053 &#8211; USB &#8211; Com cabo Tip..."},"content":{"rendered":"<p>Especifica\u00e7\u00f5es<\/p>\n<p>Marca<br \/>Ecopower<br \/>Modelo<br \/>EP-7053<br \/>Cor<br \/>Preto<br \/>Amperagem<br \/>2.1A<br \/>Interface<br \/>USB<br \/>Dimens\u00f5es da Embalagem<br \/>9.00 cm X 7.50 cm X 3.50 cm<br \/>Peso Bruto<br \/>0.060 kg<\/p>\n","protected":false},"excerpt":{"rendered":"<p>Especifica\u00e7\u00f5es MarcaEcopowerModeloEP-7053CorPretoAmperagem2.1AInterfaceUSBDimens\u00f5es da Embalagem9.00 cm X 7.50 cm X 3.50 cmPeso Bruto0.060 kg<\/p>\n","protected":false},"featured_media":7191,"comment_status":"open","ping_status":"closed","template":"","meta":{"om_disable_all_campaigns":false,"_uf_show_specific_survey":0,"_uf_disable_surveys":false},"pwb-brand":[153],"product_cat":[33,127],"product_tag":[129,122],"class_list":{"0":"post-6395","1":"product","2":"type-product","3":"status-publish","4":"has-post-thumbnail","6":"pwb-brand-ecopower","7":"product_cat-acessorios-e-perifericos","8":"product_cat-carregadores","9":"product_tag-carregador","10":"product_tag-tipo-c","12":"first","13":"instock","14":"taxable","15":"shipping-taxable","16":"purchasable","17":"product-type-simple"},"aioseo_notices":[],"jetpack_sharing_enabled":true,"brands":[{"id":153,"name":"ECOPOWER","slug":"ecopower"}],"_links":{"self":[{"href":"https:\/\/mixshoppjc.com\/index.php?rest_route=\/wp\/v2\/product\/6395","targetHints":{"allow":["GET"]}}],"collection":[{"href":"https:\/\/mixshoppjc.com\/index.php?rest_route=\/wp\/v2\/product"}],"about":[{"href":"https:\/\/mixshoppjc.com\/index.php?rest_route=\/wp\/v2\/types\/product"}],"replies":[{"embeddable":true,"href":"https:\/\/mixshoppjc.com\/index.php?rest_route=%2Fwp%2Fv2%2Fcomments&post=6395"}],"wp:featuredmedia":[{"embeddable":true,"href":"https:\/\/mixshoppjc.com\/index.php?rest_route=\/wp\/v2\/media\/7191"}],"wp:attachment":[{"href":"https:\/\/mixshoppjc.com\/index.php?rest_route=%2Fwp%2Fv2%2Fmedia&parent=6395"}],"wp:term":[{"taxonomy":"pwb-brand","embeddable":true,"href":"https:\/\/mixshoppjc.com\/index.php?rest_route=%2Fwp%2Fv2%2Fpwb-brand&post=6395"},{"taxonomy":"product_cat","embeddable":true,"href":"https:\/\/mixshoppjc.com\/index.php?rest_route=%2Fwp%2Fv2%2Fproduct_cat&post=6395"},{"taxonomy":"product_tag","embeddable":true,"href":"https:\/\/mixshoppjc.com\/index.php?rest_route=%2Fwp%2Fv2%2Fproduct_tag&post=6395"}],"curies":[{"name":"wp","href":"https:\/\/api.w.org\/{rel}","templated":true}]}}