{"id":6394,"date":"2024-02-16T17:30:36","date_gmt":"2024-02-16T20:30:36","guid":{"rendered":"https:\/\/mixshoppjc.com\/index.php\/product\/produto-3805\/"},"modified":"2024-02-29T11:25:42","modified_gmt":"2024-02-29T14:25:42","slug":"produto-3805","status":"publish","type":"product","link":"https:\/\/mixshoppjc.com\/?product=produto-3805","title":{"rendered":"C\u00e2mera IP Smart WiFi XMI DV024 4K UHD, 2.0MP\/3.6mm, IP66, A..."},"content":{"rendered":"<p>Marca<br \/>xmi<br \/>Modelo<br \/>DV024<br \/>Cor<br \/>Branco<br \/>Resolu\u00e7\u00e3o<br \/>HD -4MP<br \/>Lente<br \/>3.6mm<br \/>Conectividade<br \/>Wi-Fi<br \/>Fun\u00e7\u00f5es<br \/>Graba de dia e de noite com claridade em 360\u00b0 &#8211; Memoria externa com MicroSD e na nuvem &#8211; Detec\u00e7\u00e3o de movimento<br \/>Microfone<br \/>Integrado<br \/>Dimens\u00f5es da Embalagem<br \/>11.90 cm X 19.70 cm X 18.20 cm<br \/>Peso Bruto<br \/>0.610 kg<\/p>\n","protected":false},"excerpt":{"rendered":"<p>MarcaxmiModeloDV024CorBrancoResolu\u00e7\u00e3oHD -4MPLente3.6mmConectividadeWi-FiFun\u00e7\u00f5esGraba de dia e de noite com claridade em 360\u00b0 &#8211; Memoria externa com MicroSD e na nuvem &#8211; Detec\u00e7\u00e3o de movimentoMicrofoneIntegradoDimens\u00f5es da Embalagem11.90 cm X 19.70 cm X 18.20 cmPeso Bruto0.610 kg<\/p>\n","protected":false},"featured_media":7193,"comment_status":"open","ping_status":"closed","template":"","meta":{"om_disable_all_campaigns":false,"_uf_show_specific_survey":0,"_uf_disable_surveys":false},"pwb-brand":[93],"product_cat":[147,40,48],"product_tag":[159,176],"class_list":{"0":"post-6394","1":"product","2":"type-product","3":"status-publish","4":"has-post-thumbnail","6":"pwb-brand-xiaomi","7":"product_cat-smart-home","8":"product_cat-eletronicos","9":"product_cat-seguranca-tv-e-video","10":"product_tag-camera","11":"product_tag-camera-ip","13":"first","14":"instock","15":"taxable","16":"shipping-taxable","17":"purchasable","18":"product-type-simple"},"aioseo_notices":[],"jetpack_sharing_enabled":true,"brands":[{"id":93,"name":"Xiaomi","slug":"xiaomi"}],"_links":{"self":[{"href":"https:\/\/mixshoppjc.com\/index.php?rest_route=\/wp\/v2\/product\/6394","targetHints":{"allow":["GET"]}}],"collection":[{"href":"https:\/\/mixshoppjc.com\/index.php?rest_route=\/wp\/v2\/product"}],"about":[{"href":"https:\/\/mixshoppjc.com\/index.php?rest_route=\/wp\/v2\/types\/product"}],"replies":[{"embeddable":true,"href":"https:\/\/mixshoppjc.com\/index.php?rest_route=%2Fwp%2Fv2%2Fcomments&post=6394"}],"wp:featuredmedia":[{"embeddable":true,"href":"https:\/\/mixshoppjc.com\/index.php?rest_route=\/wp\/v2\/media\/7193"}],"wp:attachment":[{"href":"https:\/\/mixshoppjc.com\/index.php?rest_route=%2Fwp%2Fv2%2Fmedia&parent=6394"}],"wp:term":[{"taxonomy":"pwb-brand","embeddable":true,"href":"https:\/\/mixshoppjc.com\/index.php?rest_route=%2Fwp%2Fv2%2Fpwb-brand&post=6394"},{"taxonomy":"product_cat","embeddable":true,"href":"https:\/\/mixshoppjc.com\/index.php?rest_route=%2Fwp%2Fv2%2Fproduct_cat&post=6394"},{"taxonomy":"product_tag","embeddable":true,"href":"https:\/\/mixshoppjc.com\/index.php?rest_route=%2Fwp%2Fv2%2Fproduct_tag&post=6394"}],"curies":[{"name":"wp","href":"https:\/\/api.w.org\/{rel}","templated":true}]}}