{"id":6375,"date":"2024-02-16T17:30:03","date_gmt":"2024-02-16T20:30:03","guid":{"rendered":"https:\/\/mixshoppjc.com\/index.php\/product\/produto-3786\/"},"modified":"2024-02-29T17:54:21","modified_gmt":"2024-02-29T20:54:21","slug":"produto-3786","status":"publish","type":"product","link":"https:\/\/mixshoppjc.com\/?product=produto-3786","title":{"rendered":"barebeador Wahl Groomsman 09685-048 Recarreg\u00e1vel \/ Bivolt &..."},"content":{"rendered":"<p>Aparador de pelos multiuso recarreg\u00e1vel Groomsman Rechargeable Grooming Kit Wahl. Este \u00e9 um kit bem completo de aparador de pelos para quem deseja muitas fun\u00e7\u00f5es em um s\u00f3 aparelho. Ele permite raspar,<\/p>\n<p><strong>Caracter\u00edsticas do produto:<\/strong><\/p>\n<p>Aparador recarreg\u00e1vel com 80 minutos de autonomia<br \/>Possui 3 l\u00e2minas intercambi\u00e1veis para raspar, aparar, detalhar, delinear, desenhar e finalizar<br \/>Inclui 3 pentes de altura (1, 5mm, 3mm e 4, 5mm) e 1 pente ajust\u00e1vel com 6 posi\u00e7\u00f5es de corte (2mm, 4mm, 6mm, 8mm, 10mm e 12mm)<br \/>Estojo organizador para aparador e acess\u00f3rios<\/p>\n","protected":false},"excerpt":{"rendered":"<p>Aparador de pelos multiuso recarreg\u00e1vel Groomsman Rechargeable Grooming Kit Wahl. Este \u00e9 um kit bem completo de aparador de pelos para quem deseja muitas fun\u00e7\u00f5es em um s\u00f3 aparelho. Ele permite raspar, Caracter\u00edsticas do produto: Aparador recarreg\u00e1vel com 80 minutos de autonomiaPossui 3 l\u00e2minas intercambi\u00e1veis para raspar, aparar, detalhar, delinear, desenhar e finalizarInclui 3 pentes [&hellip;]<\/p>\n","protected":false},"featured_media":7250,"comment_status":"open","ping_status":"closed","template":"","meta":{"om_disable_all_campaigns":false,"_uf_show_specific_survey":0,"_uf_disable_surveys":false},"pwb-brand":[],"product_cat":[35,78,64],"product_tag":[],"class_list":{"0":"post-6375","1":"product","2":"type-product","3":"status-publish","4":"has-post-thumbnail","6":"product_cat-beleza-e-saude","7":"product_cat-beleza","8":"product_cat-barbeador","10":"first","11":"instock","12":"sale","13":"taxable","14":"shipping-taxable","15":"purchasable","16":"product-type-simple"},"aioseo_notices":[],"jetpack_sharing_enabled":true,"brands":[],"_links":{"self":[{"href":"https:\/\/mixshoppjc.com\/index.php?rest_route=\/wp\/v2\/product\/6375","targetHints":{"allow":["GET"]}}],"collection":[{"href":"https:\/\/mixshoppjc.com\/index.php?rest_route=\/wp\/v2\/product"}],"about":[{"href":"https:\/\/mixshoppjc.com\/index.php?rest_route=\/wp\/v2\/types\/product"}],"replies":[{"embeddable":true,"href":"https:\/\/mixshoppjc.com\/index.php?rest_route=%2Fwp%2Fv2%2Fcomments&post=6375"}],"wp:featuredmedia":[{"embeddable":true,"href":"https:\/\/mixshoppjc.com\/index.php?rest_route=\/wp\/v2\/media\/7250"}],"wp:attachment":[{"href":"https:\/\/mixshoppjc.com\/index.php?rest_route=%2Fwp%2Fv2%2Fmedia&parent=6375"}],"wp:term":[{"taxonomy":"pwb-brand","embeddable":true,"href":"https:\/\/mixshoppjc.com\/index.php?rest_route=%2Fwp%2Fv2%2Fpwb-brand&post=6375"},{"taxonomy":"product_cat","embeddable":true,"href":"https:\/\/mixshoppjc.com\/index.php?rest_route=%2Fwp%2Fv2%2Fproduct_cat&post=6375"},{"taxonomy":"product_tag","embeddable":true,"href":"https:\/\/mixshoppjc.com\/index.php?rest_route=%2Fwp%2Fv2%2Fproduct_tag&post=6375"}],"curies":[{"name":"wp","href":"https:\/\/api.w.org\/{rel}","templated":true}]}}