{"id":6369,"date":"2024-02-16T17:29:53","date_gmt":"2024-02-16T20:29:53","guid":{"rendered":"https:\/\/mixshoppjc.com\/index.php\/product\/produto-3780\/"},"modified":"2024-02-29T21:53:04","modified_gmt":"2024-03-01T00:53:04","slug":"produto-3780","status":"publish","type":"product","link":"https:\/\/mixshoppjc.com\/?product=produto-3780","title":{"rendered":"Depilador El\u00e9trico Wahl Complete Confidence 05604-348 &#821..."},"content":{"rendered":"<p>Especifica\u00e7\u00f5es<\/p>\n<p>Marca<br \/>Wahl<br \/>Modelo<br \/>Complete Confidence 05604-348<br \/>Cor<br \/>Branco e Roxo<br \/>Fun\u00e7\u00f5es<br \/>Da forma \u00e0s sobrancelhas &#8211; Remove os pelos faciais &#8211; Apara a linha do biqu\u00edni &#8211; Axilas macias<br \/>Inclui<br \/>Aparador e guia de sobrancelhas &#8211; Guia ajust\u00e1vel &#8211; Aparador para detalhes &#8211; Barbeador de l\u00e2minas internas<br \/>Alimenta\u00e7\u00e3o<br \/>Pilha AA<br \/>Dimens\u00f5es da Embalagem<br \/>19.50 cm X 20.10 cm X 6.30 cm<br \/>Peso Bruto<br \/>0.204 kg<\/p>\n","protected":false},"excerpt":{"rendered":"<p>Especifica\u00e7\u00f5es MarcaWahlModeloComplete Confidence 05604-348CorBranco e RoxoFun\u00e7\u00f5esDa forma \u00e0s sobrancelhas &#8211; Remove os pelos faciais &#8211; Apara a linha do biqu\u00edni &#8211; Axilas maciasIncluiAparador e guia de sobrancelhas &#8211; Guia ajust\u00e1vel &#8211; Aparador para detalhes &#8211; Barbeador de l\u00e2minas internasAlimenta\u00e7\u00e3oPilha AADimens\u00f5es da Embalagem19.50 cm X 20.10 cm X 6.30 cmPeso Bruto0.204 kg<\/p>\n","protected":false},"featured_media":7268,"comment_status":"open","ping_status":"closed","template":"","meta":{"om_disable_all_campaigns":false,"_uf_show_specific_survey":0,"_uf_disable_surveys":false},"pwb-brand":[],"product_cat":[178,39,35,78],"product_tag":[],"class_list":{"0":"post-6369","1":"product","2":"type-product","3":"status-publish","4":"has-post-thumbnail","6":"product_cat-depilador","7":"product_cat-celulares-tablets","8":"product_cat-beleza-e-saude","9":"product_cat-beleza","11":"first","12":"instock","13":"sale","14":"taxable","15":"shipping-taxable","16":"purchasable","17":"product-type-simple"},"aioseo_notices":[],"jetpack_sharing_enabled":true,"brands":[],"_links":{"self":[{"href":"https:\/\/mixshoppjc.com\/index.php?rest_route=\/wp\/v2\/product\/6369","targetHints":{"allow":["GET"]}}],"collection":[{"href":"https:\/\/mixshoppjc.com\/index.php?rest_route=\/wp\/v2\/product"}],"about":[{"href":"https:\/\/mixshoppjc.com\/index.php?rest_route=\/wp\/v2\/types\/product"}],"replies":[{"embeddable":true,"href":"https:\/\/mixshoppjc.com\/index.php?rest_route=%2Fwp%2Fv2%2Fcomments&post=6369"}],"wp:featuredmedia":[{"embeddable":true,"href":"https:\/\/mixshoppjc.com\/index.php?rest_route=\/wp\/v2\/media\/7268"}],"wp:attachment":[{"href":"https:\/\/mixshoppjc.com\/index.php?rest_route=%2Fwp%2Fv2%2Fmedia&parent=6369"}],"wp:term":[{"taxonomy":"pwb-brand","embeddable":true,"href":"https:\/\/mixshoppjc.com\/index.php?rest_route=%2Fwp%2Fv2%2Fpwb-brand&post=6369"},{"taxonomy":"product_cat","embeddable":true,"href":"https:\/\/mixshoppjc.com\/index.php?rest_route=%2Fwp%2Fv2%2Fproduct_cat&post=6369"},{"taxonomy":"product_tag","embeddable":true,"href":"https:\/\/mixshoppjc.com\/index.php?rest_route=%2Fwp%2Fv2%2Fproduct_tag&post=6369"}],"curies":[{"name":"wp","href":"https:\/\/api.w.org\/{rel}","templated":true}]}}