{"id":6366,"date":"2024-02-16T17:29:49","date_gmt":"2024-02-16T20:29:49","guid":{"rendered":"https:\/\/mixshoppjc.com\/index.php\/product\/produto-3777\/"},"modified":"2024-03-01T11:32:26","modified_gmt":"2024-03-01T14:32:26","slug":"produto-3777","status":"publish","type":"product","link":"https:\/\/mixshoppjc.com\/?product=produto-3777","title":{"rendered":"Smartphone Apple iPhone 13 A2633HN &#8211; 4\/128GB &#8211; 6..."},"content":{"rendered":"<p>Especifica\u00e7\u00f5es<\/p>\n<p>Resolu\u00e7\u00e3o da tela<br \/>1170 x 2532 pixels<br \/>Propor\u00e7\u00e3o de tela<br \/>86.0%<br \/>Densidade de pixels<br \/>460 ppi<br \/>Sistema Operacional<br \/>iOS 15<br \/>Chipset<br \/>Apple A15 Bionic (5 nm)<br \/>CPU<br \/>Hexa-core (2&#215;3.22 GHz Avalanche + 4xX.X GHz Blizzard)<br \/>GPU<br \/>Apple GPU (4-core graphics)<br \/>WLAN<br \/>Wi-Fi 802.11 a\/b\/g\/n\/ac\/6 &#8211; Banda Dupla &#8211; Ponto de Acesso<br \/>Bluetooth<br \/>5.0<br \/>NFC<br \/>Sim<br \/>Sensores<br \/>ID facial &#8211; Aceler\u00f4metro &#8211; Girosc\u00f3pio &#8211; Proximidade &#8211; B\u00fassola &#8211; Bar\u00f4metro &#8211; Comandos e ditado em linguagem natural Siri &#8211; Suporte para banda ultra larga (UWB)<br \/>Bateria<br \/>3240mAh<br \/>C\u00e2mera Frontal<br \/>12 MP<br \/>C\u00e2mera Traseira<br \/>12 MP + 12 MP<br \/>Dimens\u00f5es<br \/>146.7 x 71.5 x 7.7mm<br \/>Peso<br \/>174gr<br \/>Plataforma<br \/>iOS<br \/>Mem\u00f3ria interna<br \/>128GB<br \/>Mem\u00f3ria expansivel<br \/>Sem slot para cart\u00e3o<br \/>Processador<br \/>Hexa-Core<br \/>SIM<br \/>Single-Sim<br \/>Tamanho da tela<br \/>6.1&#8243;<br \/>Conex\u00e3o de Dados<br \/>5G<br \/>Mem\u00f3ria RAM<br \/>4GB<br \/>Dimens\u00f5es da Embalagem<br \/>16.50 cm X 8.90 cm X 2.60 cm<br \/>Peso Bruto<br \/>0.322 kg<\/p>\n","protected":false},"excerpt":{"rendered":"<p>Especifica\u00e7\u00f5es Resolu\u00e7\u00e3o da tela1170 x 2532 pixelsPropor\u00e7\u00e3o de tela86.0%Densidade de pixels460 ppiSistema OperacionaliOS 15ChipsetApple A15 Bionic (5 nm)CPUHexa-core (2&#215;3.22 GHz Avalanche + 4xX.X GHz Blizzard)GPUApple GPU (4-core graphics)WLANWi-Fi 802.11 a\/b\/g\/n\/ac\/6 &#8211; Banda Dupla &#8211; Ponto de AcessoBluetooth5.0NFCSimSensoresID facial &#8211; Aceler\u00f4metro &#8211; Girosc\u00f3pio &#8211; Proximidade &#8211; B\u00fassola &#8211; Bar\u00f4metro &#8211; Comandos e ditado em linguagem natural [&hellip;]<\/p>\n","protected":false},"featured_media":7274,"comment_status":"open","ping_status":"closed","template":"","meta":{"om_disable_all_campaigns":false,"_uf_show_specific_survey":0,"_uf_disable_surveys":false},"pwb-brand":[],"product_cat":[179,155,39],"product_tag":[],"class_list":{"0":"post-6366","1":"product","2":"type-product","3":"status-publish","4":"has-post-thumbnail","6":"product_cat-apple","7":"product_cat-smartphones","8":"product_cat-celulares-tablets","10":"first","11":"instock","12":"taxable","13":"shipping-taxable","14":"purchasable","15":"product-type-simple"},"aioseo_notices":[],"jetpack_sharing_enabled":true,"brands":[],"_links":{"self":[{"href":"https:\/\/mixshoppjc.com\/index.php?rest_route=\/wp\/v2\/product\/6366","targetHints":{"allow":["GET"]}}],"collection":[{"href":"https:\/\/mixshoppjc.com\/index.php?rest_route=\/wp\/v2\/product"}],"about":[{"href":"https:\/\/mixshoppjc.com\/index.php?rest_route=\/wp\/v2\/types\/product"}],"replies":[{"embeddable":true,"href":"https:\/\/mixshoppjc.com\/index.php?rest_route=%2Fwp%2Fv2%2Fcomments&post=6366"}],"wp:featuredmedia":[{"embeddable":true,"href":"https:\/\/mixshoppjc.com\/index.php?rest_route=\/wp\/v2\/media\/7274"}],"wp:attachment":[{"href":"https:\/\/mixshoppjc.com\/index.php?rest_route=%2Fwp%2Fv2%2Fmedia&parent=6366"}],"wp:term":[{"taxonomy":"pwb-brand","embeddable":true,"href":"https:\/\/mixshoppjc.com\/index.php?rest_route=%2Fwp%2Fv2%2Fpwb-brand&post=6366"},{"taxonomy":"product_cat","embeddable":true,"href":"https:\/\/mixshoppjc.com\/index.php?rest_route=%2Fwp%2Fv2%2Fproduct_cat&post=6366"},{"taxonomy":"product_tag","embeddable":true,"href":"https:\/\/mixshoppjc.com\/index.php?rest_route=%2Fwp%2Fv2%2Fproduct_tag&post=6366"}],"curies":[{"name":"wp","href":"https:\/\/api.w.org\/{rel}","templated":true}]}}