{"id":6364,"date":"2024-02-16T17:29:46","date_gmt":"2024-02-16T20:29:46","guid":{"rendered":"https:\/\/mixshoppjc.com\/index.php\/product\/produto-3775\/"},"modified":"2024-03-08T13:28:13","modified_gmt":"2024-03-08T16:28:13","slug":"produto-3775","status":"publish","type":"product","link":"https:\/\/mixshoppjc.com\/?product=produto-3775","title":{"rendered":"Smartphone Apple iPhone 15 Pro A2848LL &#8211; 8\/128GB &#821..."},"content":{"rendered":"<p>Especifica\u00e7\u00f5es<\/p>\n<p>Resolu\u00e7\u00e3o da tela<br \/>1179 x 2556 pixels<br \/>Propor\u00e7\u00e3o de tela<br \/>88.2%<br \/>Densidade de pixels<br \/>461 ppi<br \/>Sistema Operacional<br \/>iOS 17<br \/>Chipset<br \/>Apple A17 Pro (3 nm)<br \/>CPU<br \/>Hexa-core (2&#215;3.78 GHz + 4&#215;2.11 GHz)<br \/>GPU<br \/>Apple GPU (6-core graphics)<br \/>WLAN<br \/>Wi-Fi 802.11 a\/b\/g\/n\/ac\/6e &#8211; Banda Dupla &#8211; Ponto de Acesso<br \/>Bluetooth<br \/>5.3<br \/>NFC<br \/>Sim<br \/>Sensores<br \/>Face ID &#8211; Aceler\u00f4metro &#8211; Girosc\u00f3pio &#8211; Proximidade &#8211; B\u00fassola &#8211; Bar\u00f4metro &#8211; Ultra Wideband 2 (UWB) &#8211; SOS de emerg\u00eancia via sat\u00e9lite (envio\/recebimento de SMS)<br \/>Bateria<br \/>3274mAh<br \/>C\u00e2mera Frontal<br \/>12 MP<br \/>C\u00e2mera Traseira<br \/>48 MP + 12 MP + 12 MP<br \/>Plataforma<br \/>iOS<br \/>Mem\u00f3ria interna<br \/>128GB<br \/>Mem\u00f3ria expansivel<br \/>Sem slot para cart\u00e3o<br \/>Processador<br \/>Hexa-Core<br \/>SIM<br \/>E-SIM<br \/>Tamanho da tela<br \/>6.1&#8243;<br \/>Conex\u00e3o de Dados<br \/>5G<br \/>Mem\u00f3ria RAM<br \/>8GB<br \/>Dimens\u00f5es da Embalagem<br \/>16.60 cm X 9.00 cm X 3.10 cm<br \/>Peso Bruto<br \/>0.350 kg<\/p>\n","protected":false},"excerpt":{"rendered":"<p>Especifica\u00e7\u00f5es Resolu\u00e7\u00e3o da tela1179 x 2556 pixelsPropor\u00e7\u00e3o de tela88.2%Densidade de pixels461 ppiSistema OperacionaliOS 17ChipsetApple A17 Pro (3 nm)CPUHexa-core (2&#215;3.78 GHz + 4&#215;2.11 GHz)GPUApple GPU (6-core graphics)WLANWi-Fi 802.11 a\/b\/g\/n\/ac\/6e &#8211; Banda Dupla &#8211; Ponto de AcessoBluetooth5.3NFCSimSensoresFace ID &#8211; Aceler\u00f4metro &#8211; Girosc\u00f3pio &#8211; Proximidade &#8211; B\u00fassola &#8211; Bar\u00f4metro &#8211; Ultra Wideband 2 (UWB) &#8211; SOS de emerg\u00eancia [&hellip;]<\/p>\n","protected":false},"featured_media":7279,"comment_status":"open","ping_status":"closed","template":"","meta":{"om_disable_all_campaigns":false,"_uf_show_specific_survey":0,"_uf_disable_surveys":false},"pwb-brand":[],"product_cat":[179,187,155,39],"product_tag":[],"class_list":{"0":"post-6364","1":"product","2":"type-product","3":"status-publish","4":"has-post-thumbnail","6":"product_cat-apple","7":"product_cat-novidades","8":"product_cat-smartphones","9":"product_cat-celulares-tablets","11":"first","12":"instock","13":"taxable","14":"shipping-taxable","15":"purchasable","16":"product-type-simple"},"aioseo_notices":[],"jetpack_sharing_enabled":true,"brands":[],"_links":{"self":[{"href":"https:\/\/mixshoppjc.com\/index.php?rest_route=\/wp\/v2\/product\/6364","targetHints":{"allow":["GET"]}}],"collection":[{"href":"https:\/\/mixshoppjc.com\/index.php?rest_route=\/wp\/v2\/product"}],"about":[{"href":"https:\/\/mixshoppjc.com\/index.php?rest_route=\/wp\/v2\/types\/product"}],"replies":[{"embeddable":true,"href":"https:\/\/mixshoppjc.com\/index.php?rest_route=%2Fwp%2Fv2%2Fcomments&post=6364"}],"wp:featuredmedia":[{"embeddable":true,"href":"https:\/\/mixshoppjc.com\/index.php?rest_route=\/wp\/v2\/media\/7279"}],"wp:attachment":[{"href":"https:\/\/mixshoppjc.com\/index.php?rest_route=%2Fwp%2Fv2%2Fmedia&parent=6364"}],"wp:term":[{"taxonomy":"pwb-brand","embeddable":true,"href":"https:\/\/mixshoppjc.com\/index.php?rest_route=%2Fwp%2Fv2%2Fpwb-brand&post=6364"},{"taxonomy":"product_cat","embeddable":true,"href":"https:\/\/mixshoppjc.com\/index.php?rest_route=%2Fwp%2Fv2%2Fproduct_cat&post=6364"},{"taxonomy":"product_tag","embeddable":true,"href":"https:\/\/mixshoppjc.com\/index.php?rest_route=%2Fwp%2Fv2%2Fproduct_tag&post=6364"}],"curies":[{"name":"wp","href":"https:\/\/api.w.org\/{rel}","templated":true}]}}