{"id":6357,"date":"2024-02-16T17:29:35","date_gmt":"2024-02-16T20:29:35","guid":{"rendered":"https:\/\/mixshoppjc.com\/index.php\/product\/produto-3768\/"},"modified":"2024-02-29T22:32:26","modified_gmt":"2024-03-01T01:32:26","slug":"produto-3768","status":"publish","type":"product","link":"https:\/\/mixshoppjc.com\/?product=produto-3768","title":{"rendered":"Smartphone Motorola Edge 30 Neo XT-2245-1 &#8211; 8\/128GB &#..."},"content":{"rendered":"<p>Especifica\u00e7\u00f5es<\/p>\n<p>Resolu\u00e7\u00e3o da tela<br \/>1080 x 2400 pixels<br \/>Propor\u00e7\u00e3o de tela<br \/>87.5%<br \/>Densidade de pixels<br \/>419 ppi<br \/>Sistema Operacional<br \/>Android 12<br \/>Chipset<br \/>Qualcomm SM6375 Snapdragon 695 5G (6 nm)<br \/>CPU<br \/>Octa-core (2&#215;2.2 GHz Kryo 660 Gold &amp; 6&#215;1.7 GHz Kryo 660 Silver)<br \/>GPU<br \/>Adreno 619<br \/>WLAN<br \/>Wi-Fi 802.11 a\/b\/g\/n\/ac &#8211; Banda Dupla &#8211; Wi-Fi Direct<br \/>Bluetooth<br \/>5.1<br \/>Sensores<br \/>Impress\u00e3o digital &#8211; Aceler\u00f4metro &#8211; Proximidade &#8211; B\u00fassola<br \/>Bateria<br \/>4020mAh<br \/>C\u00e2mera Frontal<br \/>32 MP<br \/>C\u00e2mera Traseira<br \/>64 MP + 13 MP<br \/>Plataforma<br \/>Android<br \/>Mem\u00f3ria interna<br \/>128GB<br \/>Mem\u00f3ria expansivel<br \/>Sem slot para cart\u00e3o<br \/>Processador<br \/>Hexa-Core<br \/>SIM<br \/>Single-Sim<br \/>Tamanho da tela<br \/>6.2&#8243;<br \/>Conex\u00e3o de Dados<br \/>5G<br \/>Mem\u00f3ria RAM<br \/>8GB<br \/>Dimens\u00f5es da Embalagem<br \/>16.50 cm X 8.20 cm X 5.50 cm<br \/>Peso Bruto<br \/>0.470 kg<\/p>\n","protected":false},"excerpt":{"rendered":"<p>Especifica\u00e7\u00f5es Resolu\u00e7\u00e3o da tela1080 x 2400 pixelsPropor\u00e7\u00e3o de tela87.5%Densidade de pixels419 ppiSistema OperacionalAndroid 12ChipsetQualcomm SM6375 Snapdragon 695 5G (6 nm)CPUOcta-core (2&#215;2.2 GHz Kryo 660 Gold &amp; 6&#215;1.7 GHz Kryo 660 Silver)GPUAdreno 619WLANWi-Fi 802.11 a\/b\/g\/n\/ac &#8211; Banda Dupla &#8211; Wi-Fi DirectBluetooth5.1SensoresImpress\u00e3o digital &#8211; Aceler\u00f4metro &#8211; Proximidade &#8211; B\u00fassolaBateria4020mAhC\u00e2mera Frontal32 MPC\u00e2mera Traseira64 MP + 13 MPPlataformaAndroidMem\u00f3ria interna128GBMem\u00f3ria [&hellip;]<\/p>\n","protected":false},"featured_media":7294,"comment_status":"open","ping_status":"closed","template":"","meta":{"om_disable_all_campaigns":false,"_uf_show_specific_survey":0,"_uf_disable_surveys":false},"pwb-brand":[],"product_cat":[181,155,39],"product_tag":[],"class_list":{"0":"post-6357","1":"product","2":"type-product","3":"status-publish","4":"has-post-thumbnail","6":"product_cat-motorola","7":"product_cat-smartphones","8":"product_cat-celulares-tablets","10":"first","11":"instock","12":"taxable","13":"shipping-taxable","14":"purchasable","15":"product-type-simple"},"aioseo_notices":[],"jetpack_sharing_enabled":true,"brands":[],"_links":{"self":[{"href":"https:\/\/mixshoppjc.com\/index.php?rest_route=\/wp\/v2\/product\/6357","targetHints":{"allow":["GET"]}}],"collection":[{"href":"https:\/\/mixshoppjc.com\/index.php?rest_route=\/wp\/v2\/product"}],"about":[{"href":"https:\/\/mixshoppjc.com\/index.php?rest_route=\/wp\/v2\/types\/product"}],"replies":[{"embeddable":true,"href":"https:\/\/mixshoppjc.com\/index.php?rest_route=%2Fwp%2Fv2%2Fcomments&post=6357"}],"wp:featuredmedia":[{"embeddable":true,"href":"https:\/\/mixshoppjc.com\/index.php?rest_route=\/wp\/v2\/media\/7294"}],"wp:attachment":[{"href":"https:\/\/mixshoppjc.com\/index.php?rest_route=%2Fwp%2Fv2%2Fmedia&parent=6357"}],"wp:term":[{"taxonomy":"pwb-brand","embeddable":true,"href":"https:\/\/mixshoppjc.com\/index.php?rest_route=%2Fwp%2Fv2%2Fpwb-brand&post=6357"},{"taxonomy":"product_cat","embeddable":true,"href":"https:\/\/mixshoppjc.com\/index.php?rest_route=%2Fwp%2Fv2%2Fproduct_cat&post=6357"},{"taxonomy":"product_tag","embeddable":true,"href":"https:\/\/mixshoppjc.com\/index.php?rest_route=%2Fwp%2Fv2%2Fproduct_tag&post=6357"}],"curies":[{"name":"wp","href":"https:\/\/api.w.org\/{rel}","templated":true}]}}