{"id":6356,"date":"2024-02-16T17:29:34","date_gmt":"2024-02-16T20:29:34","guid":{"rendered":"https:\/\/mixshoppjc.com\/index.php\/product\/produto-3767\/"},"modified":"2024-02-29T22:35:55","modified_gmt":"2024-03-01T01:35:55","slug":"produto-3767","status":"publish","type":"product","link":"https:\/\/mixshoppjc.com\/?product=produto-3767","title":{"rendered":"Smartphone Motorola Moto G73 XT2237-2 &#8211; 8\/256GB &#8211..."},"content":{"rendered":"<p>Especifica\u00e7\u00f5es<\/p>\n<p>Resolu\u00e7\u00e3o da tela<br \/>1080 x 2400 pixels<br \/>Propor\u00e7\u00e3o de tela<br \/>85.6%<br \/>Densidade de pixels<br \/>405 ppi<br \/>Sistema Operacional<br \/>Android 13<br \/>Chipset<br \/>Mediatek Dimensity 930 (6 nm)<br \/>CPU<br \/>Octa-core (2&#215;2.2 GHz Cortex-A78 &amp; 6&#215;2.0 GHz Cortex-A55)<br \/>GPU<br \/>IMG BXM-8-256<br \/>WLAN<br \/>Wi-Fi 802.11 a\/b\/g\/n\/ac &#8211; Banda Dupla<br \/>Bluetooth<br \/>5.3<br \/>Sensores<br \/>Impress\u00e3o digital &#8211; Aceler\u00f4metro &#8211; Proximidade &#8211; B\u00fassola<br \/>Bateria<br \/>5000mAh<br \/>C\u00e2mera Frontal<br \/>16 MP<br \/>C\u00e2mera Traseira<br \/>50 MP + 8 MP<br \/>Plataforma<br \/>Android<br \/>Mem\u00f3ria interna<br \/>256GB<br \/>Mem\u00f3ria expansivel<br \/>Suporta Cart\u00e3o Micro SD<br \/>Processador<br \/>Octa-Core<br \/>SIM<br \/>Dual-Sim<br \/>Tamanho da tela<br \/>6.5&#8243;<br \/>Conex\u00e3o de Dados<br \/>5G<br \/>Mem\u00f3ria RAM<br \/>8GB<br \/>Dimens\u00f5es da Embalagem<br \/>18.00 cm X 10.00 cm X 6.00 cm<br \/>Peso Bruto<br \/>0.360 kg<\/p>\n","protected":false},"excerpt":{"rendered":"<p>Especifica\u00e7\u00f5es Resolu\u00e7\u00e3o da tela1080 x 2400 pixelsPropor\u00e7\u00e3o de tela85.6%Densidade de pixels405 ppiSistema OperacionalAndroid 13ChipsetMediatek Dimensity 930 (6 nm)CPUOcta-core (2&#215;2.2 GHz Cortex-A78 &amp; 6&#215;2.0 GHz Cortex-A55)GPUIMG BXM-8-256WLANWi-Fi 802.11 a\/b\/g\/n\/ac &#8211; Banda DuplaBluetooth5.3SensoresImpress\u00e3o digital &#8211; Aceler\u00f4metro &#8211; Proximidade &#8211; B\u00fassolaBateria5000mAhC\u00e2mera Frontal16 MPC\u00e2mera Traseira50 MP + 8 MPPlataformaAndroidMem\u00f3ria interna256GBMem\u00f3ria expansivelSuporta Cart\u00e3o Micro SDProcessadorOcta-CoreSIMDual-SimTamanho da tela6.5&#8243;Conex\u00e3o de Dados5GMem\u00f3ria RAM8GBDimens\u00f5es [&hellip;]<\/p>\n","protected":false},"featured_media":7297,"comment_status":"open","ping_status":"closed","template":"","meta":{"om_disable_all_campaigns":false,"_uf_show_specific_survey":0,"_uf_disable_surveys":false},"pwb-brand":[],"product_cat":[181,155,39],"product_tag":[],"class_list":{"0":"post-6356","1":"product","2":"type-product","3":"status-publish","4":"has-post-thumbnail","6":"product_cat-motorola","7":"product_cat-smartphones","8":"product_cat-celulares-tablets","10":"first","11":"instock","12":"taxable","13":"shipping-taxable","14":"purchasable","15":"product-type-simple"},"aioseo_notices":[],"jetpack_sharing_enabled":true,"brands":[],"_links":{"self":[{"href":"https:\/\/mixshoppjc.com\/index.php?rest_route=\/wp\/v2\/product\/6356","targetHints":{"allow":["GET"]}}],"collection":[{"href":"https:\/\/mixshoppjc.com\/index.php?rest_route=\/wp\/v2\/product"}],"about":[{"href":"https:\/\/mixshoppjc.com\/index.php?rest_route=\/wp\/v2\/types\/product"}],"replies":[{"embeddable":true,"href":"https:\/\/mixshoppjc.com\/index.php?rest_route=%2Fwp%2Fv2%2Fcomments&post=6356"}],"wp:featuredmedia":[{"embeddable":true,"href":"https:\/\/mixshoppjc.com\/index.php?rest_route=\/wp\/v2\/media\/7297"}],"wp:attachment":[{"href":"https:\/\/mixshoppjc.com\/index.php?rest_route=%2Fwp%2Fv2%2Fmedia&parent=6356"}],"wp:term":[{"taxonomy":"pwb-brand","embeddable":true,"href":"https:\/\/mixshoppjc.com\/index.php?rest_route=%2Fwp%2Fv2%2Fpwb-brand&post=6356"},{"taxonomy":"product_cat","embeddable":true,"href":"https:\/\/mixshoppjc.com\/index.php?rest_route=%2Fwp%2Fv2%2Fproduct_cat&post=6356"},{"taxonomy":"product_tag","embeddable":true,"href":"https:\/\/mixshoppjc.com\/index.php?rest_route=%2Fwp%2Fv2%2Fproduct_tag&post=6356"}],"curies":[{"name":"wp","href":"https:\/\/api.w.org\/{rel}","templated":true}]}}