{"id":6354,"date":"2024-02-16T17:29:31","date_gmt":"2024-02-16T20:29:31","guid":{"rendered":"https:\/\/mixshoppjc.com\/index.php\/product\/produto-3765\/"},"modified":"2024-02-29T22:42:33","modified_gmt":"2024-03-01T01:42:33","slug":"produto-3765","status":"publish","type":"product","link":"https:\/\/mixshoppjc.com\/?product=produto-3765","title":{"rendered":"Smartphone Motorola Moto G84 XT2347-1 &#8211; 8\/256GB &#8211..."},"content":{"rendered":"<p>Especifica\u00e7\u00f5es<\/p>\n<p>Resolu\u00e7\u00e3o da tela<br \/>1080 x 2400 pixels<br \/>Propor\u00e7\u00e3o de tela<br \/>85.7%<br \/>Densidade de pixels<br \/>405 ppi<br \/>Sistema Operacional<br \/>Android 13<br \/>Chipset<br \/>Qualcomm SM6375 Snapdragon 695 5G (6 nm)<br \/>CPU<br \/>Octa-core (2&#215;2.2 GHz Kryo 660 Gold &amp; 6&#215;1.7 GHz Kryo 660 Silver)<br \/>GPU<br \/>Adreno 619<br \/>WLAN<br \/>Wi-Fi 802.11 a\/b\/g\/n\/ac &#8211; Banda Dupla &#8211; Wi-Fi Direct<br \/>Bluetooth<br \/>5.1<br \/>Sensores<br \/>Impress\u00e3o digital &#8211; Aceler\u00f4metro &#8211; Girosc\u00f3pio &#8211; Proximidade &#8211; B\u00fassola<br \/>Bateria<br \/>5000mAh<br \/>C\u00e2mera Frontal<br \/>16 MP<br \/>C\u00e2mera Traseira<br \/>50 MP + 8 MP<br \/>Plataforma<br \/>Android<br \/>Mem\u00f3ria interna<br \/>256GB<br \/>Mem\u00f3ria expansivel<br \/>Suporta Cart\u00e3o Micro SD<br \/>Processador<br \/>Octa-Core<br \/>SIM<br \/>Dual-Sim<br \/>Tamanho da tela<br \/>6.5&#8243;<br \/>Conex\u00e3o de Dados<br \/>5G<br \/>Mem\u00f3ria RAM<br \/>8GB<br \/>Dimens\u00f5es da Embalagem<br \/>18.00 cm X 10.00 cm X 6.00 cm<br \/>Peso Bruto<br \/>0.380 kg<\/p>\n","protected":false},"excerpt":{"rendered":"<p>Especifica\u00e7\u00f5es Resolu\u00e7\u00e3o da tela1080 x 2400 pixelsPropor\u00e7\u00e3o de tela85.7%Densidade de pixels405 ppiSistema OperacionalAndroid 13ChipsetQualcomm SM6375 Snapdragon 695 5G (6 nm)CPUOcta-core (2&#215;2.2 GHz Kryo 660 Gold &amp; 6&#215;1.7 GHz Kryo 660 Silver)GPUAdreno 619WLANWi-Fi 802.11 a\/b\/g\/n\/ac &#8211; Banda Dupla &#8211; Wi-Fi DirectBluetooth5.1SensoresImpress\u00e3o digital &#8211; Aceler\u00f4metro &#8211; Girosc\u00f3pio &#8211; Proximidade &#8211; B\u00fassolaBateria5000mAhC\u00e2mera Frontal16 MPC\u00e2mera Traseira50 MP + 8 [&hellip;]<\/p>\n","protected":false},"featured_media":7300,"comment_status":"open","ping_status":"closed","template":"","meta":{"om_disable_all_campaigns":false,"_uf_show_specific_survey":0,"_uf_disable_surveys":false},"pwb-brand":[],"product_cat":[181,155,39],"product_tag":[],"class_list":{"0":"post-6354","1":"product","2":"type-product","3":"status-publish","4":"has-post-thumbnail","6":"product_cat-motorola","7":"product_cat-smartphones","8":"product_cat-celulares-tablets","10":"first","11":"instock","12":"taxable","13":"shipping-taxable","14":"purchasable","15":"product-type-simple"},"aioseo_notices":[],"jetpack_sharing_enabled":true,"brands":[],"_links":{"self":[{"href":"https:\/\/mixshoppjc.com\/index.php?rest_route=\/wp\/v2\/product\/6354","targetHints":{"allow":["GET"]}}],"collection":[{"href":"https:\/\/mixshoppjc.com\/index.php?rest_route=\/wp\/v2\/product"}],"about":[{"href":"https:\/\/mixshoppjc.com\/index.php?rest_route=\/wp\/v2\/types\/product"}],"replies":[{"embeddable":true,"href":"https:\/\/mixshoppjc.com\/index.php?rest_route=%2Fwp%2Fv2%2Fcomments&post=6354"}],"wp:featuredmedia":[{"embeddable":true,"href":"https:\/\/mixshoppjc.com\/index.php?rest_route=\/wp\/v2\/media\/7300"}],"wp:attachment":[{"href":"https:\/\/mixshoppjc.com\/index.php?rest_route=%2Fwp%2Fv2%2Fmedia&parent=6354"}],"wp:term":[{"taxonomy":"pwb-brand","embeddable":true,"href":"https:\/\/mixshoppjc.com\/index.php?rest_route=%2Fwp%2Fv2%2Fpwb-brand&post=6354"},{"taxonomy":"product_cat","embeddable":true,"href":"https:\/\/mixshoppjc.com\/index.php?rest_route=%2Fwp%2Fv2%2Fproduct_cat&post=6354"},{"taxonomy":"product_tag","embeddable":true,"href":"https:\/\/mixshoppjc.com\/index.php?rest_route=%2Fwp%2Fv2%2Fproduct_tag&post=6354"}],"curies":[{"name":"wp","href":"https:\/\/api.w.org\/{rel}","templated":true}]}}