{"id":6352,"date":"2024-02-16T17:29:27","date_gmt":"2024-02-16T20:29:27","guid":{"rendered":"https:\/\/mixshoppjc.com\/index.php\/product\/produto-3763\/"},"modified":"2024-02-29T22:48:19","modified_gmt":"2024-03-01T01:48:19","slug":"produto-3763","status":"publish","type":"product","link":"https:\/\/mixshoppjc.com\/?product=produto-3763","title":{"rendered":"Smartphone Motorola Moto G54 XT2343-1 &#8211; 8\/256GB &#8211..."},"content":{"rendered":"<p>Especifica\u00e7\u00f5es<\/p>\n<p>Resolu\u00e7\u00e3o da tela<br \/>1080 x 2400 pixels<br \/>Propor\u00e7\u00e3o de tela<br \/>85.5%<br \/>Densidade de pixels<br \/>405 ppi<br \/>Sistema Operacional<br \/>Android 13 &#8211; Atualiz\u00e1vel para Android 14<br \/>Chipset<br \/>Mediatek Dimensity 7020 (6 nm)<br \/>CPU<br \/>Octa-core (2&#215;2.2 GHz &amp; 6&#215;2.0 GHz)<br \/>GPU<br \/>IMG BXM-8-256<br \/>WLAN<br \/>Wi-Fi 802.11 a\/b\/g\/n\/ac &#8211; Banda Dupla<br \/>Bluetooth<br \/>5.3<br \/>Sensores<br \/>Impress\u00e3o digital &#8211; Aceler\u00f4metro &#8211; Girosc\u00f3pio &#8211; Proximidade &#8211; B\u00fassola<br \/>Bateria<br \/>5000mAh<br \/>C\u00e2mera Frontal<br \/>16 MP<br \/>C\u00e2mera Traseira<br \/>50 MP + 2 MP<br \/>Plataforma<br \/>Android<br \/>Mem\u00f3ria interna<br \/>256GB<br \/>Mem\u00f3ria expansivel<br \/>Suporta Cart\u00e3o Micro SD<br \/>Processador<br \/>Octa-Core<br \/>SIM<br \/>Dual-Sim<br \/>Tamanho da tela<br \/>6.5&#8243;<br \/>Conex\u00e3o de Dados<br \/>5G<br \/>Mem\u00f3ria RAM<br \/>8GB<br \/>Dimens\u00f5es da Embalagem<br \/>17.00 cm X 8.30 cm X 5.00 cm<br \/>Peso Bruto<br \/>0.410 kg<\/p>\n","protected":false},"excerpt":{"rendered":"<p>Especifica\u00e7\u00f5es Resolu\u00e7\u00e3o da tela1080 x 2400 pixelsPropor\u00e7\u00e3o de tela85.5%Densidade de pixels405 ppiSistema OperacionalAndroid 13 &#8211; Atualiz\u00e1vel para Android 14ChipsetMediatek Dimensity 7020 (6 nm)CPUOcta-core (2&#215;2.2 GHz &amp; 6&#215;2.0 GHz)GPUIMG BXM-8-256WLANWi-Fi 802.11 a\/b\/g\/n\/ac &#8211; Banda DuplaBluetooth5.3SensoresImpress\u00e3o digital &#8211; Aceler\u00f4metro &#8211; Girosc\u00f3pio &#8211; Proximidade &#8211; B\u00fassolaBateria5000mAhC\u00e2mera Frontal16 MPC\u00e2mera Traseira50 MP + 2 MPPlataformaAndroidMem\u00f3ria interna256GBMem\u00f3ria expansivelSuporta Cart\u00e3o Micro SDProcessadorOcta-CoreSIMDual-SimTamanho [&hellip;]<\/p>\n","protected":false},"featured_media":7306,"comment_status":"open","ping_status":"closed","template":"","meta":{"om_disable_all_campaigns":false,"_uf_show_specific_survey":0,"_uf_disable_surveys":false},"pwb-brand":[],"product_cat":[181,155,39],"product_tag":[],"class_list":{"0":"post-6352","1":"product","2":"type-product","3":"status-publish","4":"has-post-thumbnail","6":"product_cat-motorola","7":"product_cat-smartphones","8":"product_cat-celulares-tablets","10":"first","11":"instock","12":"taxable","13":"shipping-taxable","14":"purchasable","15":"product-type-simple"},"aioseo_notices":[],"jetpack_sharing_enabled":true,"brands":[],"_links":{"self":[{"href":"https:\/\/mixshoppjc.com\/index.php?rest_route=\/wp\/v2\/product\/6352","targetHints":{"allow":["GET"]}}],"collection":[{"href":"https:\/\/mixshoppjc.com\/index.php?rest_route=\/wp\/v2\/product"}],"about":[{"href":"https:\/\/mixshoppjc.com\/index.php?rest_route=\/wp\/v2\/types\/product"}],"replies":[{"embeddable":true,"href":"https:\/\/mixshoppjc.com\/index.php?rest_route=%2Fwp%2Fv2%2Fcomments&post=6352"}],"wp:featuredmedia":[{"embeddable":true,"href":"https:\/\/mixshoppjc.com\/index.php?rest_route=\/wp\/v2\/media\/7306"}],"wp:attachment":[{"href":"https:\/\/mixshoppjc.com\/index.php?rest_route=%2Fwp%2Fv2%2Fmedia&parent=6352"}],"wp:term":[{"taxonomy":"pwb-brand","embeddable":true,"href":"https:\/\/mixshoppjc.com\/index.php?rest_route=%2Fwp%2Fv2%2Fpwb-brand&post=6352"},{"taxonomy":"product_cat","embeddable":true,"href":"https:\/\/mixshoppjc.com\/index.php?rest_route=%2Fwp%2Fv2%2Fproduct_cat&post=6352"},{"taxonomy":"product_tag","embeddable":true,"href":"https:\/\/mixshoppjc.com\/index.php?rest_route=%2Fwp%2Fv2%2Fproduct_tag&post=6352"}],"curies":[{"name":"wp","href":"https:\/\/api.w.org\/{rel}","templated":true}]}}