{"id":6349,"date":"2024-02-16T17:29:23","date_gmt":"2024-02-16T20:29:23","guid":{"rendered":"https:\/\/mixshoppjc.com\/index.php\/product\/produto-3760\/"},"modified":"2024-02-29T22:56:19","modified_gmt":"2024-03-01T01:56:19","slug":"produto-3760","status":"publish","type":"product","link":"https:\/\/mixshoppjc.com\/?product=produto-3760","title":{"rendered":"Smartphone Motorola Moto E13 XT2345-2 &#8211; 2\/64GB &#8211;..."},"content":{"rendered":"<p>Especifica\u00e7\u00f5es<\/p>\n<p>Resolu\u00e7\u00e3o da tela<br \/>720 x 1600 pixels<br \/>Propor\u00e7\u00e3o de tela<br \/>82.8%<br \/>Densidade de pixels<br \/>270 ppi<br \/>Sistema Operacional<br \/>Android 13 (Go edition)<br \/>Chipset<br \/>Unisoc T606 (12 nm)<br \/>CPU<br \/>Octa-core (2&#215;1.6 GHz Cortex-A75 &amp; 6&#215;1.6 GHz Cortex-A55)<br \/>GPU<br \/>Mali-G57 MP1<br \/>WLAN<br \/>Wi-Fi 802.11 a\/b\/g\/n\/ac &#8211; Banda Dupla<br \/>Bluetooth<br \/>5.0<br \/>Sensores<br \/>Aceler\u00f4metro &#8211; Proximidade<br \/>Bateria<br \/>5000mAh<br \/>C\u00e2mera Frontal<br \/>5 MP<br \/>C\u00e2mera Traseira<br \/>13 MP<br \/>Plataforma<br \/>Android<br \/>Mem\u00f3ria interna<br \/>64GB<br \/>Mem\u00f3ria expansivel<br \/>Suporta Cart\u00e3o Micro SD<br \/>Processador<br \/>Octa-Core<br \/>SIM<br \/>Dual-Sim<br \/>Tamanho da tela<br \/>6.5&#8243;<br \/>Conex\u00e3o de Dados<br \/>4G<br \/>Mem\u00f3ria RAM<br \/>2GB<br \/>Dimens\u00f5es da Embalagem<br \/>18.00 cm X 9.50 cm X 5.00 cm<br \/>Peso Bruto<br \/>0.380 kg<\/p>\n","protected":false},"excerpt":{"rendered":"<p>Especifica\u00e7\u00f5es Resolu\u00e7\u00e3o da tela720 x 1600 pixelsPropor\u00e7\u00e3o de tela82.8%Densidade de pixels270 ppiSistema OperacionalAndroid 13 (Go edition)ChipsetUnisoc T606 (12 nm)CPUOcta-core (2&#215;1.6 GHz Cortex-A75 &amp; 6&#215;1.6 GHz Cortex-A55)GPUMali-G57 MP1WLANWi-Fi 802.11 a\/b\/g\/n\/ac &#8211; Banda DuplaBluetooth5.0SensoresAceler\u00f4metro &#8211; ProximidadeBateria5000mAhC\u00e2mera Frontal5 MPC\u00e2mera Traseira13 MPPlataformaAndroidMem\u00f3ria interna64GBMem\u00f3ria expansivelSuporta Cart\u00e3o Micro SDProcessadorOcta-CoreSIMDual-SimTamanho da tela6.5&#8243;Conex\u00e3o de Dados4GMem\u00f3ria RAM2GBDimens\u00f5es da Embalagem18.00 cm X 9.50 cm X [&hellip;]<\/p>\n","protected":false},"featured_media":7312,"comment_status":"open","ping_status":"closed","template":"","meta":{"om_disable_all_campaigns":false,"_uf_show_specific_survey":0,"_uf_disable_surveys":false},"pwb-brand":[],"product_cat":[181,155,39],"product_tag":[],"class_list":{"0":"post-6349","1":"product","2":"type-product","3":"status-publish","4":"has-post-thumbnail","6":"product_cat-motorola","7":"product_cat-smartphones","8":"product_cat-celulares-tablets","10":"first","11":"instock","12":"taxable","13":"shipping-taxable","14":"purchasable","15":"product-type-simple"},"aioseo_notices":[],"jetpack_sharing_enabled":true,"brands":[],"_links":{"self":[{"href":"https:\/\/mixshoppjc.com\/index.php?rest_route=\/wp\/v2\/product\/6349","targetHints":{"allow":["GET"]}}],"collection":[{"href":"https:\/\/mixshoppjc.com\/index.php?rest_route=\/wp\/v2\/product"}],"about":[{"href":"https:\/\/mixshoppjc.com\/index.php?rest_route=\/wp\/v2\/types\/product"}],"replies":[{"embeddable":true,"href":"https:\/\/mixshoppjc.com\/index.php?rest_route=%2Fwp%2Fv2%2Fcomments&post=6349"}],"wp:featuredmedia":[{"embeddable":true,"href":"https:\/\/mixshoppjc.com\/index.php?rest_route=\/wp\/v2\/media\/7312"}],"wp:attachment":[{"href":"https:\/\/mixshoppjc.com\/index.php?rest_route=%2Fwp%2Fv2%2Fmedia&parent=6349"}],"wp:term":[{"taxonomy":"pwb-brand","embeddable":true,"href":"https:\/\/mixshoppjc.com\/index.php?rest_route=%2Fwp%2Fv2%2Fpwb-brand&post=6349"},{"taxonomy":"product_cat","embeddable":true,"href":"https:\/\/mixshoppjc.com\/index.php?rest_route=%2Fwp%2Fv2%2Fproduct_cat&post=6349"},{"taxonomy":"product_tag","embeddable":true,"href":"https:\/\/mixshoppjc.com\/index.php?rest_route=%2Fwp%2Fv2%2Fproduct_tag&post=6349"}],"curies":[{"name":"wp","href":"https:\/\/api.w.org\/{rel}","templated":true}]}}