{"id":6346,"date":"2024-02-16T17:29:18","date_gmt":"2024-02-16T20:29:18","guid":{"rendered":"https:\/\/mixshoppjc.com\/index.php\/product\/produto-3757\/"},"modified":"2024-02-29T23:04:21","modified_gmt":"2024-03-01T02:04:21","slug":"produto-3757","status":"publish","type":"product","link":"https:\/\/mixshoppjc.com\/?product=produto-3757","title":{"rendered":"Smartphone Samsung Galaxy A05 SM-A055M &#8211; 4\/64GB &#8211..."},"content":{"rendered":"<p>Especifica\u00e7\u00f5es<\/p>\n<p>Resolu\u00e7\u00e3o da tela<br \/>720 x 1600 pixels<br \/>Propor\u00e7\u00e3o de tela<br \/>82.1%<br \/>Densidade de pixels<br \/>262 ppi<br \/>Sistema Operacional<br \/>Android 13<br \/>Chipset<br \/>Mediatek MT6769V\/CZ Helio G85 (12nm)<br \/>CPU<br \/>Octa-core (2&#215;2.0 GHz Cortex-A75 &amp; 6&#215;1.8 GHz Cortex-A55)<br \/>GPU<br \/>Mali-G52 MC2<br \/>WLAN<br \/>Wi-Fi 802.11 a\/b\/g\/n\/ac &#8211; Banda Dupla &#8211; Wi-Fi Direct<br \/>Bluetooth<br \/>5.3<br \/>Sensores<br \/>Aceler\u00f4metro &#8211; Proximidade<br \/>Bateria<br \/>5000mAh<br \/>C\u00e2mera Frontal<br \/>8 MP<br \/>C\u00e2mera Traseira<br \/>50 MP + 2 MP<br \/>Plataforma<br \/>Android<br \/>Mem\u00f3ria interna<br \/>64GB<br \/>Mem\u00f3ria expansivel<br \/>Suporta Cart\u00e3o Micro SD<br \/>Processador<br \/>Octa-Core<br \/>SIM<br \/>Dual-Sim<br \/>Tamanho da tela<br \/>6.7&#8243;<br \/>Conex\u00e3o de Dados<br \/>4G<br \/>Mem\u00f3ria RAM<br \/>4GB<br \/>Dimens\u00f5es da Embalagem<br \/>17.00 cm X 8.50 cm X 3.00 cm<br \/>Peso Bruto<br \/>0.285 kg<\/p>\n","protected":false},"excerpt":{"rendered":"<p>Especifica\u00e7\u00f5es Resolu\u00e7\u00e3o da tela720 x 1600 pixelsPropor\u00e7\u00e3o de tela82.1%Densidade de pixels262 ppiSistema OperacionalAndroid 13ChipsetMediatek MT6769V\/CZ Helio G85 (12nm)CPUOcta-core (2&#215;2.0 GHz Cortex-A75 &amp; 6&#215;1.8 GHz Cortex-A55)GPUMali-G52 MC2WLANWi-Fi 802.11 a\/b\/g\/n\/ac &#8211; Banda Dupla &#8211; Wi-Fi DirectBluetooth5.3SensoresAceler\u00f4metro &#8211; ProximidadeBateria5000mAhC\u00e2mera Frontal8 MPC\u00e2mera Traseira50 MP + 2 MPPlataformaAndroidMem\u00f3ria interna64GBMem\u00f3ria expansivelSuporta Cart\u00e3o Micro SDProcessadorOcta-CoreSIMDual-SimTamanho da tela6.7&#8243;Conex\u00e3o de Dados4GMem\u00f3ria RAM4GBDimens\u00f5es da Embalagem17.00 [&hellip;]<\/p>\n","protected":false},"featured_media":7318,"comment_status":"open","ping_status":"closed","template":"","meta":{"om_disable_all_campaigns":false,"_uf_show_specific_survey":0,"_uf_disable_surveys":false},"pwb-brand":[],"product_cat":[155,39,63],"product_tag":[],"class_list":{"0":"post-6346","1":"product","2":"type-product","3":"status-publish","4":"has-post-thumbnail","6":"product_cat-smartphones","7":"product_cat-celulares-tablets","8":"product_cat-samsung","10":"first","11":"instock","12":"taxable","13":"shipping-taxable","14":"purchasable","15":"product-type-simple"},"aioseo_notices":[],"jetpack_sharing_enabled":true,"brands":[],"_links":{"self":[{"href":"https:\/\/mixshoppjc.com\/index.php?rest_route=\/wp\/v2\/product\/6346","targetHints":{"allow":["GET"]}}],"collection":[{"href":"https:\/\/mixshoppjc.com\/index.php?rest_route=\/wp\/v2\/product"}],"about":[{"href":"https:\/\/mixshoppjc.com\/index.php?rest_route=\/wp\/v2\/types\/product"}],"replies":[{"embeddable":true,"href":"https:\/\/mixshoppjc.com\/index.php?rest_route=%2Fwp%2Fv2%2Fcomments&post=6346"}],"wp:featuredmedia":[{"embeddable":true,"href":"https:\/\/mixshoppjc.com\/index.php?rest_route=\/wp\/v2\/media\/7318"}],"wp:attachment":[{"href":"https:\/\/mixshoppjc.com\/index.php?rest_route=%2Fwp%2Fv2%2Fmedia&parent=6346"}],"wp:term":[{"taxonomy":"pwb-brand","embeddable":true,"href":"https:\/\/mixshoppjc.com\/index.php?rest_route=%2Fwp%2Fv2%2Fpwb-brand&post=6346"},{"taxonomy":"product_cat","embeddable":true,"href":"https:\/\/mixshoppjc.com\/index.php?rest_route=%2Fwp%2Fv2%2Fproduct_cat&post=6346"},{"taxonomy":"product_tag","embeddable":true,"href":"https:\/\/mixshoppjc.com\/index.php?rest_route=%2Fwp%2Fv2%2Fproduct_tag&post=6346"}],"curies":[{"name":"wp","href":"https:\/\/api.w.org\/{rel}","templated":true}]}}