{"id":6342,"date":"2024-02-16T17:29:12","date_gmt":"2024-02-16T20:29:12","guid":{"rendered":"https:\/\/mixshoppjc.com\/index.php\/product\/produto-3753\/"},"modified":"2024-02-29T23:17:05","modified_gmt":"2024-03-01T02:17:05","slug":"produto-3753","status":"publish","type":"product","link":"https:\/\/mixshoppjc.com\/?product=produto-3753","title":{"rendered":"Smartphone Samsung Galaxy S23 FE S711B &#8211; 8\/128GB &#821..."},"content":{"rendered":"<p>Especifica\u00e7\u00f5es<\/p>\n<p>Resolu\u00e7\u00e3o da tela<br \/>1080 x 2340 pixels<br \/>Propor\u00e7\u00e3o de tela<br \/>83.2%<br \/>Densidade de pixels<br \/>403 ppi<br \/>Sistema Operacional<br \/>Android 13 &#8211; One UI 5.1<br \/>Chipset<br \/>Exynos 2200 (4 nm)<br \/>CPU<br \/>Octa-core (1&#215;2.8 GHz Cortex-X2 &amp; 3&#215;2.50 GHz Cortex-A710 &amp; 4&#215;1.8 GHz Cortex-A51<br \/>GPU<br \/>Xclipse 920<br \/>WLAN<br \/>Wi-Fi 802.11 a\/b\/g\/n\/ac\/6e &#8211; Banda Dupla &#8211; Wi-Fi Direct<br \/>Bluetooth<br \/>5.3<br \/>Sensores<br \/>Impress\u00e3o digital &#8211; Aceler\u00f4metro &#8211; Girosc\u00f3pio &#8211; B\u00fassola &#8211; Sensor de proximidade virtual &#8211; Samsung DeX<br \/>Bateria<br \/>4500mAh<br \/>C\u00e2mera Frontal<br \/>10 MP<br \/>C\u00e2mera Traseira<br \/>50 MP + 12 MP + 8 MP<br \/>Plataforma<br \/>Android<br \/>Mem\u00f3ria interna<br \/>128GB<br \/>Mem\u00f3ria expansivel<br \/>Sem slot para cart\u00e3o<br \/>Processador<br \/>Octa-Core<br \/>SIM<br \/>Dual-Sim<br \/>Tamanho da tela<br \/>6.4&#8243;<br \/>Conex\u00e3o de Dados<br \/>5G<br \/>Mem\u00f3ria RAM<br \/>8GB<br \/>Dimens\u00f5es da Embalagem<br \/>16.50 cm X 9.00 cm X 3.00 cm<br \/>Peso Bruto<br \/>0.300 kg<\/p>\n","protected":false},"excerpt":{"rendered":"<p>Especifica\u00e7\u00f5es Resolu\u00e7\u00e3o da tela1080 x 2340 pixelsPropor\u00e7\u00e3o de tela83.2%Densidade de pixels403 ppiSistema OperacionalAndroid 13 &#8211; One UI 5.1ChipsetExynos 2200 (4 nm)CPUOcta-core (1&#215;2.8 GHz Cortex-X2 &amp; 3&#215;2.50 GHz Cortex-A710 &amp; 4&#215;1.8 GHz Cortex-A51GPUXclipse 920WLANWi-Fi 802.11 a\/b\/g\/n\/ac\/6e &#8211; Banda Dupla &#8211; Wi-Fi DirectBluetooth5.3SensoresImpress\u00e3o digital &#8211; Aceler\u00f4metro &#8211; Girosc\u00f3pio &#8211; B\u00fassola &#8211; Sensor de proximidade virtual &#8211; Samsung [&hellip;]<\/p>\n","protected":false},"featured_media":7326,"comment_status":"open","ping_status":"closed","template":"","meta":{"om_disable_all_campaigns":false,"_uf_show_specific_survey":0,"_uf_disable_surveys":false},"pwb-brand":[],"product_cat":[155,39,63],"product_tag":[],"class_list":{"0":"post-6342","1":"product","2":"type-product","3":"status-publish","4":"has-post-thumbnail","6":"product_cat-smartphones","7":"product_cat-celulares-tablets","8":"product_cat-samsung","10":"first","11":"instock","12":"taxable","13":"shipping-taxable","14":"purchasable","15":"product-type-simple"},"aioseo_notices":[],"jetpack_sharing_enabled":true,"brands":[],"_links":{"self":[{"href":"https:\/\/mixshoppjc.com\/index.php?rest_route=\/wp\/v2\/product\/6342","targetHints":{"allow":["GET"]}}],"collection":[{"href":"https:\/\/mixshoppjc.com\/index.php?rest_route=\/wp\/v2\/product"}],"about":[{"href":"https:\/\/mixshoppjc.com\/index.php?rest_route=\/wp\/v2\/types\/product"}],"replies":[{"embeddable":true,"href":"https:\/\/mixshoppjc.com\/index.php?rest_route=%2Fwp%2Fv2%2Fcomments&post=6342"}],"wp:featuredmedia":[{"embeddable":true,"href":"https:\/\/mixshoppjc.com\/index.php?rest_route=\/wp\/v2\/media\/7326"}],"wp:attachment":[{"href":"https:\/\/mixshoppjc.com\/index.php?rest_route=%2Fwp%2Fv2%2Fmedia&parent=6342"}],"wp:term":[{"taxonomy":"pwb-brand","embeddable":true,"href":"https:\/\/mixshoppjc.com\/index.php?rest_route=%2Fwp%2Fv2%2Fpwb-brand&post=6342"},{"taxonomy":"product_cat","embeddable":true,"href":"https:\/\/mixshoppjc.com\/index.php?rest_route=%2Fwp%2Fv2%2Fproduct_cat&post=6342"},{"taxonomy":"product_tag","embeddable":true,"href":"https:\/\/mixshoppjc.com\/index.php?rest_route=%2Fwp%2Fv2%2Fproduct_tag&post=6342"}],"curies":[{"name":"wp","href":"https:\/\/api.w.org\/{rel}","templated":true}]}}