{"id":6339,"date":"2024-02-16T17:29:07","date_gmt":"2024-02-16T20:29:07","guid":{"rendered":"https:\/\/mixshoppjc.com\/index.php\/product\/produto-3750\/"},"modified":"2024-02-29T23:24:01","modified_gmt":"2024-03-01T02:24:01","slug":"produto-3750","status":"publish","type":"product","link":"https:\/\/mixshoppjc.com\/?product=produto-3750","title":{"rendered":"Smartphone  Xiaomi Redmi A2 &#8211; 3\/64GB &#8211; 6.52&#822..."},"content":{"rendered":"<p>Especifica\u00e7\u00f5es<\/p>\n<p>Resolu\u00e7\u00e3o da tela<br \/>720 x 1600 pixels<br \/>Propor\u00e7\u00e3o de tela<br \/>81.0%<br \/>Densidade de pixels<br \/>269 ppi<br \/>Sistema Operacional<br \/>Android 13 (Go edition) &#8211; MIUI 13<br \/>Chipset<br \/>Mediatek Helio G36 (12 nm)<br \/>CPU<br \/>Octa-core (4&#215;2.2 GHz Cortex-A53 &amp; 4&#215;1.7 GHz Cortex-A53)<br \/>GPU<br \/>PowerVR GE8320<br \/>WLAN<br \/>Wi-Fi 802.11 a\/b\/g\/n<br \/>Bluetooth<br \/>5.0<br \/>Sensores<br \/>Aceler\u00f4metro<br \/>Bateria<br \/>5000mAh<br \/>C\u00e2mera Frontal<br \/>5 MP<br \/>C\u00e2mera Traseira<br \/>8 MP + 0.08 MP<br \/>Plataforma<br \/>Android<br \/>Mem\u00f3ria interna<br \/>64GB<br \/>Mem\u00f3ria expansivel<br \/>Suporta Cart\u00e3o Micro SD<br \/>Processador<br \/>Octa-Core<br \/>SIM<br \/>Dual-Sim<br \/>Tamanho da tela<br \/>6.5&#8243;<br \/>Conex\u00e3o de Dados<br \/>4G<br \/>Mem\u00f3ria RAM<br \/>3GB<br \/>Dimens\u00f5es da Embalagem<br \/>17.60 cm X 8.20 cm X 5.00 cm<br \/>Peso Bruto<br \/>0.330 kg<\/p>\n","protected":false},"excerpt":{"rendered":"<p>Especifica\u00e7\u00f5es Resolu\u00e7\u00e3o da tela720 x 1600 pixelsPropor\u00e7\u00e3o de tela81.0%Densidade de pixels269 ppiSistema OperacionalAndroid 13 (Go edition) &#8211; MIUI 13ChipsetMediatek Helio G36 (12 nm)CPUOcta-core (4&#215;2.2 GHz Cortex-A53 &amp; 4&#215;1.7 GHz Cortex-A53)GPUPowerVR GE8320WLANWi-Fi 802.11 a\/b\/g\/nBluetooth5.0SensoresAceler\u00f4metroBateria5000mAhC\u00e2mera Frontal5 MPC\u00e2mera Traseira8 MP + 0.08 MPPlataformaAndroidMem\u00f3ria interna64GBMem\u00f3ria expansivelSuporta Cart\u00e3o Micro SDProcessadorOcta-CoreSIMDual-SimTamanho da tela6.5&#8243;Conex\u00e3o de Dados4GMem\u00f3ria RAM3GBDimens\u00f5es da Embalagem17.60 cm X 8.20 [&hellip;]<\/p>\n","protected":false},"featured_media":7328,"comment_status":"open","ping_status":"closed","template":"","meta":{"om_disable_all_campaigns":false,"_uf_show_specific_survey":0,"_uf_disable_surveys":false},"pwb-brand":[],"product_cat":[155,39,53],"product_tag":[],"class_list":{"0":"post-6339","1":"product","2":"type-product","3":"status-publish","4":"has-post-thumbnail","6":"product_cat-smartphones","7":"product_cat-celulares-tablets","8":"product_cat-xiaomi-celulares-e-telefones","10":"first","11":"instock","12":"taxable","13":"shipping-taxable","14":"purchasable","15":"product-type-simple"},"aioseo_notices":[],"jetpack_sharing_enabled":true,"brands":[],"_links":{"self":[{"href":"https:\/\/mixshoppjc.com\/index.php?rest_route=\/wp\/v2\/product\/6339","targetHints":{"allow":["GET"]}}],"collection":[{"href":"https:\/\/mixshoppjc.com\/index.php?rest_route=\/wp\/v2\/product"}],"about":[{"href":"https:\/\/mixshoppjc.com\/index.php?rest_route=\/wp\/v2\/types\/product"}],"replies":[{"embeddable":true,"href":"https:\/\/mixshoppjc.com\/index.php?rest_route=%2Fwp%2Fv2%2Fcomments&post=6339"}],"wp:featuredmedia":[{"embeddable":true,"href":"https:\/\/mixshoppjc.com\/index.php?rest_route=\/wp\/v2\/media\/7328"}],"wp:attachment":[{"href":"https:\/\/mixshoppjc.com\/index.php?rest_route=%2Fwp%2Fv2%2Fmedia&parent=6339"}],"wp:term":[{"taxonomy":"pwb-brand","embeddable":true,"href":"https:\/\/mixshoppjc.com\/index.php?rest_route=%2Fwp%2Fv2%2Fpwb-brand&post=6339"},{"taxonomy":"product_cat","embeddable":true,"href":"https:\/\/mixshoppjc.com\/index.php?rest_route=%2Fwp%2Fv2%2Fproduct_cat&post=6339"},{"taxonomy":"product_tag","embeddable":true,"href":"https:\/\/mixshoppjc.com\/index.php?rest_route=%2Fwp%2Fv2%2Fproduct_tag&post=6339"}],"curies":[{"name":"wp","href":"https:\/\/api.w.org\/{rel}","templated":true}]}}