{"id":6336,"date":"2024-02-16T17:29:03","date_gmt":"2024-02-16T20:29:03","guid":{"rendered":"https:\/\/mixshoppjc.com\/index.php\/product\/produto-3747\/"},"modified":"2024-03-01T11:45:29","modified_gmt":"2024-03-01T14:45:29","slug":"produto-3747","status":"publish","type":"product","link":"https:\/\/mixshoppjc.com\/?product=produto-3747","title":{"rendered":"Cabo Apple USB-C \/ USB-C MM093ZM\/A 60W \/ 1 Metro &#8211; Bra..."},"content":{"rendered":"<p><strong>O Cabo Apple USB-C \/ USB-C MM093ZM\/A em branco \u00e9 uma solu\u00e7\u00e3o de alta qualidade projetada para conectividade eficiente e carregamento r\u00e1pido. Compat\u00edvel com dispositivos Apple que suportam a tecnologia USB-C, este cabo de 1 metro oferece uma solu\u00e7\u00e3o confi\u00e1vel para transfer\u00eancia de dados e fornecimento de energia.<\/strong><\/p>\n","protected":false},"excerpt":{"rendered":"<p>O Cabo Apple USB-C \/ USB-C MM093ZM\/A em branco \u00e9 uma solu\u00e7\u00e3o de alta qualidade projetada para conectividade eficiente e carregamento r\u00e1pido. Compat\u00edvel com dispositivos Apple que suportam a tecnologia USB-C, este cabo de 1 metro oferece uma solu\u00e7\u00e3o confi\u00e1vel para transfer\u00eancia de dados e fornecimento de energia.<\/p>\n","protected":false},"featured_media":7344,"comment_status":"open","ping_status":"closed","template":"","meta":{"om_disable_all_campaigns":false,"_uf_show_specific_survey":0,"_uf_disable_surveys":false},"pwb-brand":[],"product_cat":[33,57],"product_tag":[],"class_list":{"0":"post-6336","1":"product","2":"type-product","3":"status-publish","4":"has-post-thumbnail","6":"product_cat-acessorios-e-perifericos","7":"product_cat-cabos","9":"first","10":"instock","11":"taxable","12":"shipping-taxable","13":"purchasable","14":"product-type-simple"},"aioseo_notices":[],"jetpack_sharing_enabled":true,"brands":[],"_links":{"self":[{"href":"https:\/\/mixshoppjc.com\/index.php?rest_route=\/wp\/v2\/product\/6336","targetHints":{"allow":["GET"]}}],"collection":[{"href":"https:\/\/mixshoppjc.com\/index.php?rest_route=\/wp\/v2\/product"}],"about":[{"href":"https:\/\/mixshoppjc.com\/index.php?rest_route=\/wp\/v2\/types\/product"}],"replies":[{"embeddable":true,"href":"https:\/\/mixshoppjc.com\/index.php?rest_route=%2Fwp%2Fv2%2Fcomments&post=6336"}],"wp:featuredmedia":[{"embeddable":true,"href":"https:\/\/mixshoppjc.com\/index.php?rest_route=\/wp\/v2\/media\/7344"}],"wp:attachment":[{"href":"https:\/\/mixshoppjc.com\/index.php?rest_route=%2Fwp%2Fv2%2Fmedia&parent=6336"}],"wp:term":[{"taxonomy":"pwb-brand","embeddable":true,"href":"https:\/\/mixshoppjc.com\/index.php?rest_route=%2Fwp%2Fv2%2Fpwb-brand&post=6336"},{"taxonomy":"product_cat","embeddable":true,"href":"https:\/\/mixshoppjc.com\/index.php?rest_route=%2Fwp%2Fv2%2Fproduct_cat&post=6336"},{"taxonomy":"product_tag","embeddable":true,"href":"https:\/\/mixshoppjc.com\/index.php?rest_route=%2Fwp%2Fv2%2Fproduct_tag&post=6336"}],"curies":[{"name":"wp","href":"https:\/\/api.w.org\/{rel}","templated":true}]}}