{"id":6334,"date":"2024-02-16T17:28:57","date_gmt":"2024-02-16T20:28:57","guid":{"rendered":"https:\/\/mixshoppjc.com\/index.php\/product\/produto-3745\/"},"modified":"2024-03-01T11:51:38","modified_gmt":"2024-03-01T14:51:38","slug":"produto-3745","status":"publish","type":"product","link":"https:\/\/mixshoppjc.com\/?product=produto-3745","title":{"rendered":"Carregador Sem fio Xiaomi Mi 20W Wireless Charging Stand WPC..."},"content":{"rendered":"<p>Estrutura de suporte vertical, carregamento r\u00e1pido durante o jogo<br \/>Carregador de flash sem fio de 20 W, compat\u00edvel com a maioria dos dispositivos de carregamento sem fio<br \/>Design de bobina dupla, carregando nas posi\u00e7\u00f5es vertical e horizontal<br \/>4 mm de dist\u00e2ncia de detec\u00e7\u00e3o, telefones podem ser carregados mesmo com o estojo<br \/>Detec\u00e7\u00e3o de corpo estranho FOD inteligente, prote\u00e7\u00e3o m\u00faltipla para seguran\u00e7a<\/p>\n","protected":false},"excerpt":{"rendered":"<p>Estrutura de suporte vertical, carregamento r\u00e1pido durante o jogoCarregador de flash sem fio de 20 W, compat\u00edvel com a maioria dos dispositivos de carregamento sem fioDesign de bobina dupla, carregando nas posi\u00e7\u00f5es vertical e horizontal4 mm de dist\u00e2ncia de detec\u00e7\u00e3o, telefones podem ser carregados mesmo com o estojoDetec\u00e7\u00e3o de corpo estranho FOD inteligente, prote\u00e7\u00e3o m\u00faltipla [&hellip;]<\/p>\n","protected":false},"featured_media":7347,"comment_status":"open","ping_status":"closed","template":"","meta":{"om_disable_all_campaigns":false,"_uf_show_specific_survey":0,"_uf_disable_surveys":false},"pwb-brand":[],"product_cat":[33,127],"product_tag":[],"class_list":{"0":"post-6334","1":"product","2":"type-product","3":"status-publish","4":"has-post-thumbnail","6":"product_cat-acessorios-e-perifericos","7":"product_cat-carregadores","9":"first","10":"instock","11":"taxable","12":"shipping-taxable","13":"purchasable","14":"product-type-simple"},"aioseo_notices":[],"jetpack_sharing_enabled":true,"brands":[],"_links":{"self":[{"href":"https:\/\/mixshoppjc.com\/index.php?rest_route=\/wp\/v2\/product\/6334","targetHints":{"allow":["GET"]}}],"collection":[{"href":"https:\/\/mixshoppjc.com\/index.php?rest_route=\/wp\/v2\/product"}],"about":[{"href":"https:\/\/mixshoppjc.com\/index.php?rest_route=\/wp\/v2\/types\/product"}],"replies":[{"embeddable":true,"href":"https:\/\/mixshoppjc.com\/index.php?rest_route=%2Fwp%2Fv2%2Fcomments&post=6334"}],"wp:featuredmedia":[{"embeddable":true,"href":"https:\/\/mixshoppjc.com\/index.php?rest_route=\/wp\/v2\/media\/7347"}],"wp:attachment":[{"href":"https:\/\/mixshoppjc.com\/index.php?rest_route=%2Fwp%2Fv2%2Fmedia&parent=6334"}],"wp:term":[{"taxonomy":"pwb-brand","embeddable":true,"href":"https:\/\/mixshoppjc.com\/index.php?rest_route=%2Fwp%2Fv2%2Fpwb-brand&post=6334"},{"taxonomy":"product_cat","embeddable":true,"href":"https:\/\/mixshoppjc.com\/index.php?rest_route=%2Fwp%2Fv2%2Fproduct_cat&post=6334"},{"taxonomy":"product_tag","embeddable":true,"href":"https:\/\/mixshoppjc.com\/index.php?rest_route=%2Fwp%2Fv2%2Fproduct_tag&post=6334"}],"curies":[{"name":"wp","href":"https:\/\/api.w.org\/{rel}","templated":true}]}}