{"id":6332,"date":"2024-02-16T17:28:54","date_gmt":"2024-02-16T20:28:54","guid":{"rendered":"https:\/\/mixshoppjc.com\/index.php\/product\/produto-3743\/"},"modified":"2024-03-01T11:58:40","modified_gmt":"2024-03-01T14:58:40","slug":"produto-3743","status":"publish","type":"product","link":"https:\/\/mixshoppjc.com\/?product=produto-3743","title":{"rendered":"C\u00e2mera De Vigil\u00e2ncia Ecopower EP-C002 HD Wi-Fi &#8211; Bra..."},"content":{"rendered":"<p>Marca<br \/>Ecopower<br \/>Part Number<br \/>EP-C002<br \/>Cor<br \/>Branco<br \/>Assist\u00eancia T\u00e9cnica<br \/>3 Meses de Assist\u00eancia T\u00e9cnica<\/p>\n<p>C\u00e2mara de vigil\u00e2ncia com lentes de 3,6 mm, dist\u00e2ncia de vis\u00e3o noturna com alcance de cerca de 20 metros aproximadamente y tamanho de imagem de 1080p. Pode ser controlado por dispositivo m\u00f3vel e tarjeta Micro SD de 128 GB. Compat\u00edvel com Android, iPhone e Windows.<\/p>\n","protected":false},"excerpt":{"rendered":"<p>MarcaEcopowerPart NumberEP-C002CorBrancoAssist\u00eancia T\u00e9cnica3 Meses de Assist\u00eancia T\u00e9cnica C\u00e2mara de vigil\u00e2ncia com lentes de 3,6 mm, dist\u00e2ncia de vis\u00e3o noturna com alcance de cerca de 20 metros aproximadamente y tamanho de imagem de 1080p. Pode ser controlado por dispositivo m\u00f3vel e tarjeta Micro SD de 128 GB. Compat\u00edvel com Android, iPhone e Windows.<\/p>\n","protected":false},"featured_media":7354,"comment_status":"open","ping_status":"closed","template":"","meta":{"om_disable_all_campaigns":false,"_uf_show_specific_survey":0,"_uf_disable_surveys":false},"pwb-brand":[],"product_cat":[183,40,48],"product_tag":[],"class_list":{"0":"post-6332","1":"product","2":"type-product","3":"status-publish","4":"has-post-thumbnail","6":"product_cat-camera","7":"product_cat-eletronicos","8":"product_cat-seguranca-tv-e-video","10":"first","11":"instock","12":"taxable","13":"shipping-taxable","14":"purchasable","15":"product-type-simple"},"aioseo_notices":[],"jetpack_sharing_enabled":true,"brands":[],"_links":{"self":[{"href":"https:\/\/mixshoppjc.com\/index.php?rest_route=\/wp\/v2\/product\/6332","targetHints":{"allow":["GET"]}}],"collection":[{"href":"https:\/\/mixshoppjc.com\/index.php?rest_route=\/wp\/v2\/product"}],"about":[{"href":"https:\/\/mixshoppjc.com\/index.php?rest_route=\/wp\/v2\/types\/product"}],"replies":[{"embeddable":true,"href":"https:\/\/mixshoppjc.com\/index.php?rest_route=%2Fwp%2Fv2%2Fcomments&post=6332"}],"wp:featuredmedia":[{"embeddable":true,"href":"https:\/\/mixshoppjc.com\/index.php?rest_route=\/wp\/v2\/media\/7354"}],"wp:attachment":[{"href":"https:\/\/mixshoppjc.com\/index.php?rest_route=%2Fwp%2Fv2%2Fmedia&parent=6332"}],"wp:term":[{"taxonomy":"pwb-brand","embeddable":true,"href":"https:\/\/mixshoppjc.com\/index.php?rest_route=%2Fwp%2Fv2%2Fpwb-brand&post=6332"},{"taxonomy":"product_cat","embeddable":true,"href":"https:\/\/mixshoppjc.com\/index.php?rest_route=%2Fwp%2Fv2%2Fproduct_cat&post=6332"},{"taxonomy":"product_tag","embeddable":true,"href":"https:\/\/mixshoppjc.com\/index.php?rest_route=%2Fwp%2Fv2%2Fproduct_tag&post=6332"}],"curies":[{"name":"wp","href":"https:\/\/api.w.org\/{rel}","templated":true}]}}