{"id":6331,"date":"2024-02-16T17:28:52","date_gmt":"2024-02-16T20:28:52","guid":{"rendered":"https:\/\/mixshoppjc.com\/index.php\/product\/produto-3742\/"},"modified":"2024-03-01T12:00:23","modified_gmt":"2024-03-01T15:00:23","slug":"produto-3742","status":"publish","type":"product","link":"https:\/\/mixshoppjc.com\/?product=produto-3742","title":{"rendered":"CAMERA IP ECOPOWER EP-C016 3MP BOCAL E27 WiFi"},"content":{"rendered":"<p>Marca: Ecopower<br \/>Modelo: EP-C016<br \/>C\u00e2mera inteligente<br \/>Comunica\u00e7\u00e3o de \u00e1udio bidirecional<br \/>Vis\u00e3o noturna 20 metros<br \/>8 PCS Array Led light<br \/>Cart\u00e3o Micro SD (At\u00e9 256 N\u00c3O INCLU\u00cdDOS)<br \/>HD 3.0 Megapixel<br \/>Informa\u00e7\u00f5es sobre o rastreamento de alarmes<br \/>Imagem colorida \u00e0 noite e de dia<br \/>Intercomunicador de voz em tempo real<\/p>\n","protected":false},"excerpt":{"rendered":"<p>Marca: EcopowerModelo: EP-C016C\u00e2mera inteligenteComunica\u00e7\u00e3o de \u00e1udio bidirecionalVis\u00e3o noturna 20 metros8 PCS Array Led lightCart\u00e3o Micro SD (At\u00e9 256 N\u00c3O INCLU\u00cdDOS)HD 3.0 MegapixelInforma\u00e7\u00f5es sobre o rastreamento de alarmesImagem colorida \u00e0 noite e de diaIntercomunicador de voz em tempo real<\/p>\n","protected":false},"featured_media":7357,"comment_status":"open","ping_status":"closed","template":"","meta":{"om_disable_all_campaigns":false,"_uf_show_specific_survey":0,"_uf_disable_surveys":false},"pwb-brand":[],"product_cat":[183,40,48],"product_tag":[],"class_list":{"0":"post-6331","1":"product","2":"type-product","3":"status-publish","4":"has-post-thumbnail","6":"product_cat-camera","7":"product_cat-eletronicos","8":"product_cat-seguranca-tv-e-video","10":"first","11":"instock","12":"taxable","13":"shipping-taxable","14":"purchasable","15":"product-type-simple"},"aioseo_notices":[],"jetpack_sharing_enabled":true,"brands":[],"_links":{"self":[{"href":"https:\/\/mixshoppjc.com\/index.php?rest_route=\/wp\/v2\/product\/6331","targetHints":{"allow":["GET"]}}],"collection":[{"href":"https:\/\/mixshoppjc.com\/index.php?rest_route=\/wp\/v2\/product"}],"about":[{"href":"https:\/\/mixshoppjc.com\/index.php?rest_route=\/wp\/v2\/types\/product"}],"replies":[{"embeddable":true,"href":"https:\/\/mixshoppjc.com\/index.php?rest_route=%2Fwp%2Fv2%2Fcomments&post=6331"}],"wp:featuredmedia":[{"embeddable":true,"href":"https:\/\/mixshoppjc.com\/index.php?rest_route=\/wp\/v2\/media\/7357"}],"wp:attachment":[{"href":"https:\/\/mixshoppjc.com\/index.php?rest_route=%2Fwp%2Fv2%2Fmedia&parent=6331"}],"wp:term":[{"taxonomy":"pwb-brand","embeddable":true,"href":"https:\/\/mixshoppjc.com\/index.php?rest_route=%2Fwp%2Fv2%2Fpwb-brand&post=6331"},{"taxonomy":"product_cat","embeddable":true,"href":"https:\/\/mixshoppjc.com\/index.php?rest_route=%2Fwp%2Fv2%2Fproduct_cat&post=6331"},{"taxonomy":"product_tag","embeddable":true,"href":"https:\/\/mixshoppjc.com\/index.php?rest_route=%2Fwp%2Fv2%2Fproduct_tag&post=6331"}],"curies":[{"name":"wp","href":"https:\/\/api.w.org\/{rel}","templated":true}]}}