{"id":6298,"date":"2024-02-16T17:28:01","date_gmt":"2024-02-16T20:28:01","guid":{"rendered":"https:\/\/mixshoppjc.com\/index.php\/product\/produto-3709\/"},"modified":"2024-03-02T16:08:56","modified_gmt":"2024-03-02T19:08:56","slug":"produto-3709","status":"publish","type":"product","link":"https:\/\/mixshoppjc.com\/?product=produto-3709","title":{"rendered":"headset Gamer Satellite AE-265 3.5mm &#8211; Preto\/Vermelho"},"content":{"rendered":"<p>O fone de ouvido Gamer Satellite AE-265 tem um design elegante com \u00e1udio n\u00edtido e o microfone embutido tem cancelamento de ru\u00eddo de alta qualidade, o alto-falante avan\u00e7ado oferece \u00e1udio cristalino. As almofadas s\u00e3o confort\u00e1veis \u200b\u200be dur\u00e1veis \u200b\u200bpara que voc\u00ea possa tocar por horas com total conforto. Tem uma conex\u00e3o de 3.5mm e controles de volume em linha para ajustar o n\u00edvel de volume e encontrar o n\u00edvel de som perfeito.<\/p>\n","protected":false},"excerpt":{"rendered":"<p>O fone de ouvido Gamer Satellite AE-265 tem um design elegante com \u00e1udio n\u00edtido e o microfone embutido tem cancelamento de ru\u00eddo de alta qualidade, o alto-falante avan\u00e7ado oferece \u00e1udio cristalino. As almofadas s\u00e3o confort\u00e1veis \u200b\u200be dur\u00e1veis \u200b\u200bpara que voc\u00ea possa tocar por horas com total conforto. Tem uma conex\u00e3o de 3.5mm e controles de [&hellip;]<\/p>\n","protected":false},"featured_media":7476,"comment_status":"open","ping_status":"closed","template":"","meta":{"om_disable_all_campaigns":false,"_uf_show_specific_survey":0,"_uf_disable_surveys":false},"pwb-brand":[],"product_cat":[184,33,44,79,41],"product_tag":[],"class_list":{"0":"post-6298","1":"product","2":"type-product","3":"status-publish","4":"has-post-thumbnail","6":"product_cat-headsets","7":"product_cat-acessorios-e-perifericos","8":"product_cat-informatica","9":"product_cat-perifericos","10":"product_cat-games","12":"first","13":"instock","14":"sale","15":"taxable","16":"shipping-taxable","17":"purchasable","18":"product-type-simple"},"aioseo_notices":[],"jetpack_sharing_enabled":true,"brands":[],"_links":{"self":[{"href":"https:\/\/mixshoppjc.com\/index.php?rest_route=\/wp\/v2\/product\/6298","targetHints":{"allow":["GET"]}}],"collection":[{"href":"https:\/\/mixshoppjc.com\/index.php?rest_route=\/wp\/v2\/product"}],"about":[{"href":"https:\/\/mixshoppjc.com\/index.php?rest_route=\/wp\/v2\/types\/product"}],"replies":[{"embeddable":true,"href":"https:\/\/mixshoppjc.com\/index.php?rest_route=%2Fwp%2Fv2%2Fcomments&post=6298"}],"wp:featuredmedia":[{"embeddable":true,"href":"https:\/\/mixshoppjc.com\/index.php?rest_route=\/wp\/v2\/media\/7476"}],"wp:attachment":[{"href":"https:\/\/mixshoppjc.com\/index.php?rest_route=%2Fwp%2Fv2%2Fmedia&parent=6298"}],"wp:term":[{"taxonomy":"pwb-brand","embeddable":true,"href":"https:\/\/mixshoppjc.com\/index.php?rest_route=%2Fwp%2Fv2%2Fpwb-brand&post=6298"},{"taxonomy":"product_cat","embeddable":true,"href":"https:\/\/mixshoppjc.com\/index.php?rest_route=%2Fwp%2Fv2%2Fproduct_cat&post=6298"},{"taxonomy":"product_tag","embeddable":true,"href":"https:\/\/mixshoppjc.com\/index.php?rest_route=%2Fwp%2Fv2%2Fproduct_tag&post=6298"}],"curies":[{"name":"wp","href":"https:\/\/api.w.org\/{rel}","templated":true}]}}