{"id":6295,"date":"2024-02-16T17:27:55","date_gmt":"2024-02-16T20:27:55","guid":{"rendered":"https:\/\/mixshoppjc.com\/index.php\/product\/produto-3706\/"},"modified":"2024-03-08T14:22:14","modified_gmt":"2024-03-08T17:22:14","slug":"produto-3706","status":"publish","type":"product","link":"https:\/\/mixshoppjc.com\/?product=produto-3706","title":{"rendered":"Smartwatch G-TAB GT5 PRO SMARTWACHT GOLD WHITE"},"content":{"rendered":"<p><strong>Modelo<\/strong>GT5 Pro<br \/><strong>Tipo de tela<\/strong>IPS de 1.32&#8243;<br \/><strong>Tamanho da caixa<\/strong>14,4 mm<br \/><strong>Compatibilidade<\/strong>Android | iOS<br \/><strong>Mem\u00f3ria interna<\/strong>128 MB<br \/><strong>Conectividade wireless<\/strong>Bluetooth v4.0<br \/><strong>Chamadas<\/strong>Sim<br \/><strong>Notifica\u00e7\u00f5es de mensagens<\/strong>Sim<br \/><strong>Monitoramento de sa\u00fade<\/strong>Monitoramento da frequ\u00eancia card\u00edaca | Monitoramento de oxig\u00eanio no sangue | Monitoramento do sono<br \/><strong>Resist\u00eancia \u00e0 \u00e1gua<\/strong>Prote\u00e7\u00e3o IP67<br \/><strong>Bateria<\/strong>300 mAh<br \/><strong>Autonomia da bateria<\/strong>At\u00e9 10 Dias<br \/><strong>Pulseira<\/strong>Malha de silicone | Branco<br \/><strong>Cor<\/strong>Dourado<\/p>\n","protected":false},"excerpt":{"rendered":"<p>ModeloGT5 ProTipo de telaIPS de 1.32&#8243;Tamanho da caixa14,4 mmCompatibilidadeAndroid | iOSMem\u00f3ria interna128 MBConectividade wirelessBluetooth v4.0ChamadasSimNotifica\u00e7\u00f5es de mensagensSimMonitoramento de sa\u00fadeMonitoramento da frequ\u00eancia card\u00edaca | Monitoramento de oxig\u00eanio no sangue | Monitoramento do sonoResist\u00eancia \u00e0 \u00e1guaProte\u00e7\u00e3o IP67Bateria300 mAhAutonomia da bateriaAt\u00e9 10 DiasPulseiraMalha de silicone | BrancoCorDourado<\/p>\n","protected":false},"featured_media":7627,"comment_status":"open","ping_status":"closed","template":"","meta":{"om_disable_all_campaigns":false,"_uf_show_specific_survey":0,"_uf_disable_surveys":false},"pwb-brand":[],"product_cat":[187,39,47,72],"product_tag":[],"class_list":{"0":"post-6295","1":"product","2":"type-product","3":"status-publish","4":"has-post-thumbnail","6":"product_cat-novidades","7":"product_cat-celulares-tablets","8":"product_cat-relogio","9":"product_cat-smartwatch","11":"first","12":"instock","13":"sale","14":"taxable","15":"shipping-taxable","16":"purchasable","17":"product-type-simple"},"aioseo_notices":[],"jetpack_sharing_enabled":true,"brands":[],"_links":{"self":[{"href":"https:\/\/mixshoppjc.com\/index.php?rest_route=\/wp\/v2\/product\/6295","targetHints":{"allow":["GET"]}}],"collection":[{"href":"https:\/\/mixshoppjc.com\/index.php?rest_route=\/wp\/v2\/product"}],"about":[{"href":"https:\/\/mixshoppjc.com\/index.php?rest_route=\/wp\/v2\/types\/product"}],"replies":[{"embeddable":true,"href":"https:\/\/mixshoppjc.com\/index.php?rest_route=%2Fwp%2Fv2%2Fcomments&post=6295"}],"wp:featuredmedia":[{"embeddable":true,"href":"https:\/\/mixshoppjc.com\/index.php?rest_route=\/wp\/v2\/media\/7627"}],"wp:attachment":[{"href":"https:\/\/mixshoppjc.com\/index.php?rest_route=%2Fwp%2Fv2%2Fmedia&parent=6295"}],"wp:term":[{"taxonomy":"pwb-brand","embeddable":true,"href":"https:\/\/mixshoppjc.com\/index.php?rest_route=%2Fwp%2Fv2%2Fpwb-brand&post=6295"},{"taxonomy":"product_cat","embeddable":true,"href":"https:\/\/mixshoppjc.com\/index.php?rest_route=%2Fwp%2Fv2%2Fproduct_cat&post=6295"},{"taxonomy":"product_tag","embeddable":true,"href":"https:\/\/mixshoppjc.com\/index.php?rest_route=%2Fwp%2Fv2%2Fproduct_tag&post=6295"}],"curies":[{"name":"wp","href":"https:\/\/api.w.org\/{rel}","templated":true}]}}