{"id":6293,"date":"2024-02-16T17:27:52","date_gmt":"2024-02-16T20:27:52","guid":{"rendered":"https:\/\/mixshoppjc.com\/index.php\/product\/produto-3704\/"},"modified":"2024-03-08T14:40:06","modified_gmt":"2024-03-08T17:40:06","slug":"produto-3704","status":"publish","type":"product","link":"https:\/\/mixshoppjc.com\/?product=produto-3704","title":{"rendered":"Smartband Xiaomi Smart Band 8 Active M2302B1 &#8211; Rosa"},"content":{"rendered":"<p><strong>Modelo<\/strong>8 Active<br \/><strong>Tipo de tela<\/strong>TFT<br \/><strong>Compatibilidade<\/strong>Android | iOS<br \/><strong>Conectividade wireless<\/strong>Bluetooth 5.1<br \/><strong>Monitoramento de sa\u00fade<\/strong>Sim<br \/><strong>Resist\u00eancia \u00e0 \u00e1gua<\/strong>5 ATM<br \/><strong>Bateria<\/strong>210 mAh<br \/><strong>Autonomia da bateria<\/strong>14 dias<br \/><strong>Pulseira<\/strong>TPU<br \/><strong>Cor<\/strong>Rosa<br \/><strong>Peso bruto<\/strong>26,4 g<\/p>\n","protected":false},"excerpt":{"rendered":"<p>Modelo8 ActiveTipo de telaTFTCompatibilidadeAndroid | iOSConectividade wirelessBluetooth 5.1Monitoramento de sa\u00fadeSimResist\u00eancia \u00e0 \u00e1gua5 ATMBateria210 mAhAutonomia da bateria14 diasPulseiraTPUCorRosaPeso bruto26,4 g<\/p>\n","protected":false},"featured_media":7641,"comment_status":"open","ping_status":"closed","template":"","meta":{"om_disable_all_campaigns":false,"_uf_show_specific_survey":0,"_uf_disable_surveys":false},"pwb-brand":[93],"product_cat":[187,39,47,71,72],"product_tag":[190,189],"class_list":{"0":"post-6293","1":"product","2":"type-product","3":"status-publish","4":"has-post-thumbnail","6":"pwb-brand-xiaomi","7":"product_cat-novidades","8":"product_cat-celulares-tablets","9":"product_cat-relogio","10":"product_cat-pulseiras","11":"product_cat-smartwatch","12":"product_tag-relogio-pulseiras","13":"product_tag-smart-watch","15":"first","16":"instock","17":"sale","18":"taxable","19":"shipping-taxable","20":"purchasable","21":"product-type-simple"},"aioseo_notices":[],"jetpack_sharing_enabled":true,"brands":[{"id":93,"name":"Xiaomi","slug":"xiaomi"}],"_links":{"self":[{"href":"https:\/\/mixshoppjc.com\/index.php?rest_route=\/wp\/v2\/product\/6293","targetHints":{"allow":["GET"]}}],"collection":[{"href":"https:\/\/mixshoppjc.com\/index.php?rest_route=\/wp\/v2\/product"}],"about":[{"href":"https:\/\/mixshoppjc.com\/index.php?rest_route=\/wp\/v2\/types\/product"}],"replies":[{"embeddable":true,"href":"https:\/\/mixshoppjc.com\/index.php?rest_route=%2Fwp%2Fv2%2Fcomments&post=6293"}],"wp:featuredmedia":[{"embeddable":true,"href":"https:\/\/mixshoppjc.com\/index.php?rest_route=\/wp\/v2\/media\/7641"}],"wp:attachment":[{"href":"https:\/\/mixshoppjc.com\/index.php?rest_route=%2Fwp%2Fv2%2Fmedia&parent=6293"}],"wp:term":[{"taxonomy":"pwb-brand","embeddable":true,"href":"https:\/\/mixshoppjc.com\/index.php?rest_route=%2Fwp%2Fv2%2Fpwb-brand&post=6293"},{"taxonomy":"product_cat","embeddable":true,"href":"https:\/\/mixshoppjc.com\/index.php?rest_route=%2Fwp%2Fv2%2Fproduct_cat&post=6293"},{"taxonomy":"product_tag","embeddable":true,"href":"https:\/\/mixshoppjc.com\/index.php?rest_route=%2Fwp%2Fv2%2Fproduct_tag&post=6293"}],"curies":[{"name":"wp","href":"https:\/\/api.w.org\/{rel}","templated":true}]}}