{"id":6291,"date":"2024-02-16T17:27:49","date_gmt":"2024-02-16T20:27:49","guid":{"rendered":"https:\/\/mixshoppjc.com\/index.php\/product\/produto-3702\/"},"modified":"2024-03-08T14:48:10","modified_gmt":"2024-03-08T17:48:10","slug":"produto-3702","status":"publish","type":"product","link":"https:\/\/mixshoppjc.com\/?product=produto-3702","title":{"rendered":"Smartwatch Xiaomi Redmi Watch 3 Active M2235W1 &#8211; Preto"},"content":{"rendered":"<p><strong>Modelo<\/strong>Redmi Watch 3 Active<br \/><strong>Tipo de tela<\/strong>LCD de 1,83&#8243;<br \/><strong>Compatibilidade<\/strong>ompat\u00edvel com smartphones com Android 6.0 ou iOS 12.0 e superior<br \/><strong>Conectividade wireless<\/strong>Bluetooth 5.3<br \/><strong>Chamadas<\/strong>Sim<br \/><strong>Notifica\u00e7\u00f5es de mensagens<\/strong>Sim<br \/><strong>Monitoramento de sa\u00fade<\/strong>Sensor de frequ\u00eancia card\u00edaca (com sensor de oxig\u00eanio no sangue) | Aceler\u00f4metro<br \/><strong>Resist\u00eancia \u00e0 \u00e1gua<\/strong>5 ATM<br \/><strong>Autonomia da bateria<\/strong>Tempo normal de uso: 12 dias | Tempo de uso intensivo: 8 dias<br \/><strong>Cor<\/strong>Preto<\/p>\n","protected":false},"excerpt":{"rendered":"<p>ModeloRedmi Watch 3 ActiveTipo de telaLCD de 1,83&#8243;Compatibilidadeompat\u00edvel com smartphones com Android 6.0 ou iOS 12.0 e superiorConectividade wirelessBluetooth 5.3ChamadasSimNotifica\u00e7\u00f5es de mensagensSimMonitoramento de sa\u00fadeSensor de frequ\u00eancia card\u00edaca (com sensor de oxig\u00eanio no sangue) | Aceler\u00f4metroResist\u00eancia \u00e0 \u00e1gua5 ATMAutonomia da bateriaTempo normal de uso: 12 dias | Tempo de uso intensivo: 8 diasCorPreto<\/p>\n","protected":false},"featured_media":7643,"comment_status":"open","ping_status":"closed","template":"","meta":{"om_disable_all_campaigns":false,"_uf_show_specific_survey":0,"_uf_disable_surveys":false},"pwb-brand":[],"product_cat":[39,47,72],"product_tag":[],"class_list":{"0":"post-6291","1":"product","2":"type-product","3":"status-publish","4":"has-post-thumbnail","6":"product_cat-celulares-tablets","7":"product_cat-relogio","8":"product_cat-smartwatch","10":"first","11":"instock","12":"sale","13":"taxable","14":"shipping-taxable","15":"purchasable","16":"product-type-simple"},"aioseo_notices":[],"jetpack_sharing_enabled":true,"brands":[],"_links":{"self":[{"href":"https:\/\/mixshoppjc.com\/index.php?rest_route=\/wp\/v2\/product\/6291","targetHints":{"allow":["GET"]}}],"collection":[{"href":"https:\/\/mixshoppjc.com\/index.php?rest_route=\/wp\/v2\/product"}],"about":[{"href":"https:\/\/mixshoppjc.com\/index.php?rest_route=\/wp\/v2\/types\/product"}],"replies":[{"embeddable":true,"href":"https:\/\/mixshoppjc.com\/index.php?rest_route=%2Fwp%2Fv2%2Fcomments&post=6291"}],"wp:featuredmedia":[{"embeddable":true,"href":"https:\/\/mixshoppjc.com\/index.php?rest_route=\/wp\/v2\/media\/7643"}],"wp:attachment":[{"href":"https:\/\/mixshoppjc.com\/index.php?rest_route=%2Fwp%2Fv2%2Fmedia&parent=6291"}],"wp:term":[{"taxonomy":"pwb-brand","embeddable":true,"href":"https:\/\/mixshoppjc.com\/index.php?rest_route=%2Fwp%2Fv2%2Fpwb-brand&post=6291"},{"taxonomy":"product_cat","embeddable":true,"href":"https:\/\/mixshoppjc.com\/index.php?rest_route=%2Fwp%2Fv2%2Fproduct_cat&post=6291"},{"taxonomy":"product_tag","embeddable":true,"href":"https:\/\/mixshoppjc.com\/index.php?rest_route=%2Fwp%2Fv2%2Fproduct_tag&post=6291"}],"curies":[{"name":"wp","href":"https:\/\/api.w.org\/{rel}","templated":true}]}}