{"id":6289,"date":"2024-02-16T17:27:46","date_gmt":"2024-02-16T20:27:46","guid":{"rendered":"https:\/\/mixshoppjc.com\/index.php\/product\/produto-3700\/"},"modified":"2024-03-08T15:05:48","modified_gmt":"2024-03-08T18:05:48","slug":"produto-3700","status":"publish","type":"product","link":"https:\/\/mixshoppjc.com\/?product=produto-3700","title":{"rendered":"ProdutoTeclado Satellite Ak-840 RGB \/ USB \/ Portugu\u00eas &#821..."},"content":{"rendered":"<p><strong>Modelo<\/strong>AK-840<br \/><strong>Tipo de conex\u00e3o<\/strong>Com fio<br \/><strong>Interface<\/strong>USB<br \/><strong>Mec\u00e2nico<\/strong>N\u00e3o<br \/><strong>Ilumina\u00e7\u00e3o<\/strong>RGB Chroma<br \/><strong>Layout<\/strong>Portugu\u00eas<br \/><strong>Compatibilidade<\/strong>Windows | Mac | Linux<br \/><strong>Tamanho do cabo<\/strong>1,80 m<br \/><strong>Descanso de pulso<\/strong>N\u00e3o<br \/><strong>Cor<\/strong>Preto<br \/><strong>Peso bruto<\/strong>761 g<br \/><strong>Dimens\u00f5es<\/strong>465 x 175 x 30 mm<\/p>\n","protected":false},"excerpt":{"rendered":"<p>ModeloAK-840Tipo de conex\u00e3oCom fioInterfaceUSBMec\u00e2nicoN\u00e3oIlumina\u00e7\u00e3oRGB ChromaLayoutPortugu\u00easCompatibilidadeWindows | Mac | LinuxTamanho do cabo1,80 mDescanso de pulsoN\u00e3oCorPretoPeso bruto761 gDimens\u00f5es465 x 175 x 30 mm<\/p>\n","protected":false},"featured_media":7648,"comment_status":"open","ping_status":"closed","template":"","meta":{"om_disable_all_campaigns":false,"_uf_show_specific_survey":0,"_uf_disable_surveys":false},"pwb-brand":[],"product_cat":[187,39,44,79,80,81],"product_tag":[],"class_list":{"0":"post-6289","1":"product","2":"type-product","3":"status-publish","4":"has-post-thumbnail","6":"product_cat-novidades","7":"product_cat-celulares-tablets","8":"product_cat-informatica","9":"product_cat-perifericos","10":"product_cat-teclados","11":"product_cat-teclado-com-fio","13":"first","14":"instock","15":"sale","16":"taxable","17":"shipping-taxable","18":"purchasable","19":"product-type-simple"},"aioseo_notices":[],"jetpack_sharing_enabled":true,"brands":[],"_links":{"self":[{"href":"https:\/\/mixshoppjc.com\/index.php?rest_route=\/wp\/v2\/product\/6289","targetHints":{"allow":["GET"]}}],"collection":[{"href":"https:\/\/mixshoppjc.com\/index.php?rest_route=\/wp\/v2\/product"}],"about":[{"href":"https:\/\/mixshoppjc.com\/index.php?rest_route=\/wp\/v2\/types\/product"}],"replies":[{"embeddable":true,"href":"https:\/\/mixshoppjc.com\/index.php?rest_route=%2Fwp%2Fv2%2Fcomments&post=6289"}],"wp:featuredmedia":[{"embeddable":true,"href":"https:\/\/mixshoppjc.com\/index.php?rest_route=\/wp\/v2\/media\/7648"}],"wp:attachment":[{"href":"https:\/\/mixshoppjc.com\/index.php?rest_route=%2Fwp%2Fv2%2Fmedia&parent=6289"}],"wp:term":[{"taxonomy":"pwb-brand","embeddable":true,"href":"https:\/\/mixshoppjc.com\/index.php?rest_route=%2Fwp%2Fv2%2Fpwb-brand&post=6289"},{"taxonomy":"product_cat","embeddable":true,"href":"https:\/\/mixshoppjc.com\/index.php?rest_route=%2Fwp%2Fv2%2Fproduct_cat&post=6289"},{"taxonomy":"product_tag","embeddable":true,"href":"https:\/\/mixshoppjc.com\/index.php?rest_route=%2Fwp%2Fv2%2Fproduct_tag&post=6289"}],"curies":[{"name":"wp","href":"https:\/\/api.w.org\/{rel}","templated":true}]}}