{"id":6287,"date":"2024-02-16T17:27:43","date_gmt":"2024-02-16T20:27:43","guid":{"rendered":"https:\/\/mixshoppjc.com\/index.php\/product\/produto-3698\/"},"modified":"2024-03-08T15:11:52","modified_gmt":"2024-03-08T18:11:52","slug":"produto-3698","status":"publish","type":"product","link":"https:\/\/mixshoppjc.com\/?product=produto-3698","title":{"rendered":"Kit Teclado \/ Mouse Satellite AK-75G Sem Fio \/ Port\u00e1vel &#8..."},"content":{"rendered":"<p><strong>Modelo<\/strong>AK-751G<br \/><strong>Tipo de conex\u00e3o<\/strong>Sem fio<br \/><strong>Conectividade<\/strong>Wireless (2.4 Ghz)<br \/><strong>Interface<\/strong>Nano Receptor USB<br \/><strong>Mec\u00e2nico<\/strong>N\u00e3o<br \/><strong>Compatibilidade<\/strong>Windows XP, 98, 2000 | Vista, 7, 8 | Linux | macOs ou vers\u00f5es superiores desses sistemas<br \/><strong>Descanso de pulso<\/strong>N\u00e3o<br \/><strong>Cor<\/strong>Preto<br \/><strong>Recursos<\/strong>Mouse: Sensor \u00d3ptico com resolu\u00e7\u00e3o de 800, 1,200 e 1.600 DPI | Possui 4 Bot\u00f5es no total | Alcance 10m<br \/><strong>Peso bruto<\/strong>507 g<br \/><strong>Dimens\u00f5es<\/strong>49.7 x 4.2 x 15.3 cm<\/p>\n","protected":false},"excerpt":{"rendered":"<p>ModeloAK-751GTipo de conex\u00e3oSem fioConectividadeWireless (2.4 Ghz)InterfaceNano Receptor USBMec\u00e2nicoN\u00e3oCompatibilidadeWindows XP, 98, 2000 | Vista, 7, 8 | Linux | macOs ou vers\u00f5es superiores desses sistemasDescanso de pulsoN\u00e3oCorPretoRecursosMouse: Sensor \u00d3ptico com resolu\u00e7\u00e3o de 800, 1,200 e 1.600 DPI | Possui 4 Bot\u00f5es no total | Alcance 10mPeso bruto507 gDimens\u00f5es49.7 x 4.2 x 15.3 cm<\/p>\n","protected":false},"featured_media":7651,"comment_status":"open","ping_status":"closed","template":"","meta":{"om_disable_all_campaigns":false,"_uf_show_specific_survey":0,"_uf_disable_surveys":false},"pwb-brand":[],"product_cat":[39,44,79,86,80,82,34],"product_tag":[],"class_list":{"0":"post-6287","1":"product","2":"type-product","3":"status-publish","4":"has-post-thumbnail","6":"product_cat-celulares-tablets","7":"product_cat-informatica","8":"product_cat-perifericos","9":"product_cat-mouse-sem-fio","10":"product_cat-teclados","11":"product_cat-teclado-sem-fio","12":"product_cat-audio-automotivo","14":"first","15":"instock","16":"sale","17":"taxable","18":"shipping-taxable","19":"purchasable","20":"product-type-simple"},"aioseo_notices":[],"jetpack_sharing_enabled":true,"brands":[],"_links":{"self":[{"href":"https:\/\/mixshoppjc.com\/index.php?rest_route=\/wp\/v2\/product\/6287","targetHints":{"allow":["GET"]}}],"collection":[{"href":"https:\/\/mixshoppjc.com\/index.php?rest_route=\/wp\/v2\/product"}],"about":[{"href":"https:\/\/mixshoppjc.com\/index.php?rest_route=\/wp\/v2\/types\/product"}],"replies":[{"embeddable":true,"href":"https:\/\/mixshoppjc.com\/index.php?rest_route=%2Fwp%2Fv2%2Fcomments&post=6287"}],"wp:featuredmedia":[{"embeddable":true,"href":"https:\/\/mixshoppjc.com\/index.php?rest_route=\/wp\/v2\/media\/7651"}],"wp:attachment":[{"href":"https:\/\/mixshoppjc.com\/index.php?rest_route=%2Fwp%2Fv2%2Fmedia&parent=6287"}],"wp:term":[{"taxonomy":"pwb-brand","embeddable":true,"href":"https:\/\/mixshoppjc.com\/index.php?rest_route=%2Fwp%2Fv2%2Fpwb-brand&post=6287"},{"taxonomy":"product_cat","embeddable":true,"href":"https:\/\/mixshoppjc.com\/index.php?rest_route=%2Fwp%2Fv2%2Fproduct_cat&post=6287"},{"taxonomy":"product_tag","embeddable":true,"href":"https:\/\/mixshoppjc.com\/index.php?rest_route=%2Fwp%2Fv2%2Fproduct_tag&post=6287"}],"curies":[{"name":"wp","href":"https:\/\/api.w.org\/{rel}","templated":true}]}}