{"id":6285,"date":"2024-02-16T17:27:41","date_gmt":"2024-02-16T20:27:41","guid":{"rendered":"https:\/\/mixshoppjc.com\/index.php\/product\/produto-3696\/"},"modified":"2024-03-08T15:17:11","modified_gmt":"2024-03-08T18:17:11","slug":"produto-3696","status":"publish","type":"product","link":"https:\/\/mixshoppjc.com\/?product=produto-3696","title":{"rendered":"Teclado Satellite AK-837 USB Multi\/ Light Portable &#8211; P..."},"content":{"rendered":"<p><strong>Modelo<\/strong>AK-837<br \/><strong>Tipo de conex\u00e3o<\/strong>Com fio<br \/><strong>Conectividade<\/strong>USB<br \/><strong>Compatibilidade<\/strong>Sistema operacional Android, Linux, Vista, Windows XP, 7, 8, Windows 10<br \/><strong>Tamanho do cabo<\/strong>1.8 m<br \/><strong>Cor<\/strong>Preto<br \/><strong>Observa\u00e7\u00f5es<\/strong>Portugues<br \/><strong>Peso bruto<\/strong>944 g<br \/><strong>Dimens\u00f5es<\/strong>47.5 x 20 x 3.9<\/p>\n","protected":false},"excerpt":{"rendered":"<p>ModeloAK-837Tipo de conex\u00e3oCom fioConectividadeUSBCompatibilidadeSistema operacional Android, Linux, Vista, Windows XP, 7, 8, Windows 10Tamanho do cabo1.8 mCorPretoObserva\u00e7\u00f5esPortuguesPeso bruto944 gDimens\u00f5es47.5 x 20 x 3.9<\/p>\n","protected":false},"featured_media":7655,"comment_status":"open","ping_status":"closed","template":"","meta":{"om_disable_all_campaigns":false,"_uf_show_specific_survey":0,"_uf_disable_surveys":false},"pwb-brand":[],"product_cat":[39,44,79,80,81],"product_tag":[],"class_list":{"0":"post-6285","1":"product","2":"type-product","3":"status-publish","4":"has-post-thumbnail","6":"product_cat-celulares-tablets","7":"product_cat-informatica","8":"product_cat-perifericos","9":"product_cat-teclados","10":"product_cat-teclado-com-fio","12":"first","13":"instock","14":"sale","15":"taxable","16":"shipping-taxable","17":"purchasable","18":"product-type-simple"},"aioseo_notices":[],"jetpack_sharing_enabled":true,"brands":[],"_links":{"self":[{"href":"https:\/\/mixshoppjc.com\/index.php?rest_route=\/wp\/v2\/product\/6285","targetHints":{"allow":["GET"]}}],"collection":[{"href":"https:\/\/mixshoppjc.com\/index.php?rest_route=\/wp\/v2\/product"}],"about":[{"href":"https:\/\/mixshoppjc.com\/index.php?rest_route=\/wp\/v2\/types\/product"}],"replies":[{"embeddable":true,"href":"https:\/\/mixshoppjc.com\/index.php?rest_route=%2Fwp%2Fv2%2Fcomments&post=6285"}],"wp:featuredmedia":[{"embeddable":true,"href":"https:\/\/mixshoppjc.com\/index.php?rest_route=\/wp\/v2\/media\/7655"}],"wp:attachment":[{"href":"https:\/\/mixshoppjc.com\/index.php?rest_route=%2Fwp%2Fv2%2Fmedia&parent=6285"}],"wp:term":[{"taxonomy":"pwb-brand","embeddable":true,"href":"https:\/\/mixshoppjc.com\/index.php?rest_route=%2Fwp%2Fv2%2Fpwb-brand&post=6285"},{"taxonomy":"product_cat","embeddable":true,"href":"https:\/\/mixshoppjc.com\/index.php?rest_route=%2Fwp%2Fv2%2Fproduct_cat&post=6285"},{"taxonomy":"product_tag","embeddable":true,"href":"https:\/\/mixshoppjc.com\/index.php?rest_route=%2Fwp%2Fv2%2Fproduct_tag&post=6285"}],"curies":[{"name":"wp","href":"https:\/\/api.w.org\/{rel}","templated":true}]}}